{"id":31955,"date":"2023-12-19T23:09:30","date_gmt":"2023-12-19T23:09:30","guid":{"rendered":"https:\/\/e.kosmolat.eu\/product\/me-too-vannas-putas-lavanda-vanila-un-apels-ziedi-1-l\/"},"modified":"2026-04-23T09:15:10","modified_gmt":"2026-04-23T09:15:10","slug":"me-too-vannas-putas-lavanda-vanila-un-apels-ziedi-1-l","status":"publish","type":"product","link":"https:\/\/e.kosmolat.eu\/lt\/produktas\/me-too-vannas-putas-lavanda-vanila-un-apels-ziedi-1-l\/","title":{"rendered":"ME TOO Vonios putos Levandos, vanil\u0117 ir apelsin\u0173 \u017eiedai, 1 l"},"content":{"rendered":"<p>&Scaron;velnios putos su levand\u0173, vanil\u0117s ir apelsin\u0173 \u017eied\u0173 aromatu maudym\u0105si pavers tikru malonumu. Specialiai sukurta formul\u0117 idealiai tinka kasdieniam naudojimui. Putos &scaron;velniai valo ir tausojan\u010diai r\u016bpinasi oda, apgaubdamos J\u016bs\u0173 k\u016bn\u0105 maloniu aromatu.<\/p>\n","protected":false},"excerpt":{"rendered":"<p>&Scaron;velnios putos su levand\u0173, vanil\u0117s ir apelsin\u0173 \u017eied\u0173 aromatu maudym\u0105si pavers tikru malonumu. Specialiai sukurta formul\u0117 idealiai tinka kasdieniam naudojimui. Putos &scaron;velniai valo ir tausojan\u010diai r\u016bpinasi oda, apgaubdamos J\u016bs\u0173 k\u016bn\u0105 maloniu aromatu.<\/p>\n","protected":false},"featured_media":90458,"template":"","meta":[],"product_cat":[2181],"product_tag":[],"class_list":{"0":"post-31955","1":"product","2":"type-product","3":"status-publish","4":"has-post-thumbnail","6":"product_brand-vento_cz-lt","7":"product_cat-bez-kategorijas-lt","9":"first","10":"instock","11":"taxable","12":"shipping-taxable","13":"product-type-simple"},"_links":{"self":[{"href":"https:\/\/e.kosmolat.eu\/lt\/wp-json\/wp\/v2\/product\/31955","targetHints":{"allow":["GET"]}}],"collection":[{"href":"https:\/\/e.kosmolat.eu\/lt\/wp-json\/wp\/v2\/product"}],"about":[{"href":"https:\/\/e.kosmolat.eu\/lt\/wp-json\/wp\/v2\/types\/product"}],"wp:featuredmedia":[{"embeddable":true,"href":"https:\/\/e.kosmolat.eu\/lt\/wp-json\/wp\/v2\/media\/90458"}],"wp:attachment":[{"href":"https:\/\/e.kosmolat.eu\/lt\/wp-json\/wp\/v2\/media?parent=31955"}],"wp:term":[{"taxonomy":"product_cat","embeddable":true,"href":"https:\/\/e.kosmolat.eu\/lt\/wp-json\/wp\/v2\/product_cat?post=31955"},{"taxonomy":"product_tag","embeddable":true,"href":"https:\/\/e.kosmolat.eu\/lt\/wp-json\/wp\/v2\/product_tag?post=31955"}],"curies":[{"name":"wp","href":"https:\/\/api.w.org\/{rel}","templated":true}]}}