{"id":31951,"date":"2023-12-19T23:09:03","date_gmt":"2023-12-19T23:09:03","guid":{"rendered":"https:\/\/e.kosmolat.eu\/product\/me-too-vannas-putas-juras-sals-un-citronzale-1-l\/"},"modified":"2026-04-21T09:50:42","modified_gmt":"2026-04-21T09:50:42","slug":"me-too-vannas-putas-juras-sals-un-citronzale-1-l","status":"publish","type":"product","link":"https:\/\/e.kosmolat.eu\/lt\/produktas\/me-too-vannas-putas-juras-sals-un-citronzale-1-l\/","title":{"rendered":"ME TOO Vonios putos J\u016bros druska ir citrin\u017eol\u0117s, 1 l"},"content":{"rendered":"<p>&Scaron;velnios putos su j\u016bros druskos ir citrin\u017eoli\u0173 aromatu maudym\u0105si vonioje pavers tikru malonumu. Specialiai sukurta formul\u0117 idealiai tinka kasdieniam naudojimui. Putos &scaron;velniai valo ir Tausojan\u010diai r\u016bpinasi oda, apgaubdamos J\u016bs\u0173 k\u016bn\u0105 maloniu aromatu.<\/p>\n","protected":false},"excerpt":{"rendered":"<p>&Scaron;velnios putos su j\u016bros druskos ir citrin\u017eoli\u0173 aromatu maudym\u0105si vonioje pavers tikru malonumu. Specialiai sukurta formul\u0117 idealiai tinka kasdieniam naudojimui. Putos &scaron;velniai valo ir Tausojan\u010diai r\u016bpinasi oda, apgaubdamos J\u016bs\u0173 k\u016bn\u0105 maloniu aromatu.<\/p>\n","protected":false},"featured_media":90454,"template":"","meta":[],"product_cat":[1612],"product_tag":[],"class_list":{"0":"post-31951","1":"product","2":"type-product","3":"status-publish","4":"has-post-thumbnail","6":"product_brand-vento_cz-lt","7":"product_cat-putos-druska-vonios-bombos","9":"first","10":"instock","11":"taxable","12":"shipping-taxable","13":"product-type-simple"},"_links":{"self":[{"href":"https:\/\/e.kosmolat.eu\/lt\/wp-json\/wp\/v2\/product\/31951","targetHints":{"allow":["GET"]}}],"collection":[{"href":"https:\/\/e.kosmolat.eu\/lt\/wp-json\/wp\/v2\/product"}],"about":[{"href":"https:\/\/e.kosmolat.eu\/lt\/wp-json\/wp\/v2\/types\/product"}],"wp:featuredmedia":[{"embeddable":true,"href":"https:\/\/e.kosmolat.eu\/lt\/wp-json\/wp\/v2\/media\/90454"}],"wp:attachment":[{"href":"https:\/\/e.kosmolat.eu\/lt\/wp-json\/wp\/v2\/media?parent=31951"}],"wp:term":[{"taxonomy":"product_cat","embeddable":true,"href":"https:\/\/e.kosmolat.eu\/lt\/wp-json\/wp\/v2\/product_cat?post=31951"},{"taxonomy":"product_tag","embeddable":true,"href":"https:\/\/e.kosmolat.eu\/lt\/wp-json\/wp\/v2\/product_tag?post=31951"}],"curies":[{"name":"wp","href":"https:\/\/api.w.org\/{rel}","templated":true}]}}