{"id":31923,"date":"2023-12-19T23:05:30","date_gmt":"2023-12-19T23:05:30","guid":{"rendered":"https:\/\/e.kosmolat.eu\/product\/master-lux-prof-tonejosa-matu-maska-tonis-00-bezkrasains-200-ml\/"},"modified":"2026-04-11T18:30:02","modified_gmt":"2026-04-11T18:30:02","slug":"i_master-lux-prof-tonejosa-matu-maska-tonis-00-bezkrasains-200-ml","status":"publish","type":"product","link":"https:\/\/e.kosmolat.eu\/lt\/produktas\/i_master-lux-prof-tonejosa-matu-maska-tonis-00-bezkrasains-200-ml\/","title":{"rendered":"MASTER LUX Professional plauk\u0173 kauk\u0117, tonas 00, Bespalvis, 200 ml"},"content":{"rendered":"<p>Bespalv\u0117 kauk\u0117, skirta suma\u017einti MASTER LUX profesionali\u0173 tonuojan\u010di\u0173 kauki\u0173 spalvos intensyvum\u0105 ir sukurti naujus pastelinius atspalvius. Mai&scaron;ymo proporcija priklauso nuo norimo spalvos sodrumo lygio.<\/p>\n<p><strong>NAUDOJIMAS:<\/strong> M\u016bv\u0117kite pir&scaron;tines. Kruop&scaron;\u010diai sumai&scaron;ykite bespalv\u0119 kauk\u0119 su tonuojan\u010dia kauke. Tonuojan\u010di\u0105 kauk\u0119 u\u017etepkite ant i&scaron;plaut\u0173, rank&scaron;luos\u010diu nusausint\u0173 plauk\u0173. &Scaron;ukomis tolygiai paskirstykite per vis\u0105 ilg\u012f. Ekspozicijos laikas yra 5-20 minu\u010di\u0173, priklausomai nuo norimo atspalvio intensyvumo. Nuplaukite vandeniu.<\/p>\n<p><strong>ATSARGUMO PRIEMON\u0116S:<\/strong> atid\u017eiai perskaitykite naudojimo instrukcij\u0105. Nerekomenduojama jaunesniems nei 16 met\u0173 asmenims. Gali pasireik&scaron;ti alergin\u0117 reakcija. Laikinos juodosios chna tatuiruot\u0117s padidina alergin\u0117s reakcijos rizik\u0105. Nor\u0117dami atlikti jautrumo test\u0105, nedidel\u012f kiek\u012f plonu sluoksniu u\u017etepkite ant vidin\u0117s alk\u016bn\u0117s pus\u0117s ir palikite 30 minu\u010di\u0173. Kruop&scaron;\u010diai nuplaukite mi&scaron;in\u012f &scaron;iltu vandeniu. Jei bandymo metu arba per 24 valandas atsiranda reakcija, &scaron;io gaminio nenaudokite. Nenaudoti, jei: i&scaron;b\u0117r\u0117 veid\u0105, jautri, pa\u017eeista, sudirgusi galvos oda, jau buvo pasirei&scaron;kusi alergini\u0173 reakcij\u0173 po da\u017eymo ar laikina. juodos chna tatuiruot\u0117s. Vengti patekimo \u012f akis! Patekus \u012f akis, nedelsiant jas praplauti vandeniu.<\/p>\n<p><strong>LAIKYMO S\u0104LYGOS:<\/strong> Laikyti nuo +5&deg;C iki +25&deg;C temperat\u016broje. Laikymo metu produktas neturi b\u016bti veikiamas tiesiogini\u0173 saul\u0117s spinduli\u0173. Neleid\u017eiama produkto laikyti ma\u017eesniu nei 0,5 m atstumu nuo \u012fjungt\u0173 &scaron;ildymo prietais\u0173. Laikyti vaikams nepasiekiamoje vietoje Tu&scaron;\u010dias pakuotes i&scaron;meskite kaip buitines atliekas.<br \/>\n&nbsp;<\/p>\n","protected":false},"excerpt":{"rendered":"<p>Bespalv\u0117 kauk\u0117, skirta suma\u017einti MASTER LUX profesionali\u0173 tonuojan\u010di\u0173 kauki\u0173 spalvos intensyvum\u0105 ir sukurti naujus pastelinius atspalvius. Mai&scaron;ymo proporcija priklauso nuo norimo spalvos sodrumo lygio. NAUDOJIMAS: M\u016bv\u0117kite pir&scaron;tines. Kruop&scaron;\u010diai sumai&scaron;ykite bespalv\u0119 kauk\u0119 su tonuojan\u010dia kauke. Tonuojan\u010di\u0105 kauk\u0119 u\u017etepkite ant i&scaron;plaut\u0173, rank&scaron;luos\u010diu nusausint\u0173 plauk\u0173. &Scaron;ukomis tolygiai paskirstykite per vis\u0105 ilg\u012f. Ekspozicijos laikas yra 5-20 minu\u010di\u0173, priklausomai nuo [&#8230;]\n","protected":false},"featured_media":89966,"template":"","meta":[],"product_cat":[1299],"product_tag":[],"class_list":{"0":"post-31923","1":"product","2":"type-product","3":"status-publish","4":"has-post-thumbnail","6":"product_brand-sale-lt","7":"product_cat-tonizuojancios-priemones-plaukams","9":"first","10":"instock","11":"taxable","12":"shipping-taxable","13":"product-type-simple"},"_links":{"self":[{"href":"https:\/\/e.kosmolat.eu\/lt\/wp-json\/wp\/v2\/product\/31923","targetHints":{"allow":["GET"]}}],"collection":[{"href":"https:\/\/e.kosmolat.eu\/lt\/wp-json\/wp\/v2\/product"}],"about":[{"href":"https:\/\/e.kosmolat.eu\/lt\/wp-json\/wp\/v2\/types\/product"}],"wp:featuredmedia":[{"embeddable":true,"href":"https:\/\/e.kosmolat.eu\/lt\/wp-json\/wp\/v2\/media\/89966"}],"wp:attachment":[{"href":"https:\/\/e.kosmolat.eu\/lt\/wp-json\/wp\/v2\/media?parent=31923"}],"wp:term":[{"taxonomy":"product_cat","embeddable":true,"href":"https:\/\/e.kosmolat.eu\/lt\/wp-json\/wp\/v2\/product_cat?post=31923"},{"taxonomy":"product_tag","embeddable":true,"href":"https:\/\/e.kosmolat.eu\/lt\/wp-json\/wp\/v2\/product_tag?post=31923"}],"curies":[{"name":"wp","href":"https:\/\/api.w.org\/{rel}","templated":true}]}}