{"id":31919,"date":"2023-12-19T23:05:05","date_gmt":"2023-12-19T23:05:05","guid":{"rendered":"https:\/\/e.kosmolat.eu\/product\/favor-matu-krasas-nonemsanas-lidz-2-x-200-ml\/"},"modified":"2026-04-22T11:00:54","modified_gmt":"2026-04-22T11:00:54","slug":"favor-matu-krasas-nonemsanas-lidz-2-x-200-ml","status":"publish","type":"product","link":"https:\/\/e.kosmolat.eu\/lt\/produktas\/favor-matu-krasas-nonemsanas-lidz-2-x-200-ml\/","title":{"rendered":"FAVOR Decolorant plauk\u0173 da\u017e\u0173 valiklis  (2 x 200 ml)"},"content":{"rendered":"<p><strong>TURINYS:<\/strong><br \/>\n&bull; Atkuriantis skystis, 200 ml;<br \/>\n&bull; Aktyvatorius, 200 ml;<br \/>\n&bull; Pir&scaron;tin\u0117s;<br \/>\n&bull; Naudojimo instrukcija.<\/p>\n<p>Dviej\u0173 komponent\u0173 gaminys skirtas daliniam arba visi&scaron;kam oksidacini\u0173 da\u017e\u0173 pa&scaron;alinimui i&scaron; plauk\u0173. Sud\u0117tyje n\u0117ra amoniako ir &scaron;viesinan\u010di\u0173 komponent\u0173. Ne&scaron;viesina plauk\u0173. Nepakei\u010dia standartin\u0117s plauk\u0173 &scaron;viesinimo proced\u016bros. Neveikia nat\u016bralaus plauk\u0173 pigmento. Priemon\u0117 gali pa&scaron;alinti iki 3 ton\u0173 plauk\u0173 da\u017e\u0173.<\/p>\n<p><strong>SVARBU!<\/strong> Da\u017e\u0173 plovimo ant plauk\u0173 rezultatas priklauso nuo ankstesni\u0173 i&scaron; eil\u0117s da\u017eyt\u0173 plauk\u0173 skai\u010diaus ir da\u017e\u0173 susikaupimo ant plauk\u0173 laipsnio.<\/p>\n<p><strong>ATSARGUMO PRIEMON\u0116S:<\/strong><br \/>\n&bull; Prie&scaron; prad\u0117dami proced\u016br\u0105, atid\u017eiai perskaitykite instrukcij\u0105;<br \/>\n&bull; D\u0116MESIO! Produktas gali sukelti sunki\u0105 alergin\u0119 reakcij\u0105. Prie&scaron; naudodami, atlikite odos jautrumo test\u0105.<br \/>\n&bull; Jei turite alergij\u0105, galvos odos u\u017edegim\u0105 ar pa\u017eeist\u0105 plauk\u0173 strukt\u016br\u0105, priemon\u0117s naudoti nerekomenduojama;<br \/>\n&bull; Laikyti vaikams nepasiekiamoje vietoje;<br \/>\n&bull; M\u016bv\u0117kite pir&scaron;tines gerai v\u0117dinamoje vietoje. Venkite kontakto su drabu\u017eiais;<br \/>\n&bull; Venkite patekimo \u012f akis. Patekus \u012f akis, nedelsiant gausiai praplauti vandeniu ir, jei reikia, kreiptis \u012f gydytoj\u0105;<br \/>\n&bull; Naudokite tik patvariems (oksidaciniams) da\u017eams pa&scaron;alinti;<br \/>\n&bull; Jei nesate visi&scaron;kai tikri, kokiais da\u017eais j\u016bs\u0173 plaukai anks\u010diau buvo apdoroti, rekomenduojama atlikti i&scaron;ankstin\u012f vienos plauk\u0173 sruogos test\u0105;<br \/>\n&bull; Prie&scaron; kiekvien\u0105 pakartotin\u012f naudojim\u0105 paruo&scaron;kite nauj\u0105 mi&scaron;inio dal\u012f.<\/p>\n<p><strong>LAIKYMO S\u0104LYGOS:<\/strong> Produkt\u0105 laikyti nuo +5&deg;C iki +25&deg;C temperat\u016broje. Laikymo metu produktas neturi b\u016bti veikiamas tiesiogini\u0173 saul\u0117s spinduli\u0173. Neleid\u017eiama produkto laikyti ma\u017eesniu nei 0,5 m atstumu nuo \u012fjungt\u0173 &scaron;ildymo prietais\u0173. Tu&scaron;\u010dias pakuotes i&scaron;meskite kaip buitines atliekas.<\/p>\n<p><strong>GERIAUSIAS:<\/strong>&nbsp;24 m\u0117nesiai nuo pagaminimo datos.<\/p>\n","protected":false},"excerpt":{"rendered":"<p>TURINYS: &bull; Atkuriantis skystis, 200 ml; &bull; Aktyvatorius, 200 ml; &bull; Pir&scaron;tin\u0117s; &bull; Naudojimo instrukcija. Dviej\u0173 komponent\u0173 gaminys skirtas daliniam arba visi&scaron;kam oksidacini\u0173 da\u017e\u0173 pa&scaron;alinimui i&scaron; plauk\u0173. Sud\u0117tyje n\u0117ra amoniako ir &scaron;viesinan\u010di\u0173 komponent\u0173. Ne&scaron;viesina plauk\u0173. Nepakei\u010dia standartin\u0117s plauk\u0173 &scaron;viesinimo proced\u016bros. Neveikia nat\u016bralaus plauk\u0173 pigmento. Priemon\u0117 gali pa&scaron;alinti iki 3 ton\u0173 plauk\u0173 da\u017e\u0173. SVARBU! Da\u017e\u0173 plovimo [&#8230;]\n","protected":false},"featured_media":89962,"template":"","meta":[],"product_cat":[1663],"product_tag":[],"class_list":{"0":"post-31919","1":"product","2":"type-product","3":"status-publish","4":"has-post-thumbnail","6":"product_brand-supermash_ua-lt","7":"product_cat-priemones-plaukams-sviesinti","9":"first","10":"instock","11":"taxable","12":"shipping-taxable","13":"product-type-simple"},"_links":{"self":[{"href":"https:\/\/e.kosmolat.eu\/lt\/wp-json\/wp\/v2\/product\/31919","targetHints":{"allow":["GET"]}}],"collection":[{"href":"https:\/\/e.kosmolat.eu\/lt\/wp-json\/wp\/v2\/product"}],"about":[{"href":"https:\/\/e.kosmolat.eu\/lt\/wp-json\/wp\/v2\/types\/product"}],"wp:featuredmedia":[{"embeddable":true,"href":"https:\/\/e.kosmolat.eu\/lt\/wp-json\/wp\/v2\/media\/89962"}],"wp:attachment":[{"href":"https:\/\/e.kosmolat.eu\/lt\/wp-json\/wp\/v2\/media?parent=31919"}],"wp:term":[{"taxonomy":"product_cat","embeddable":true,"href":"https:\/\/e.kosmolat.eu\/lt\/wp-json\/wp\/v2\/product_cat?post=31919"},{"taxonomy":"product_tag","embeddable":true,"href":"https:\/\/e.kosmolat.eu\/lt\/wp-json\/wp\/v2\/product_tag?post=31919"}],"curies":[{"name":"wp","href":"https:\/\/api.w.org\/{rel}","templated":true}]}}