{"id":31915,"date":"2023-12-19T23:04:36","date_gmt":"2023-12-19T23:04:36","guid":{"rendered":"https:\/\/e.kosmolat.eu\/product\/leda-style-matu-laka-superfiksaicija-160-ml\/"},"modified":"2026-04-15T14:02:19","modified_gmt":"2026-04-15T14:02:19","slug":"leda-style-matu-laka-superfiksaicija-160-ml","status":"publish","type":"product","link":"https:\/\/e.kosmolat.eu\/lt\/produktas\/leda-style-matu-laka-superfiksaicija-160-ml\/","title":{"rendered":"LEDA STYLE Plauk\u0173 lakas Mega-stiprus fiksavimas, 160 ml"},"content":{"rendered":"<p>Suteikia mega stipr\u0173 fiksavim\u0105, prideda apimties, neapsunkina. Lengva i&scaron;&scaron;ukuoti ir nuplauti.<\/p>\n<p><strong>Naudojimas: <\/strong>purk&scaron;ti laku 30 cm atstumu Nor\u0117dami suteikti apimties, purk&scaron;kite ant plauk\u0173 &scaron;akn\u0173.<\/p>\n<p><strong>Atsargumo priemon\u0117s: <\/strong>Tik i&scaron;oriniam naudojimui. Saugoti nuo tiesiogini\u0173 saul\u0117s spinduli\u0173 ir auk&scaron;tesn\u0117s nei 50&deg;C temperat\u016bros. Nepurk&scaron;kite &scaron;alia atviros liepsnos ar kar&scaron;t\u0173 daikt\u0173. Ne\u012fkv\u0117pkite gar\u0173. Nenukreipkite \u012f veid\u0105. Nenaudoti ant sudirgusios ar pa\u017eeistos odos. Laikyti vaikams nepasiekiamoje vietoje.<\/p>\n<p><strong>Degi!<\/strong> Vengti patekimo \u012f akis. Patekus \u012f akis, nuplaukite jas vandeniu.<\/p>\n<p>Laikyti nuo -5&deg;C iki +30&deg;C temperat\u016broje sandariai u\u017edarytame inde vertikalioje pad\u0117tyje toliau nuo atviros liepsnos ir &scaron;ilumos &scaron;altini\u0173. Tu&scaron;\u010dias pakuotes i&scaron;meskite kaip buitines atliekas.<br \/>\n&nbsp;<\/p>\n","protected":false},"excerpt":{"rendered":"<p>Suteikia mega stipr\u0173 fiksavim\u0105, prideda apimties, neapsunkina. Lengva i&scaron;&scaron;ukuoti ir nuplauti. Naudojimas: purk&scaron;ti laku 30 cm atstumu Nor\u0117dami suteikti apimties, purk&scaron;kite ant plauk\u0173 &scaron;akn\u0173. Atsargumo priemon\u0117s: Tik i&scaron;oriniam naudojimui. Saugoti nuo tiesiogini\u0173 saul\u0117s spinduli\u0173 ir auk&scaron;tesn\u0117s nei 50&deg;C temperat\u016bros. Nepurk&scaron;kite &scaron;alia atviros liepsnos ar kar&scaron;t\u0173 daikt\u0173. Ne\u012fkv\u0117pkite gar\u0173. Nenukreipkite \u012f veid\u0105. Nenaudoti ant sudirgusios ar [&#8230;]\n","protected":false},"featured_media":89958,"template":"","meta":[],"product_cat":[2181],"product_tag":[],"class_list":{"0":"post-31915","1":"product","2":"type-product","3":"status-publish","4":"has-post-thumbnail","6":"product_brand-supermash_ua-lt","7":"product_cat-bez-kategorijas-lt","9":"first","10":"instock","11":"taxable","12":"shipping-taxable","13":"product-type-simple"},"_links":{"self":[{"href":"https:\/\/e.kosmolat.eu\/lt\/wp-json\/wp\/v2\/product\/31915","targetHints":{"allow":["GET"]}}],"collection":[{"href":"https:\/\/e.kosmolat.eu\/lt\/wp-json\/wp\/v2\/product"}],"about":[{"href":"https:\/\/e.kosmolat.eu\/lt\/wp-json\/wp\/v2\/types\/product"}],"wp:featuredmedia":[{"embeddable":true,"href":"https:\/\/e.kosmolat.eu\/lt\/wp-json\/wp\/v2\/media\/89958"}],"wp:attachment":[{"href":"https:\/\/e.kosmolat.eu\/lt\/wp-json\/wp\/v2\/media?parent=31915"}],"wp:term":[{"taxonomy":"product_cat","embeddable":true,"href":"https:\/\/e.kosmolat.eu\/lt\/wp-json\/wp\/v2\/product_cat?post=31915"},{"taxonomy":"product_tag","embeddable":true,"href":"https:\/\/e.kosmolat.eu\/lt\/wp-json\/wp\/v2\/product_tag?post=31915"}],"curies":[{"name":"wp","href":"https:\/\/api.w.org\/{rel}","templated":true}]}}