{"id":31911,"date":"2023-12-19T23:04:13","date_gmt":"2023-12-19T23:04:13","guid":{"rendered":"https:\/\/e.kosmolat.eu\/product\/blondex-super-allant-un-hitoz-matu-balinas-lidz-1x20g-2x25ml-1x15ml\/"},"modified":"2026-04-09T10:37:23","modified_gmt":"2026-04-09T10:37:23","slug":"blondex-super-allant-un-hitoz-matu-balinas-lidz-1x20g-2x25ml-1x15ml","status":"publish","type":"product","link":"https:\/\/e.kosmolat.eu\/lt\/produktas\/blondex-super-allant-un-hitoz-matu-balinas-lidz-1x20g-2x25ml-1x15ml\/","title":{"rendered":"BLONDEX Super Alantoinas ir chitozanas plauk\u0173 \u0161viesinimo priemon\u0117 (1x20g\/2x25ml\/1x15ml)"},"content":{"rendered":"<p><strong>TURINYS:<\/strong><br \/>\n&bull; plauk\u0173 &scaron;viesinimo priemon\u0117, 20 g;<br \/>\n&bull; oksiduojantis kremas 9%, 2 x 25 ml;<br \/>\n&bull; plauk\u0173 balzamas, 15 ml;<br \/>\n&bull; pir&scaron;tin\u0117s;<br \/>\n&bull; naudojimo instrukcijos.<\/p>\n<p><strong>ATSARGUMO PRIEMON\u0116S:<\/strong><br \/>\n&bull; Prie&scaron; prad\u0117dami &scaron;viesinti, atid\u017eiai perskaitykite instrukcijas;<br \/>\n&bull; Prie&scaron; kiekvien\u0105 &scaron;viesinim\u0105, 24 valandas prie&scaron; naudojim\u0105, atlikite odos jautrumo test\u0105, net jei jau naudojote pana&scaron;\u0173 produkt\u0105 anks\u010diau;<br \/>\n&bull; Jei turite alergij\u0105, galvos odos u\u017edegim\u0105 ar pa\u017eeist\u0105 plauk\u0173 strukt\u016br\u0105, priemon\u0117s naudoti nerekomenduojama;<br \/>\n&bull; Darbo metu nenaudokite metalini\u0173 daikt\u0173;<br \/>\n&bull; Venkite patekimo \u012f akis. Patekus \u012f akis, nedelsiant jas praplauti vandeniu;<br \/>\n&bull; Plauk\u0173 &scaron;viesinimas turi b\u016bti atliekamas su pir&scaron;tin\u0117mis;<br \/>\n&bull; Laikyti vaikams nepasiekiamoje vietoje;<br \/>\n&bull; Priemon\u0119 naudokite ne anks\u010diau kaip 2-3 dienas po plauk\u0173 plovimo ir 6-7 dienas po cheminio su&scaron;ukavimo;<br \/>\n&bull; Nenaudokite priemon\u0117s, jei j\u016bs\u0173 plaukai da\u017eyti chna;<br \/>\n&bull; Nenaudoti antakiams ir blakstienoms pa&scaron;viesinti;<br \/>\n&bull; Ne\u012fkv\u0117pkite ir nenurykite produkto;<br \/>\n&bull; Nenaudokite gaminio, jei:<br \/>\n-Jei kada nors patyr\u0117te alergin\u0119 reakcij\u0105 po plauk\u0173 da\u017eymo ar &scaron;viesinimo priemoni\u0173?<br \/>\n&#8211; galvos oda per jautri, pa\u017eeista, sudirgusi, yra \u012fbr\u0117\u017eim\u0173.<br \/>\nOksiduojan\u010diame kreme yra vandenilio peroksido.<\/p>\n<p><strong>ODOS JAUTRUMO TESTAS:<\/strong> Plauk\u0173 &scaron;viesinimo priemon\u0119 sumai&scaron;ykite su oksiduojan\u010diu kremu santykiu 1:2,5, kol gausis vienalyt\u0117 mas\u0117. Nedidel\u012f kiek\u012f plonu sluoksniu u\u017etepkite ant vidin\u0117s alk\u016bn\u0117s pus\u0117s ir palikite 30 minu\u010di\u0173. Kruop&scaron;\u010diai nuplaukite mi&scaron;in\u012f &scaron;iltu vandeniu. Jei bandymo metu arba per 24 valandas atsiranda reakcija, nenaudokite &scaron;io produkto.<\/p>\n<p><strong>&Scaron;VIESINAN\u010cIO &nbsp;MI&Scaron;INIO PARUO&Scaron;IMAS:<\/strong> mi&scaron;in\u012f reikia paruo&scaron;ti prie&scaron; pat naudojim\u0105. M\u016bv\u0117kite pir&scaron;tines. Pakuo\u010di\u0173 turin\u012f su kreminiu oksidatoriumi ir plauk\u0173 &scaron;viesinimo priemone supilkite \u012f nemetalin\u012f ind\u0105, tada mai&scaron;ykite mi&scaron;in\u012f, kol gausis vienalyt\u0117 kremin\u0117 mas\u0117.<\/p>\n<p><strong>PIRMINIS PLAUK\u0172 &Scaron;VIESINIMAS:<\/strong> U\u017edenkite pe\u010dius rank&scaron;luos\u010diu. Paruo&scaron;tu &scaron;viesinamuoju mi&scaron;iniu i&scaron;tepkite sausus, neplautus plaukus, padalindami juos \u012f 1 &ndash; 1,5 cm sruogeles. Nor\u0117dami gauti vienod\u0105 &scaron;viesinim\u0105, atsargiai paskirstykite mi&scaron;in\u012f per vis\u0105 plauk\u0173 ilg\u012f &scaron;ukomis. Bendras &scaron;viesinimo laikas, priklausomai nuo plauk\u0173 strukt\u016bros ir norimo &scaron;viesinimo rezultato, yra 10-45 min.<\/p>\n<p><strong>PAKARTOTINIS &Scaron;VIESINIMAS: <\/strong>&Scaron;viesindami dal\u012f &nbsp;ataugusi\u0173 plauk\u0173, &scaron;viesinamuoju mi&scaron;iniu tepkite tik &scaron;akn\u0173 dal\u012f, sruog\u0105 po sruogos, pagal pasirinkt\u0105 &scaron;viesinimo laipsn\u012f.<\/p>\n<p><strong>&Scaron;VIESINIMO U\u017dBAIGIMAS IR PRIE\u017dI\u016aRA:<\/strong> Baig\u0119 &scaron;viesinti plaukus, kruop&scaron;\u010diai juos i&scaron;skalaukite. &scaron;iltu vandeniu ir tada nuplaukite &scaron;amp\u016bnu. I&scaron;plautus plaukus patepkite Blondex balzamu, kad suteiktum\u0117te plaukams spindesio.<\/p>\n<p><strong>LAIKYMO S\u0104LYGOS:<\/strong> Produkt\u0105 laikykite ne auk&scaron;tesn\u0117je kaip +25 &deg;C temperat\u016broje ir ne auk&scaron;tesn\u0117je kaip 80% oro dr\u0117gm\u0117je. Laikymo metu produktai neturi b\u016bti veikiami tiesiogini\u0173 saul\u0117s spinduli\u0173. Neleid\u017eiama laikyti gamini\u0173 ar\u010diau nei 0,5 m atstumu nuo \u012fjungt\u0173 &scaron;ildymo prietais\u0173. Tu&scaron;\u010dias pakuotes i&scaron;meskite kaip buitines atliekas.<\/p>\n<table border=\"1\" cellpadding=\"1\" cellspacing=\"1\" style=\"width:500px\">\n<tbody>\n<tr>\n<td colspan=\"1\" rowspan=\"2\">Pradin\u0117 plauk\u0173 spalva<\/td>\n<td colspan=\"3\" rowspan=\"1\">Veikimo laikas<\/td>\n<\/tr>\n<tr>\n<td>10-15 min<\/td>\n<td>15-30 min<\/td>\n<td>30-45 min<\/td>\n<\/tr>\n<tr>\n<td>&Scaron;vies\u016bs<\/td>\n<td>&Scaron;vies\u016bs blond<\/td>\n<td>Itin &scaron;vies\u016bs blond<\/td>\n<td>Nerekomenduojama<\/td>\n<\/tr>\n<tr>\n<td>Vidutiniai<\/td>\n<td>Nat\u016bralus blond<\/td>\n<td>&Scaron;vies\u016bs blond<\/td>\n<td>Itin &scaron;vies\u016bs blond<\/td>\n<\/tr>\n<tr>\n<td>Tams\u016bs<\/td>\n<td>1-2 tonais &scaron;viesesni<\/td>\n<td>Nat\u016bralus blond<\/td>\n<td>&Scaron;vies\u016bs blond<\/td>\n<\/tr>\n<\/tbody>\n<\/table>\n<p>\n&nbsp;<\/p>\n","protected":false},"excerpt":{"rendered":"<p>TURINYS: &bull; plauk\u0173 &scaron;viesinimo priemon\u0117, 20 g; &bull; oksiduojantis kremas 9%, 2 x 25 ml; &bull; plauk\u0173 balzamas, 15 ml; &bull; pir&scaron;tin\u0117s; &bull; naudojimo instrukcijos. ATSARGUMO PRIEMON\u0116S: &bull; Prie&scaron; prad\u0117dami &scaron;viesinti, atid\u017eiai perskaitykite instrukcijas; &bull; Prie&scaron; kiekvien\u0105 &scaron;viesinim\u0105, 24 valandas prie&scaron; naudojim\u0105, atlikite odos jautrumo test\u0105, net jei jau naudojote pana&scaron;\u0173 produkt\u0105 anks\u010diau; &bull; Jei [&#8230;]\n","protected":false},"featured_media":89950,"template":"","meta":[],"product_cat":[2181],"product_tag":[],"class_list":{"0":"post-31911","1":"product","2":"type-product","3":"status-publish","4":"has-post-thumbnail","6":"product_brand-supermash_ua-lt","7":"product_cat-bez-kategorijas-lt","9":"first","10":"instock","11":"taxable","12":"shipping-taxable","13":"product-type-simple"},"_links":{"self":[{"href":"https:\/\/e.kosmolat.eu\/lt\/wp-json\/wp\/v2\/product\/31911","targetHints":{"allow":["GET"]}}],"collection":[{"href":"https:\/\/e.kosmolat.eu\/lt\/wp-json\/wp\/v2\/product"}],"about":[{"href":"https:\/\/e.kosmolat.eu\/lt\/wp-json\/wp\/v2\/types\/product"}],"wp:featuredmedia":[{"embeddable":true,"href":"https:\/\/e.kosmolat.eu\/lt\/wp-json\/wp\/v2\/media\/89950"}],"wp:attachment":[{"href":"https:\/\/e.kosmolat.eu\/lt\/wp-json\/wp\/v2\/media?parent=31911"}],"wp:term":[{"taxonomy":"product_cat","embeddable":true,"href":"https:\/\/e.kosmolat.eu\/lt\/wp-json\/wp\/v2\/product_cat?post=31911"},{"taxonomy":"product_tag","embeddable":true,"href":"https:\/\/e.kosmolat.eu\/lt\/wp-json\/wp\/v2\/product_tag?post=31911"}],"curies":[{"name":"wp","href":"https:\/\/api.w.org\/{rel}","templated":true}]}}