{"id":31899,"date":"2023-12-19T23:03:23","date_gmt":"2023-12-19T23:03:23","guid":{"rendered":"https:\/\/e.kosmolat.eu\/product\/skin-teen-tonalais-bb-krems-tonis-50\/"},"modified":"2025-09-20T02:24:13","modified_gmt":"2025-09-20T02:24:13","slug":"skin-teen-tonalais-bb-krems-tonis-50","status":"publish","type":"product","link":"https:\/\/e.kosmolat.eu\/lt\/produktas\/skin-teen-tonalais-bb-krems-tonis-50\/","title":{"rendered":"BELOR DESIGN Funhouse Skin Teen Tonuojantis BB kremas, tonas 50 Light, 25 g"},"content":{"rendered":"<p>Laikyti nuo +5 &deg;\u0421 iki +25 &deg;\u0421 temperat\u016broje toliau nuo &scaron;ildymo prietais\u0173, saugoti nuo tiesiogini\u0173 saul\u0117s spinduli\u0173.<\/p>\n","protected":false},"excerpt":{"rendered":"<p>Laikyti nuo +5 &deg;\u0421 iki +25 &deg;\u0421 temperat\u016broje toliau nuo &scaron;ildymo prietais\u0173, saugoti nuo tiesiogini\u0173 saul\u0117s spinduli\u0173.<\/p>\n","protected":false},"featured_media":89934,"template":"","meta":[],"product_cat":[1291],"product_tag":[],"class_list":{"0":"post-31899","1":"product","2":"type-product","3":"status-publish","4":"has-post-thumbnail","6":"product_brand-belordizain_by-lt","7":"product_cat-makiazo-pagrindas","9":"first","10":"outofstock","11":"taxable","12":"shipping-taxable","13":"product-type-simple"},"_links":{"self":[{"href":"https:\/\/e.kosmolat.eu\/lt\/wp-json\/wp\/v2\/product\/31899","targetHints":{"allow":["GET"]}}],"collection":[{"href":"https:\/\/e.kosmolat.eu\/lt\/wp-json\/wp\/v2\/product"}],"about":[{"href":"https:\/\/e.kosmolat.eu\/lt\/wp-json\/wp\/v2\/types\/product"}],"wp:featuredmedia":[{"embeddable":true,"href":"https:\/\/e.kosmolat.eu\/lt\/wp-json\/wp\/v2\/media\/89934"}],"wp:attachment":[{"href":"https:\/\/e.kosmolat.eu\/lt\/wp-json\/wp\/v2\/media?parent=31899"}],"wp:term":[{"taxonomy":"product_cat","embeddable":true,"href":"https:\/\/e.kosmolat.eu\/lt\/wp-json\/wp\/v2\/product_cat?post=31899"},{"taxonomy":"product_tag","embeddable":true,"href":"https:\/\/e.kosmolat.eu\/lt\/wp-json\/wp\/v2\/product_tag?post=31899"}],"curies":[{"name":"wp","href":"https:\/\/api.w.org\/{rel}","templated":true}]}}