{"id":31891,"date":"2023-12-19T23:02:50","date_gmt":"2023-12-19T23:02:50","guid":{"rendered":"https:\/\/e.kosmolat.eu\/product\/bd-matt-touch-vaigu-sartums-tonis-201-3-6-g\/"},"modified":"2025-09-20T02:23:48","modified_gmt":"2025-09-20T02:23:48","slug":"bd-matt-touch-vaigu-sartums-tonis-201-3-6-g","status":"publish","type":"product","link":"https:\/\/e.kosmolat.eu\/lt\/produktas\/bd-matt-touch-vaigu-sartums-tonis-201-3-6-g\/","title":{"rendered":"BELOR DESIGN Matt Touch veido skaistalai, tonas 201, 3,6 g"},"content":{"rendered":"<p>Laikyti nuo 0 &deg;\u0421 iki +25 &deg;\u0421 temperat\u016broje, toliau nuo &scaron;ildymo prietais\u0173, saugoti nuo tiesiogini\u0173 saul\u0117s spinduli\u0173.<\/p>\n","protected":false},"excerpt":{"rendered":"<p>Laikyti nuo 0 &deg;\u0421 iki +25 &deg;\u0421 temperat\u016broje, toliau nuo &scaron;ildymo prietais\u0173, saugoti nuo tiesiogini\u0173 saul\u0117s spinduli\u0173.<\/p>\n","protected":false},"featured_media":89926,"template":"","meta":[],"product_cat":[1497],"product_tag":[],"class_list":{"0":"post-31891","1":"product","2":"type-product","3":"status-publish","4":"has-post-thumbnail","6":"product_brand-belordizain_by-lt","7":"product_cat-skaistalai","9":"first","10":"outofstock","11":"taxable","12":"shipping-taxable","13":"product-type-simple"},"_links":{"self":[{"href":"https:\/\/e.kosmolat.eu\/lt\/wp-json\/wp\/v2\/product\/31891","targetHints":{"allow":["GET"]}}],"collection":[{"href":"https:\/\/e.kosmolat.eu\/lt\/wp-json\/wp\/v2\/product"}],"about":[{"href":"https:\/\/e.kosmolat.eu\/lt\/wp-json\/wp\/v2\/types\/product"}],"wp:featuredmedia":[{"embeddable":true,"href":"https:\/\/e.kosmolat.eu\/lt\/wp-json\/wp\/v2\/media\/89926"}],"wp:attachment":[{"href":"https:\/\/e.kosmolat.eu\/lt\/wp-json\/wp\/v2\/media?parent=31891"}],"wp:term":[{"taxonomy":"product_cat","embeddable":true,"href":"https:\/\/e.kosmolat.eu\/lt\/wp-json\/wp\/v2\/product_cat?post=31891"},{"taxonomy":"product_tag","embeddable":true,"href":"https:\/\/e.kosmolat.eu\/lt\/wp-json\/wp\/v2\/product_tag?post=31891"}],"curies":[{"name":"wp","href":"https:\/\/api.w.org\/{rel}","templated":true}]}}