{"id":31887,"date":"2023-12-19T23:02:30","date_gmt":"2023-12-19T23:02:30","guid":{"rendered":"https:\/\/e.kosmolat.eu\/product\/bd-nude-harmony-kompaktpuderis-tonis-4-9-g\/"},"modified":"2025-09-20T02:23:30","modified_gmt":"2025-09-20T02:23:30","slug":"bd-nude-harmony-kompaktpuderis-tonis-4-9-g","status":"publish","type":"product","link":"https:\/\/e.kosmolat.eu\/lt\/produktas\/bd-nude-harmony-kompaktpuderis-tonis-4-9-g\/","title":{"rendered":"BELOR DESIGN Nude Harmony veido pudra, tonas 4, 9 g"},"content":{"rendered":"<p>Laikyti ne \u017eemesn\u0117je kaip +10 &ordm;C ir ne auk&scaron;tesn\u0117je kaip +25 &ordm;C temperat\u016broje, atokiai nuo &scaron;ildymo prietais\u0173, saugoti nuo tiesiogini\u0173 saul\u0117s spinduli\u0173.<\/p>\n","protected":false},"excerpt":{"rendered":"<p>Laikyti ne \u017eemesn\u0117je kaip +10 &ordm;C ir ne auk&scaron;tesn\u0117je kaip +25 &ordm;C temperat\u016broje, atokiai nuo &scaron;ildymo prietais\u0173, saugoti nuo tiesiogini\u0173 saul\u0117s spinduli\u0173.<\/p>\n","protected":false},"featured_media":89922,"template":"","meta":[],"product_cat":[1487],"product_tag":[],"class_list":{"0":"post-31887","1":"product","2":"type-product","3":"status-publish","4":"has-post-thumbnail","6":"product_brand-belordizain_by-lt","7":"product_cat-pudros","9":"first","10":"outofstock","11":"taxable","12":"shipping-taxable","13":"product-type-simple"},"_links":{"self":[{"href":"https:\/\/e.kosmolat.eu\/lt\/wp-json\/wp\/v2\/product\/31887","targetHints":{"allow":["GET"]}}],"collection":[{"href":"https:\/\/e.kosmolat.eu\/lt\/wp-json\/wp\/v2\/product"}],"about":[{"href":"https:\/\/e.kosmolat.eu\/lt\/wp-json\/wp\/v2\/types\/product"}],"wp:featuredmedia":[{"embeddable":true,"href":"https:\/\/e.kosmolat.eu\/lt\/wp-json\/wp\/v2\/media\/89922"}],"wp:attachment":[{"href":"https:\/\/e.kosmolat.eu\/lt\/wp-json\/wp\/v2\/media?parent=31887"}],"wp:term":[{"taxonomy":"product_cat","embeddable":true,"href":"https:\/\/e.kosmolat.eu\/lt\/wp-json\/wp\/v2\/product_cat?post=31887"},{"taxonomy":"product_tag","embeddable":true,"href":"https:\/\/e.kosmolat.eu\/lt\/wp-json\/wp\/v2\/product_tag?post=31887"}],"curies":[{"name":"wp","href":"https:\/\/api.w.org\/{rel}","templated":true}]}}