{"id":31843,"date":"2023-12-19T22:59:19","date_gmt":"2023-12-19T22:59:19","guid":{"rendered":"https:\/\/e.kosmolat.eu\/product\/bio-naturell-kremziepes-lotuss-un-aloe-946-ml\/"},"modified":"2025-09-20T02:17:41","modified_gmt":"2025-09-20T02:17:41","slug":"bio-naturell-kremziepes-lotuss-un-aloe-946-ml","status":"publish","type":"product","link":"https:\/\/e.kosmolat.eu\/lt\/produktas\/bio-naturell-kremziepes-lotuss-un-aloe-946-ml\/","title":{"rendered":"BIO NATURELL Skystas muilas Lotosas ir alavijas, 946 ml"},"content":{"rendered":"<p>Produkte &nbsp;yra moderni\u0173 valymo komponent\u0173, kurie efektyviai ir kruop&scaron;\u010diai valo od\u0105. Lotos\u0173, alavij\u0173 &nbsp;ir glicerino ekstraktai dr\u0117kina ir mink&scaron;tina od\u0105, daro j\u0105 elasting\u0105, apsaugo nuo dr\u0117gm\u0117s praradimo. Vegani&scaron;kas produktas.<\/p>\n<p><strong>Naudojimas: <\/strong>i&scaron;tepkite rankas reikiamu kiekiu muilo, suputokite, nuplaukite vandeniu.<\/p>\n<p><strong>Atsargumo priemon\u0117s: <\/strong>galimas padid\u0117j\u0119s individualus jautrumas atskiriems komponentams.<\/p>\n<p>Laikyti nuo +5&deg;C iki +25&deg;C temperat\u016broje.<br \/>\n&nbsp;<\/p>\n","protected":false},"excerpt":{"rendered":"<p>Produkte &nbsp;yra moderni\u0173 valymo komponent\u0173, kurie efektyviai ir kruop&scaron;\u010diai valo od\u0105. Lotos\u0173, alavij\u0173 &nbsp;ir glicerino ekstraktai dr\u0117kina ir mink&scaron;tina od\u0105, daro j\u0105 elasting\u0105, apsaugo nuo dr\u0117gm\u0117s praradimo. Vegani&scaron;kas produktas. Naudojimas: i&scaron;tepkite rankas reikiamu kiekiu muilo, suputokite, nuplaukite vandeniu. Atsargumo priemon\u0117s: galimas padid\u0117j\u0119s individualus jautrumas atskiriems komponentams. Laikyti nuo +5&deg;C iki +25&deg;C temperat\u016broje. &nbsp;<\/p>\n","protected":false},"featured_media":89826,"template":"","meta":[],"product_cat":[1748],"product_tag":[],"class_list":{"0":"post-31843","1":"product","2":"type-product","3":"status-publish","4":"has-post-thumbnail","6":"product_brand-elfa_ua-lt","7":"product_cat-skystas-muilas","9":"first","10":"outofstock","11":"taxable","12":"shipping-taxable","13":"product-type-simple"},"_links":{"self":[{"href":"https:\/\/e.kosmolat.eu\/lt\/wp-json\/wp\/v2\/product\/31843","targetHints":{"allow":["GET"]}}],"collection":[{"href":"https:\/\/e.kosmolat.eu\/lt\/wp-json\/wp\/v2\/product"}],"about":[{"href":"https:\/\/e.kosmolat.eu\/lt\/wp-json\/wp\/v2\/types\/product"}],"wp:featuredmedia":[{"embeddable":true,"href":"https:\/\/e.kosmolat.eu\/lt\/wp-json\/wp\/v2\/media\/89826"}],"wp:attachment":[{"href":"https:\/\/e.kosmolat.eu\/lt\/wp-json\/wp\/v2\/media?parent=31843"}],"wp:term":[{"taxonomy":"product_cat","embeddable":true,"href":"https:\/\/e.kosmolat.eu\/lt\/wp-json\/wp\/v2\/product_cat?post=31843"},{"taxonomy":"product_tag","embeddable":true,"href":"https:\/\/e.kosmolat.eu\/lt\/wp-json\/wp\/v2\/product_tag?post=31843"}],"curies":[{"name":"wp","href":"https:\/\/api.w.org\/{rel}","templated":true}]}}