{"id":31835,"date":"2023-12-19T22:58:42","date_gmt":"2023-12-19T22:58:42","guid":{"rendered":"https:\/\/e.kosmolat.eu\/product\/bio-naturell-dusas-zel-zemene-un-melisa-473-ml\/"},"modified":"2026-04-24T06:06:33","modified_gmt":"2026-04-24T06:06:33","slug":"bio-naturell-dusas-zel-zemene-un-melisa-473-ml","status":"publish","type":"product","link":"https:\/\/e.kosmolat.eu\/lt\/produktas\/bio-naturell-dusas-zel-zemene-un-melisa-473-ml\/","title":{"rendered":"BIO NATURELL Du\u0161o \u017eel\u0117 Bra\u0161k\u0117s ir melisos, 473 ml"},"content":{"rendered":"<p>Du&scaron;o \u017eel\u0117 TM Bio Naturell efektyviai ir &scaron;velniai valo od\u0105. Lengvas aromatas tarsi apgaubia k\u016bn\u0105 ir suteikia tikr\u0105 malonum\u0105. Bra&scaron;ki\u0173 ir melis\u0173 ekstraktai r\u016bpinasi oda, daro j\u0105 &scaron;velnesn\u0119 ir aksomin\u0119. Vegani&scaron;kas produktas.<\/p>\n<p><strong>Naudojimas:<\/strong> tepti ant dr\u0117gnos odos, suputoti, nuplauti vandeniu.<\/p>\n<p><strong>Atsargumo priemon\u0117s:<\/strong> galimas padid\u0117j\u0119s individualus jautrumas atskiriems komponentams.<\/p>\n<p>Laikyti nuo +5 &deg;C iki +25 &deg;C temperat\u016broje.<br \/>\n&nbsp;<\/p>\n","protected":false},"excerpt":{"rendered":"<p>Du&scaron;o \u017eel\u0117 TM Bio Naturell efektyviai ir &scaron;velniai valo od\u0105. Lengvas aromatas tarsi apgaubia k\u016bn\u0105 ir suteikia tikr\u0105 malonum\u0105. Bra&scaron;ki\u0173 ir melis\u0173 ekstraktai r\u016bpinasi oda, daro j\u0105 &scaron;velnesn\u0119 ir aksomin\u0119. Vegani&scaron;kas produktas. Naudojimas: tepti ant dr\u0117gnos odos, suputoti, nuplauti vandeniu. Atsargumo priemon\u0117s: galimas padid\u0117j\u0119s individualus jautrumas atskiriems komponentams. Laikyti nuo +5 &deg;C iki +25 &deg;C [&#8230;]\n","protected":false},"featured_media":89814,"template":"","meta":[],"product_cat":[1282],"product_tag":[],"class_list":{"0":"post-31835","1":"product","2":"type-product","3":"status-publish","4":"has-post-thumbnail","6":"product_brand-elfa_ua-lt","7":"product_cat-duso-geliai-ir-duso-aliejai","9":"first","10":"instock","11":"taxable","12":"shipping-taxable","13":"product-type-simple"},"_links":{"self":[{"href":"https:\/\/e.kosmolat.eu\/lt\/wp-json\/wp\/v2\/product\/31835","targetHints":{"allow":["GET"]}}],"collection":[{"href":"https:\/\/e.kosmolat.eu\/lt\/wp-json\/wp\/v2\/product"}],"about":[{"href":"https:\/\/e.kosmolat.eu\/lt\/wp-json\/wp\/v2\/types\/product"}],"wp:featuredmedia":[{"embeddable":true,"href":"https:\/\/e.kosmolat.eu\/lt\/wp-json\/wp\/v2\/media\/89814"}],"wp:attachment":[{"href":"https:\/\/e.kosmolat.eu\/lt\/wp-json\/wp\/v2\/media?parent=31835"}],"wp:term":[{"taxonomy":"product_cat","embeddable":true,"href":"https:\/\/e.kosmolat.eu\/lt\/wp-json\/wp\/v2\/product_cat?post=31835"},{"taxonomy":"product_tag","embeddable":true,"href":"https:\/\/e.kosmolat.eu\/lt\/wp-json\/wp\/v2\/product_tag?post=31835"}],"curies":[{"name":"wp","href":"https:\/\/api.w.org\/{rel}","templated":true}]}}