{"id":31815,"date":"2023-12-19T22:56:51","date_gmt":"2023-12-19T22:56:51","guid":{"rendered":"https:\/\/e.kosmolat.eu\/product\/vollare-fruity-hands-roku-kr-davanu-komplekts-3-x-50-ml\/"},"modified":"2026-04-11T18:12:05","modified_gmt":"2026-04-11T18:12:05","slug":"vollare-fruity-hands-roku-kr-davanu-komplekts-3-x-50-ml","status":"publish","type":"product","link":"https:\/\/e.kosmolat.eu\/lt\/produktas\/vollare-fruity-hands-roku-kr-davanu-komplekts-3-x-50-ml\/","title":{"rendered":"VOLLARE Fruity Hands Dovan\u0173 rinkinys rank\u0173 kremai (3 x 50 ml)"},"content":{"rendered":"<p><strong>Turinys:<\/strong><br \/>\n1) VOLLARE Fruity Hands Dr\u0117kinamasis ir mink&scaron;tinamasis kremas su saul\u0117gr\u0105\u017e\u0173 aliejumi ir alavij\u0173 ekstraktu. Kremas maitina ir sukuria nematom\u0105 apsaugin\u012f sluoksn\u012f ant odos pavir&scaron;iaus.<br \/>\n2) VOLLARE Fruity Hands Atkuriamasis kremas su obuoli\u0173 ir kivi\u0173 aromatu. Puikiai dr\u0117kina saus\u0105 od\u0105, lygina rauk&scaron;les ir atkuria od\u0105.<br \/>\n3) VOLLARE Fruity Hands Maitinamasis kremas su mang\u0173 aromatu. Mang\u0173 sviestas ir alavijai puikiai maitina ir dr\u0117kina saus\u0105, suskeld\u0117jusi\u0105&nbsp;<br \/>\n&nbsp;<\/p>\n","protected":false},"excerpt":{"rendered":"<p>Turinys: 1) VOLLARE Fruity Hands Dr\u0117kinamasis ir mink&scaron;tinamasis kremas su saul\u0117gr\u0105\u017e\u0173 aliejumi ir alavij\u0173 ekstraktu. Kremas maitina ir sukuria nematom\u0105 apsaugin\u012f sluoksn\u012f ant odos pavir&scaron;iaus. 2) VOLLARE Fruity Hands Atkuriamasis kremas su obuoli\u0173 ir kivi\u0173 aromatu. Puikiai dr\u0117kina saus\u0105 od\u0105, lygina rauk&scaron;les ir atkuria od\u0105. 3) VOLLARE Fruity Hands Maitinamasis kremas su mang\u0173 aromatu. Mang\u0173 [&#8230;]\n","protected":false},"featured_media":89794,"template":"","meta":[],"product_cat":[1304],"product_tag":[],"class_list":{"0":"post-31815","1":"product","2":"type-product","3":"status-publish","4":"has-post-thumbnail","6":"product_brand-sale-lt","7":"product_cat-ranku-prieziuros-kosmetika","9":"first","10":"outofstock","11":"taxable","12":"shipping-taxable","13":"product-type-simple"},"_links":{"self":[{"href":"https:\/\/e.kosmolat.eu\/lt\/wp-json\/wp\/v2\/product\/31815","targetHints":{"allow":["GET"]}}],"collection":[{"href":"https:\/\/e.kosmolat.eu\/lt\/wp-json\/wp\/v2\/product"}],"about":[{"href":"https:\/\/e.kosmolat.eu\/lt\/wp-json\/wp\/v2\/types\/product"}],"wp:featuredmedia":[{"embeddable":true,"href":"https:\/\/e.kosmolat.eu\/lt\/wp-json\/wp\/v2\/media\/89794"}],"wp:attachment":[{"href":"https:\/\/e.kosmolat.eu\/lt\/wp-json\/wp\/v2\/media?parent=31815"}],"wp:term":[{"taxonomy":"product_cat","embeddable":true,"href":"https:\/\/e.kosmolat.eu\/lt\/wp-json\/wp\/v2\/product_cat?post=31815"},{"taxonomy":"product_tag","embeddable":true,"href":"https:\/\/e.kosmolat.eu\/lt\/wp-json\/wp\/v2\/product_tag?post=31815"}],"curies":[{"name":"wp","href":"https:\/\/api.w.org\/{rel}","templated":true}]}}