{"id":31811,"date":"2023-12-19T22:56:24","date_gmt":"2023-12-19T22:56:24","guid":{"rendered":"https:\/\/e.kosmolat.eu\/product\/vollare-vegebar-dav-kompl-sejas-un-kerm-zel-250ml-sejas-kr-50ml-roku-kr-30ml\/"},"modified":"2025-09-20T02:15:42","modified_gmt":"2025-09-20T02:15:42","slug":"vollare-vegebar-dav-kompl-sejas-un-kerm-zel-250ml-sejas-kr-50ml-roku-kr-30ml","status":"publish","type":"product","link":"https:\/\/e.kosmolat.eu\/lt\/produktas\/vollare-vegebar-dav-kompl-sejas-un-kerm-zel-250ml-sejas-kr-50ml-roku-kr-30ml\/","title":{"rendered":"VOLLARE Vegebar dovan\u0173 rinkinys (\u017eel\u0117 veidui ir k\u016bnui, 250 ml + veido kremas, 50 ml + rank\u0173 kremas,"},"content":{"rendered":"<p>Gaivus vaisinis kosmetikos rinkinys nukels \u012f tropikus, net jei lauke \u017eiema. Jame yra &scaron;velnus alavij\u0173 &nbsp;gelis, kuris &scaron;velniai r\u016bpinasi veido ir k\u016bno oda. Dr\u0117kinamasis veido kremas suteiks j\u016bs\u0173 odai komforto, o rank\u0173 kremas padarys od\u0105 aksomin\u0119.<\/p>\n<p><strong>Turinys:<\/strong><\/p>\n<p>1) VEGEBAR Aqua Boost Jelly veidui ir k\u016bnui, 250 ml.<br \/>\nDaugiafunkcis gelis alavij\u0173 ekstrakto pagrindu. &Scaron;is aktyvus komponentas pasi\u017eymi turtingomis savyb\u0117mis, mink&scaron;tina ir atkuria od\u0105.<\/p>\n<p><strong>Naudojimas:<\/strong> nedidel\u012f kiek\u012f tepkite ant veido ir k\u016bno ir masa\u017euokite, kol visi&scaron;kai \u012fsigers.<\/p>\n<p>2) VEGEBAR Hydro Alo giliai dr\u0117kinantis veido kremas, 50 ml.<br \/>\n&Scaron;is veido dr\u0117kinamasis kremas su alavij\u0173 ekstraktu yra tai, apie k\u0105 j\u016bs\u0173 oda svajoja. Speciali veido dr\u0117kiklio formul\u0117, sukurta remiantis naudingomis alavijo ekstrakto savyb\u0117mis, intensyviai dr\u0117kina ir ramina j\u016bs\u0173 od\u0105.<\/p>\n<p><strong>Naudojimas:<\/strong> nedidel\u012f kiek\u012f kremo u\u017etepkite ant veido sukamaisiais judesiais.<\/p>\n<p>3) VEGEBAR Kiwi Splash Moisturizing rank\u0173 kremas, 30 ml.<br \/>\nDr\u0117kinamasis kremas su kivi\u0173 ir avokad\u0173 ekstraktais yra specialiai sukurtas sausai odai. Vegani&scaron;ka formul\u0117, pagr\u012fsta nat\u016braliais ingredientais, dr\u0117kins ir suteiks odai malon\u0173 aromat\u0105 bei pripildys energijos vis\u0105 dien\u0105.<\/p>\n<p><strong>Naudojimas:<\/strong> nedidel\u012f kiek\u012f kremo u\u017etepkite ant &scaron;vari\u0173 rank\u0173 ir \u012fmasa\u017euokite<br \/>\n&nbsp;<\/p>\n","protected":false},"excerpt":{"rendered":"<p>Gaivus vaisinis kosmetikos rinkinys nukels \u012f tropikus, net jei lauke \u017eiema. Jame yra &scaron;velnus alavij\u0173 &nbsp;gelis, kuris &scaron;velniai r\u016bpinasi veido ir k\u016bno oda. Dr\u0117kinamasis veido kremas suteiks j\u016bs\u0173 odai komforto, o rank\u0173 kremas padarys od\u0105 aksomin\u0119. Turinys: 1) VEGEBAR Aqua Boost Jelly veidui ir k\u016bnui, 250 ml. Daugiafunkcis gelis alavij\u0173 ekstrakto pagrindu. &Scaron;is aktyvus komponentas [&#8230;]\n","protected":false},"featured_media":89790,"template":"","meta":[],"product_cat":[1304],"product_tag":[],"class_list":{"0":"post-31811","1":"product","2":"type-product","3":"status-publish","4":"has-post-thumbnail","6":"product_brand-verona_pl-lt","7":"product_cat-ranku-prieziuros-kosmetika","9":"first","10":"instock","11":"taxable","12":"shipping-taxable","13":"product-type-simple"},"_links":{"self":[{"href":"https:\/\/e.kosmolat.eu\/lt\/wp-json\/wp\/v2\/product\/31811","targetHints":{"allow":["GET"]}}],"collection":[{"href":"https:\/\/e.kosmolat.eu\/lt\/wp-json\/wp\/v2\/product"}],"about":[{"href":"https:\/\/e.kosmolat.eu\/lt\/wp-json\/wp\/v2\/types\/product"}],"wp:featuredmedia":[{"embeddable":true,"href":"https:\/\/e.kosmolat.eu\/lt\/wp-json\/wp\/v2\/media\/89790"}],"wp:attachment":[{"href":"https:\/\/e.kosmolat.eu\/lt\/wp-json\/wp\/v2\/media?parent=31811"}],"wp:term":[{"taxonomy":"product_cat","embeddable":true,"href":"https:\/\/e.kosmolat.eu\/lt\/wp-json\/wp\/v2\/product_cat?post=31811"},{"taxonomy":"product_tag","embeddable":true,"href":"https:\/\/e.kosmolat.eu\/lt\/wp-json\/wp\/v2\/product_tag?post=31811"}],"curies":[{"name":"wp","href":"https:\/\/api.w.org\/{rel}","templated":true}]}}