{"id":31775,"date":"2023-12-19T22:52:53","date_gmt":"2023-12-19T22:52:53","guid":{"rendered":"https:\/\/e.kosmolat.eu\/product\/elen-cosmetics-facial-sheet-mask-vitamin-e-25-ml-elen-cosmetics-%d1%82%d0%baa%d0%bdc%d0%bd%d0%bda-%d0%bca%d1%81%d0%baa-ae%d1%8f-%d0%beiec%d1%87%d1%87%d1%8f-vitamin\/"},"modified":"2026-04-10T12:02:17","modified_gmt":"2026-04-10T12:02:17","slug":"ec-auduma-sejas-maska-ar-e-vitaminu-25-ml","status":"publish","type":"product","link":"https:\/\/e.kosmolat.eu\/lt\/produktas\/ec-auduma-sejas-maska-ar-e-vitaminu-25-ml\/","title":{"rendered":"ELEN COSMETICS Lak\u0161tin\u0117 veido kauk\u0117 Vitaminas E, 25 ml"},"content":{"rendered":"<p>Veido kauk\u0117 palaiko nat\u016bralias apsaugines odos savybes, leid\u017eia jai suma\u017einti neigiam\u0105 aplinkos poveik\u012f. Intensyviai maitina ir apsaugo nuo tolesnio odos dr\u0117gm\u0117s praradimo, tod\u0117l ji tampa &scaron;velni ir &scaron;vytinti.<\/p>\n<p><strong>Naudojimo instrukcijos:<\/strong> 1. I&scaron;imkite kauk\u0119 i&scaron; pakuot\u0117s ir u\u017ed\u0117kite ant anks\u010diau nuvalyto veido, i&scaron;lyginkite. 2. Nuimkite kauk\u0119 po 15-20 minu\u010di\u0173. 3. Likusi\u0105 emulsij\u0105 \u012fmasa\u017euokite \u012f od\u0105. Rekomenduojama naudoti 1-2 kartus per savait\u0119.<\/p>\n<p><strong>ATSARGUMO PRIEMON\u0116S: <\/strong>NENAUDOKITE LAK&Scaron;TIN\u0116S KAUK\u0116S DU kart! Prie&scaron; naudodami kauk\u0119 turite i&scaron;bandyti ant nedidelio odos ploto. Jei pasirei&scaron;kia alergin\u0117 reakcija, nustokite vartoti. Tik i&scaron;oriniam naudojimui. Kauk\u0119 rekomenduojama naudoti i&scaron;kart atidarius pakuot\u0119. Patekus \u012f akis, gerai nuplauti dideliu kiekiu tekan\u010diu vandeniu. Galimas individualus jautrumas kauk\u0117s komponentams.<\/p>\n<p>Laikyti nuo +5 iki +25&deg;C temperat\u016broje, kai &nbsp;santykin\u0117 oro dr\u0117gm\u0117 55-70%, apsaugota nuo tiesioginio poveikio saul\u0117s spinduli\u0173, ne ma\u017eesniu kaip 1 m (m) atstumu nuo auk&scaron;tos temperat\u016bros &scaron;altini\u0173.<\/p>\n<p><strong>Geriausia <\/strong>36 m\u0117n. nuo pagaminimo datos.<br \/>\n&nbsp;<\/p>\n","protected":false},"excerpt":{"rendered":"<p>Veido kauk\u0117 palaiko nat\u016bralias apsaugines odos savybes, leid\u017eia jai suma\u017einti neigiam\u0105 aplinkos poveik\u012f. Intensyviai maitina ir apsaugo nuo tolesnio odos dr\u0117gm\u0117s praradimo, tod\u0117l ji tampa &scaron;velni ir &scaron;vytinti. Naudojimo instrukcijos: 1. I&scaron;imkite kauk\u0119 i&scaron; pakuot\u0117s ir u\u017ed\u0117kite ant anks\u010diau nuvalyto veido, i&scaron;lyginkite. 2. Nuimkite kauk\u0119 po 15-20 minu\u010di\u0173. 3. Likusi\u0105 emulsij\u0105 \u012fmasa\u017euokite \u012f od\u0105. Rekomenduojama [&#8230;]\n","protected":false},"featured_media":89754,"template":"","meta":[],"product_cat":[1369],"product_tag":[],"class_list":{"0":"post-31775","1":"product","2":"type-product","3":"status-publish","4":"has-post-thumbnail","6":"product_brand-naturpro_ua-lt","7":"product_cat-veido-kaukes","9":"first","10":"instock","11":"taxable","12":"shipping-taxable","13":"product-type-simple"},"_links":{"self":[{"href":"https:\/\/e.kosmolat.eu\/lt\/wp-json\/wp\/v2\/product\/31775","targetHints":{"allow":["GET"]}}],"collection":[{"href":"https:\/\/e.kosmolat.eu\/lt\/wp-json\/wp\/v2\/product"}],"about":[{"href":"https:\/\/e.kosmolat.eu\/lt\/wp-json\/wp\/v2\/types\/product"}],"wp:featuredmedia":[{"embeddable":true,"href":"https:\/\/e.kosmolat.eu\/lt\/wp-json\/wp\/v2\/media\/89754"}],"wp:attachment":[{"href":"https:\/\/e.kosmolat.eu\/lt\/wp-json\/wp\/v2\/media?parent=31775"}],"wp:term":[{"taxonomy":"product_cat","embeddable":true,"href":"https:\/\/e.kosmolat.eu\/lt\/wp-json\/wp\/v2\/product_cat?post=31775"},{"taxonomy":"product_tag","embeddable":true,"href":"https:\/\/e.kosmolat.eu\/lt\/wp-json\/wp\/v2\/product_tag?post=31775"}],"curies":[{"name":"wp","href":"https:\/\/api.w.org\/{rel}","templated":true}]}}