{"id":31735,"date":"2023-12-19T22:49:51","date_gmt":"2023-12-19T22:49:51","guid":{"rendered":"https:\/\/e.kosmolat.eu\/product\/bd-automat-lupu-zim-tonis-206\/"},"modified":"2025-09-20T02:18:16","modified_gmt":"2025-09-20T02:18:16","slug":"bd-automat-lupu-zim-tonis-206","status":"publish","type":"product","link":"https:\/\/e.kosmolat.eu\/lt\/produktas\/bd-automat-lupu-zim-tonis-206\/","title":{"rendered":"BELOR DESIGN Automatic Soft lippencil Mechaninis l\u016bp\u0173 pie\u0161tukas, tonas 206"},"content":{"rendered":"<p>Laikyti ne \u017eemesn\u0117je kaip -5 &ordm;C ir ne auk&scaron;tesn\u0117je kaip +35 &ordm;C temperat\u016broje, atokiai nuo &scaron;ildymo prietais\u0173, saugoti nuo tiesiogini\u0173 saul\u0117s spinduli\u0173.<\/p>\n","protected":false},"excerpt":{"rendered":"<p>Laikyti ne \u017eemesn\u0117je kaip -5 &ordm;C ir ne auk&scaron;tesn\u0117je kaip +35 &ordm;C temperat\u016broje, atokiai nuo &scaron;ildymo prietais\u0173, saugoti nuo tiesiogini\u0173 saul\u0117s spinduli\u0173.<\/p>\n","protected":false},"featured_media":89834,"template":"","meta":[],"product_cat":[1287],"product_tag":[],"class_list":{"0":"post-31735","1":"product","2":"type-product","3":"status-publish","4":"has-post-thumbnail","6":"product_brand-belordizain_by-lt","7":"product_cat-lupu-piestukai","9":"first","10":"outofstock","11":"taxable","12":"shipping-taxable","13":"product-type-simple"},"_links":{"self":[{"href":"https:\/\/e.kosmolat.eu\/lt\/wp-json\/wp\/v2\/product\/31735","targetHints":{"allow":["GET"]}}],"collection":[{"href":"https:\/\/e.kosmolat.eu\/lt\/wp-json\/wp\/v2\/product"}],"about":[{"href":"https:\/\/e.kosmolat.eu\/lt\/wp-json\/wp\/v2\/types\/product"}],"wp:featuredmedia":[{"embeddable":true,"href":"https:\/\/e.kosmolat.eu\/lt\/wp-json\/wp\/v2\/media\/89834"}],"wp:attachment":[{"href":"https:\/\/e.kosmolat.eu\/lt\/wp-json\/wp\/v2\/media?parent=31735"}],"wp:term":[{"taxonomy":"product_cat","embeddable":true,"href":"https:\/\/e.kosmolat.eu\/lt\/wp-json\/wp\/v2\/product_cat?post=31735"},{"taxonomy":"product_tag","embeddable":true,"href":"https:\/\/e.kosmolat.eu\/lt\/wp-json\/wp\/v2\/product_tag?post=31735"}],"curies":[{"name":"wp","href":"https:\/\/api.w.org\/{rel}","templated":true}]}}