{"id":31707,"date":"2023-12-19T22:47:20","date_gmt":"2023-12-19T22:47:20","guid":{"rendered":"https:\/\/e.kosmolat.eu\/product\/ns-oblepikha-intens-nutrition-hydration-vannas-putas-550-ml\/"},"modified":"2025-09-20T02:05:14","modified_gmt":"2025-09-20T02:05:14","slug":"ns-oblepikha-intens-nutrition-hydration-vannas-putas-550-ml","status":"publish","type":"product","link":"https:\/\/e.kosmolat.eu\/lt\/produktas\/ns-oblepikha-intens-nutrition-hydration-vannas-putas-550-ml\/","title":{"rendered":"OBLEPIKHA SIBERICA Intensive Nutrition &#038; Hydration Vonios putos, 550 ml"},"content":{"rendered":"<p>Altajaus &scaron;altalankiai &scaron;imtme\u010dius buvo naudojami plauk\u0173 prie\u017ei\u016bros ir kosmetikos tikslais. &Scaron;ios nuostabios Sibiro uogos yra turtingiausias nat\u016bralus beta karotino, ret\u0173 omega-3-6-7-9, sveik\u0173j\u0173 riebal\u0173 r\u016bg&scaron;\u010di\u0173 ir verting\u0173 flavonoid\u0173 &scaron;altinis.Putos giliai maitina ir prisotina od\u0105 gyvyb\u0119 suteikian\u010dia dr\u0117gme. Suteikia odai &scaron;velnumo ir aksomo. Sud\u0117tyje yra vitamin\u0173 A ir E, ekologi&scaron;ko Altajaus &scaron;altalanki\u0173 aliejaus, Sibiro &scaron;ermuk&scaron;ni\u0173 ekstrakto, makadamij\u0173 ir Maroko argan\u0173 aliejai intensyviai maitina ir giliai dr\u0117kina od\u0105.<br \/>\nHidrolato pagrindu. Hidrolatas &ndash; koncentruotas vitamin\u0173 ir mikroelement\u0173 kokteilis, gaunamas i&scaron; augal\u0173 distiliavimo b\u016bdu. Odos prie\u017ei\u016bros priemon\u0117s hidrolat\u0173 pagrindu intensyviai pri\u017ei\u016bri od\u0105, palieka j\u0105 &scaron;velni\u0105 ir aksomin\u0119.<\/p>\n<p><strong>Naudojimas:<\/strong> suputokite nedidel\u012f produkto kiek\u012f po tekan\u010diu kar&scaron;tu vandeniu.<br \/>\n&nbsp;<\/p>\n","protected":false},"excerpt":{"rendered":"<p>Altajaus &scaron;altalankiai &scaron;imtme\u010dius buvo naudojami plauk\u0173 prie\u017ei\u016bros ir kosmetikos tikslais. &Scaron;ios nuostabios Sibiro uogos yra turtingiausias nat\u016bralus beta karotino, ret\u0173 omega-3-6-7-9, sveik\u0173j\u0173 riebal\u0173 r\u016bg&scaron;\u010di\u0173 ir verting\u0173 flavonoid\u0173 &scaron;altinis.Putos giliai maitina ir prisotina od\u0105 gyvyb\u0119 suteikian\u010dia dr\u0117gme. Suteikia odai &scaron;velnumo ir aksomo. Sud\u0117tyje yra vitamin\u0173 A ir E, ekologi&scaron;ko Altajaus &scaron;altalanki\u0173 aliejaus, Sibiro &scaron;ermuk&scaron;ni\u0173 ekstrakto, makadamij\u0173 [&#8230;]\n","protected":false},"featured_media":89622,"template":"","meta":[],"product_cat":[1612],"product_tag":[],"class_list":{"0":"post-31707","1":"product","2":"type-product","3":"status-publish","4":"has-post-thumbnail","6":"product_brand-siberica_ee-lt","7":"product_cat-putos-druska-vonios-bombos","9":"first","10":"outofstock","11":"taxable","12":"shipping-taxable","13":"product-type-simple"},"_links":{"self":[{"href":"https:\/\/e.kosmolat.eu\/lt\/wp-json\/wp\/v2\/product\/31707","targetHints":{"allow":["GET"]}}],"collection":[{"href":"https:\/\/e.kosmolat.eu\/lt\/wp-json\/wp\/v2\/product"}],"about":[{"href":"https:\/\/e.kosmolat.eu\/lt\/wp-json\/wp\/v2\/types\/product"}],"wp:featuredmedia":[{"embeddable":true,"href":"https:\/\/e.kosmolat.eu\/lt\/wp-json\/wp\/v2\/media\/89622"}],"wp:attachment":[{"href":"https:\/\/e.kosmolat.eu\/lt\/wp-json\/wp\/v2\/media?parent=31707"}],"wp:term":[{"taxonomy":"product_cat","embeddable":true,"href":"https:\/\/e.kosmolat.eu\/lt\/wp-json\/wp\/v2\/product_cat?post=31707"},{"taxonomy":"product_tag","embeddable":true,"href":"https:\/\/e.kosmolat.eu\/lt\/wp-json\/wp\/v2\/product_tag?post=31707"}],"curies":[{"name":"wp","href":"https:\/\/api.w.org\/{rel}","templated":true}]}}