{"id":31699,"date":"2023-12-19T22:46:40","date_gmt":"2023-12-19T22:46:40","guid":{"rendered":"https:\/\/e.kosmolat.eu\/product\/dr-s-anti-hair-loss-sampuns-pret-matu-izkrisanu-1000-ml\/"},"modified":"2026-04-22T07:17:32","modified_gmt":"2026-04-22T07:17:32","slug":"dr-s-anti-hair-loss-sampuns-pret-matu-izkrisanu-1000-ml","status":"publish","type":"product","link":"https:\/\/e.kosmolat.eu\/lt\/produktas\/dr-s-anti-hair-loss-sampuns-pret-matu-izkrisanu-1000-ml\/","title":{"rendered":"DR. SANTE Anti Hair Loss \u0160amp\u016bnas nuo plauk\u0173 slinkimo, 1000 ml"},"content":{"rendered":"<p>&Scaron;amp\u016bnas nusilpusiems ir linkusiems slinkti plaukams. &Scaron;velniai valo plaukus ir galvos &nbsp;od\u0105. Dermatologi&scaron;kai patikrintas.<\/p>\n<p><strong>Naudojimas:<\/strong> paskirstykite ant dr\u0117gn\u0173 plauk\u0173, suputokite, gerai i&scaron;skalaukite vandeniu.<\/p>\n<p><strong>Atsargumo priemon\u0117s:<\/strong> tik i&scaron;oriniam naudojimui. Laikyti vaikams nepasiekiamoje vietoje.<\/p>\n<p>Laikyti nuo +5 &deg;C iki +25 &deg;C temperat\u016broje.<br \/>\n&nbsp;<\/p>\n","protected":false},"excerpt":{"rendered":"<p>&Scaron;amp\u016bnas nusilpusiems ir linkusiems slinkti plaukams. &Scaron;velniai valo plaukus ir galvos &nbsp;od\u0105. Dermatologi&scaron;kai patikrintas. Naudojimas: paskirstykite ant dr\u0117gn\u0173 plauk\u0173, suputokite, gerai i&scaron;skalaukite vandeniu. Atsargumo priemon\u0117s: tik i&scaron;oriniam naudojimui. Laikyti vaikams nepasiekiamoje vietoje. Laikyti nuo +5 &deg;C iki +25 &deg;C temperat\u016broje. &nbsp;<\/p>\n","protected":false},"featured_media":89610,"template":"","meta":[],"product_cat":[2181],"product_tag":[],"class_list":{"0":"post-31699","1":"product","2":"type-product","3":"status-publish","4":"has-post-thumbnail","6":"product_brand-elfa_ua-lt","7":"product_cat-bez-kategorijas-lt","9":"first","10":"instock","11":"taxable","12":"shipping-taxable","13":"product-type-simple"},"_links":{"self":[{"href":"https:\/\/e.kosmolat.eu\/lt\/wp-json\/wp\/v2\/product\/31699","targetHints":{"allow":["GET"]}}],"collection":[{"href":"https:\/\/e.kosmolat.eu\/lt\/wp-json\/wp\/v2\/product"}],"about":[{"href":"https:\/\/e.kosmolat.eu\/lt\/wp-json\/wp\/v2\/types\/product"}],"wp:featuredmedia":[{"embeddable":true,"href":"https:\/\/e.kosmolat.eu\/lt\/wp-json\/wp\/v2\/media\/89610"}],"wp:attachment":[{"href":"https:\/\/e.kosmolat.eu\/lt\/wp-json\/wp\/v2\/media?parent=31699"}],"wp:term":[{"taxonomy":"product_cat","embeddable":true,"href":"https:\/\/e.kosmolat.eu\/lt\/wp-json\/wp\/v2\/product_cat?post=31699"},{"taxonomy":"product_tag","embeddable":true,"href":"https:\/\/e.kosmolat.eu\/lt\/wp-json\/wp\/v2\/product_tag?post=31699"}],"curies":[{"name":"wp","href":"https:\/\/api.w.org\/{rel}","templated":true}]}}