{"id":31695,"date":"2023-12-19T22:46:21","date_gmt":"2023-12-19T22:46:21","guid":{"rendered":"https:\/\/e.kosmolat.eu\/product\/sp-krug-vazelins-ae-45-g\/"},"modified":"2026-04-22T11:32:49","modified_gmt":"2026-04-22T11:32:49","slug":"sp-krug-vazelins-ae-45-g","status":"publish","type":"product","link":"https:\/\/e.kosmolat.eu\/lt\/produktas\/sp-krug-vazelins-ae-45-g\/","title":{"rendered":"SPASATELNIJ KRUG Vazelinas [A+E], 45 g"},"content":{"rendered":"<p>Specialus kosmetinis vazelinas. Skirtas odos prie\u017ei\u016brai.<\/p>\n<p><strong>Naudojimas:<\/strong> Tepkite ant &scaron;varios ir sausos odos.<\/p>\n<p>Laikyti nuo +2&deg;C iki +25&deg;C temperat\u016broje.<br \/>\n&nbsp;<\/p>\n","protected":false},"excerpt":{"rendered":"<p>Specialus kosmetinis vazelinas. Skirtas odos prie\u017ei\u016brai. Naudojimas: Tepkite ant &scaron;varios ir sausos odos. Laikyti nuo +2&deg;C iki +25&deg;C temperat\u016broje. &nbsp;<\/p>\n","protected":false},"featured_media":89470,"template":"","meta":[],"product_cat":[2181],"product_tag":[],"class_list":{"0":"post-31695","1":"product","2":"type-product","3":"status-publish","4":"has-post-thumbnail","6":"product_brand-elpis-lt","7":"product_cat-bez-kategorijas-lt","9":"first","10":"instock","11":"taxable","12":"shipping-taxable","13":"product-type-simple"},"_links":{"self":[{"href":"https:\/\/e.kosmolat.eu\/lt\/wp-json\/wp\/v2\/product\/31695","targetHints":{"allow":["GET"]}}],"collection":[{"href":"https:\/\/e.kosmolat.eu\/lt\/wp-json\/wp\/v2\/product"}],"about":[{"href":"https:\/\/e.kosmolat.eu\/lt\/wp-json\/wp\/v2\/types\/product"}],"wp:featuredmedia":[{"embeddable":true,"href":"https:\/\/e.kosmolat.eu\/lt\/wp-json\/wp\/v2\/media\/89470"}],"wp:attachment":[{"href":"https:\/\/e.kosmolat.eu\/lt\/wp-json\/wp\/v2\/media?parent=31695"}],"wp:term":[{"taxonomy":"product_cat","embeddable":true,"href":"https:\/\/e.kosmolat.eu\/lt\/wp-json\/wp\/v2\/product_cat?post=31695"},{"taxonomy":"product_tag","embeddable":true,"href":"https:\/\/e.kosmolat.eu\/lt\/wp-json\/wp\/v2\/product_tag?post=31695"}],"curies":[{"name":"wp","href":"https:\/\/api.w.org\/{rel}","templated":true}]}}