{"id":31687,"date":"2023-12-19T22:45:49","date_gmt":"2023-12-19T22:45:49","guid":{"rendered":"https:\/\/e.kosmolat.eu\/product\/sp-gels-sudrabs-hialuronskabe-50-g\/"},"modified":"2026-05-14T14:14:13","modified_gmt":"2026-05-14T14:14:13","slug":"sp-gels-sudrabs-hialuronskabe-50-g","status":"publish","type":"product","link":"https:\/\/e.kosmolat.eu\/lt\/produktas\/sp-gels-sudrabs-hialuronskabe-50-g\/","title":{"rendered":"SPASATEL gelis Sidabras + Hialurono r\u016bg\u0161tis, 50 g"},"content":{"rendered":"<p>Atkuriamasis kosmetinis gelis su sidabro koloidais ir hialurono r\u016bg&scaron;timi. Ramina od\u0105 esant sumu6imams ir patempimams<\/p>\n<p><strong>Naudojimas:<\/strong> Tepkite ant &scaron;varios ir sausos odos.<\/p>\n<p>Laikyti nuo +2&deg;C iki +25&deg;C temperat\u016broje.<br \/>\n&nbsp;<\/p>\n","protected":false},"excerpt":{"rendered":"<p>Atkuriamasis kosmetinis gelis su sidabro koloidais ir hialurono r\u016bg&scaron;timi. Ramina od\u0105 esant sumu6imams ir patempimams Naudojimas: Tepkite ant &scaron;varios ir sausos odos. Laikyti nuo +2&deg;C iki +25&deg;C temperat\u016broje. &nbsp;<\/p>\n","protected":false},"featured_media":89462,"template":"","meta":[],"product_cat":[1390],"product_tag":[],"class_list":{"0":"post-31687","1":"product","2":"type-product","3":"status-publish","4":"has-post-thumbnail","6":"product_brand-elpis-lt","7":"product_cat-kremai-aliejai-kuno-pienelis","9":"first","10":"instock","11":"taxable","12":"shipping-taxable","13":"product-type-simple"},"_links":{"self":[{"href":"https:\/\/e.kosmolat.eu\/lt\/wp-json\/wp\/v2\/product\/31687","targetHints":{"allow":["GET"]}}],"collection":[{"href":"https:\/\/e.kosmolat.eu\/lt\/wp-json\/wp\/v2\/product"}],"about":[{"href":"https:\/\/e.kosmolat.eu\/lt\/wp-json\/wp\/v2\/types\/product"}],"wp:featuredmedia":[{"embeddable":true,"href":"https:\/\/e.kosmolat.eu\/lt\/wp-json\/wp\/v2\/media\/89462"}],"wp:attachment":[{"href":"https:\/\/e.kosmolat.eu\/lt\/wp-json\/wp\/v2\/media?parent=31687"}],"wp:term":[{"taxonomy":"product_cat","embeddable":true,"href":"https:\/\/e.kosmolat.eu\/lt\/wp-json\/wp\/v2\/product_cat?post=31687"},{"taxonomy":"product_tag","embeddable":true,"href":"https:\/\/e.kosmolat.eu\/lt\/wp-json\/wp\/v2\/product_tag?post=31687"}],"curies":[{"name":"wp","href":"https:\/\/api.w.org\/{rel}","templated":true}]}}