{"id":31683,"date":"2023-12-19T22:45:29","date_gmt":"2023-12-19T22:45:29","guid":{"rendered":"https:\/\/e.kosmolat.eu\/product\/spkrug-intimas-higienas-gels-50-g\/"},"modified":"2026-04-23T11:26:31","modified_gmt":"2026-04-23T11:26:31","slug":"spkrug-intimas-higienas-gels-50-g","status":"publish","type":"product","link":"https:\/\/e.kosmolat.eu\/lt\/produktas\/spkrug-intimas-higienas-gels-50-g\/","title":{"rendered":"SPASATELNIJ KRUG  Intymus gelis, 50 g"},"content":{"rendered":"<p>Gelis intymiai higienai prebiotik\u0173 komplekso pagrindu su pantenoliu, &scaron;alaviju ir saldymed\u017eiu. Kosmetikos gaminys.<\/p>\n<p><strong>Naudojimas:<\/strong> nedidel\u012f kiek\u012f gelio u\u017etepkite ant intymi\u0173 k\u016bno viet\u0173, kurios yra linkusios \u012f dirginim\u0105.<\/p>\n<p><strong>Kontraindikacijos:<\/strong> individualus komponent\u0173 netoleravimas.<\/p>\n<p>Laikyti nuo +2&deg;C iki +25&deg;C temperat\u016broje.<br \/>\n&nbsp;<\/p>\n","protected":false},"excerpt":{"rendered":"<p>Gelis intymiai higienai prebiotik\u0173 komplekso pagrindu su pantenoliu, &scaron;alaviju ir saldymed\u017eiu. Kosmetikos gaminys. Naudojimas: nedidel\u012f kiek\u012f gelio u\u017etepkite ant intymi\u0173 k\u016bno viet\u0173, kurios yra linkusios \u012f dirginim\u0105. Kontraindikacijos: individualus komponent\u0173 netoleravimas. Laikyti nuo +2&deg;C iki +25&deg;C temperat\u016broje. &nbsp;<\/p>\n","protected":false},"featured_media":89454,"template":"","meta":[],"product_cat":[1374],"product_tag":[],"class_list":{"0":"post-31683","1":"product","2":"type-product","3":"status-publish","4":"has-post-thumbnail","6":"product_brand-elpis-lt","7":"product_cat-intymi-higiena","9":"first","10":"instock","11":"taxable","12":"shipping-taxable","13":"product-type-simple"},"_links":{"self":[{"href":"https:\/\/e.kosmolat.eu\/lt\/wp-json\/wp\/v2\/product\/31683","targetHints":{"allow":["GET"]}}],"collection":[{"href":"https:\/\/e.kosmolat.eu\/lt\/wp-json\/wp\/v2\/product"}],"about":[{"href":"https:\/\/e.kosmolat.eu\/lt\/wp-json\/wp\/v2\/types\/product"}],"wp:featuredmedia":[{"embeddable":true,"href":"https:\/\/e.kosmolat.eu\/lt\/wp-json\/wp\/v2\/media\/89454"}],"wp:attachment":[{"href":"https:\/\/e.kosmolat.eu\/lt\/wp-json\/wp\/v2\/media?parent=31683"}],"wp:term":[{"taxonomy":"product_cat","embeddable":true,"href":"https:\/\/e.kosmolat.eu\/lt\/wp-json\/wp\/v2\/product_cat?post=31683"},{"taxonomy":"product_tag","embeddable":true,"href":"https:\/\/e.kosmolat.eu\/lt\/wp-json\/wp\/v2\/product_tag?post=31683"}],"curies":[{"name":"wp","href":"https:\/\/api.w.org\/{rel}","templated":true}]}}