{"id":31679,"date":"2023-12-19T22:45:08","date_gmt":"2023-12-19T22:45:08","guid":{"rendered":"https:\/\/e.kosmolat.eu\/product\/spkrug-gels-pret-pinnem-un-akni-42-g\/"},"modified":"2026-05-14T06:26:30","modified_gmt":"2026-05-14T06:26:30","slug":"spkrug-gels-pret-pinnem-un-akni-42-g","status":"publish","type":"product","link":"https:\/\/e.kosmolat.eu\/lt\/produktas\/spkrug-gels-pret-pinnem-un-akni-42-g\/","title":{"rendered":"SPASATELNIJ KRUG Gelis nuo spuog\u0173 ir ink\u0161tir\u0173, 42 g"},"content":{"rendered":"<p>Gelis nat\u016brali\u0173 saldymed\u017ei\u0173 &scaron;akn\u0173, medetk\u0173, ugnia\u017eoli\u0173 ir trispalvi\u0173 na&scaron;lai\u010di\u0173 ekstrakt\u0173 pagrindu. Kosmetikos gaminys.<\/p>\n<p><strong>Naudojimas:<\/strong> tepti ant &scaron;varios ir sausos odos lokaliai (ta&scaron;kiniu b\u016bdu) problemines vietas ma\u017edaug 1 mm storio, vengiant patekimo \u012f akis. Netepkite ant pa\u017eeistos odos. Naudojimo da\u017enumas 1-2 kartus per dien\u0105. Produkto poveikis pradeda pasireik&scaron;ti pra\u0117jus 12-24 valandoms po panaudojimo.<\/p>\n<p><strong>Kontraindikacijos: <\/strong>individualus komponent\u0173 netoleravimas.<\/p>\n<p>Laikyti nuo +2&deg;C iki +25&deg;C temperat\u016broje.<br \/>\n&nbsp;<\/p>\n","protected":false},"excerpt":{"rendered":"<p>Gelis nat\u016brali\u0173 saldymed\u017ei\u0173 &scaron;akn\u0173, medetk\u0173, ugnia\u017eoli\u0173 ir trispalvi\u0173 na&scaron;lai\u010di\u0173 ekstrakt\u0173 pagrindu. Kosmetikos gaminys. Naudojimas: tepti ant &scaron;varios ir sausos odos lokaliai (ta&scaron;kiniu b\u016bdu) problemines vietas ma\u017edaug 1 mm storio, vengiant patekimo \u012f akis. Netepkite ant pa\u017eeistos odos. Naudojimo da\u017enumas 1-2 kartus per dien\u0105. Produkto poveikis pradeda pasireik&scaron;ti pra\u0117jus 12-24 valandoms po panaudojimo. Kontraindikacijos: individualus komponent\u0173 [&#8230;]\n","protected":false},"featured_media":89450,"template":"","meta":[],"product_cat":[1390],"product_tag":[],"class_list":{"0":"post-31679","1":"product","2":"type-product","3":"status-publish","4":"has-post-thumbnail","6":"product_brand-elpis-lt","7":"product_cat-kremai-aliejai-kuno-pienelis","9":"first","10":"instock","11":"taxable","12":"shipping-taxable","13":"product-type-simple"},"_links":{"self":[{"href":"https:\/\/e.kosmolat.eu\/lt\/wp-json\/wp\/v2\/product\/31679","targetHints":{"allow":["GET"]}}],"collection":[{"href":"https:\/\/e.kosmolat.eu\/lt\/wp-json\/wp\/v2\/product"}],"about":[{"href":"https:\/\/e.kosmolat.eu\/lt\/wp-json\/wp\/v2\/types\/product"}],"wp:featuredmedia":[{"embeddable":true,"href":"https:\/\/e.kosmolat.eu\/lt\/wp-json\/wp\/v2\/media\/89450"}],"wp:attachment":[{"href":"https:\/\/e.kosmolat.eu\/lt\/wp-json\/wp\/v2\/media?parent=31679"}],"wp:term":[{"taxonomy":"product_cat","embeddable":true,"href":"https:\/\/e.kosmolat.eu\/lt\/wp-json\/wp\/v2\/product_cat?post=31679"},{"taxonomy":"product_tag","embeddable":true,"href":"https:\/\/e.kosmolat.eu\/lt\/wp-json\/wp\/v2\/product_tag?post=31679"}],"curies":[{"name":"wp","href":"https:\/\/api.w.org\/{rel}","templated":true}]}}