{"id":31675,"date":"2023-12-19T22:44:51","date_gmt":"2023-12-19T22:44:51","guid":{"rendered":"https:\/\/e.kosmolat.eu\/product\/spkrug-svek-balz-ar-ehinaciju-un-eikaliptu-50-g\/"},"modified":"2026-04-23T12:38:07","modified_gmt":"2026-04-23T12:38:07","slug":"spkrug-svek-balz-ar-ehinaciju-un-eikaliptu-50-g","status":"publish","type":"product","link":"https:\/\/e.kosmolat.eu\/lt\/produktas\/spkrug-svek-balz-ar-ehinaciju-un-eikaliptu-50-g\/","title":{"rendered":"SPASATELNIJ KRUG Sak\u0173 balzamas su e\u017eiuol\u0117 ir eukaliptu, 50 g"},"content":{"rendered":"<p>Kosmetikos gaminys skirtas kr\u016btin\u0117s ir nugaros srities masa\u017eui.<\/p>\n<p><strong>Naudojimas: <\/strong>Tepkite ant &scaron;varios ir sausos odos.<\/p>\n<p>Laikyti nuo +2&deg;C iki +25&deg;C temperat\u016broje.<br \/>\n&nbsp;<\/p>\n","protected":false},"excerpt":{"rendered":"<p>Kosmetikos gaminys skirtas kr\u016btin\u0117s ir nugaros srities masa\u017eui. Naudojimas: Tepkite ant &scaron;varios ir sausos odos. Laikyti nuo +2&deg;C iki +25&deg;C temperat\u016broje. &nbsp;<\/p>\n","protected":false},"featured_media":89446,"template":"","meta":[],"product_cat":[1390],"product_tag":[],"class_list":{"0":"post-31675","1":"product","2":"type-product","3":"status-publish","4":"has-post-thumbnail","6":"product_brand-elpis-lt","7":"product_cat-kremai-aliejai-kuno-pienelis","9":"first","10":"instock","11":"taxable","12":"shipping-taxable","13":"product-type-simple"},"_links":{"self":[{"href":"https:\/\/e.kosmolat.eu\/lt\/wp-json\/wp\/v2\/product\/31675","targetHints":{"allow":["GET"]}}],"collection":[{"href":"https:\/\/e.kosmolat.eu\/lt\/wp-json\/wp\/v2\/product"}],"about":[{"href":"https:\/\/e.kosmolat.eu\/lt\/wp-json\/wp\/v2\/types\/product"}],"wp:featuredmedia":[{"embeddable":true,"href":"https:\/\/e.kosmolat.eu\/lt\/wp-json\/wp\/v2\/media\/89446"}],"wp:attachment":[{"href":"https:\/\/e.kosmolat.eu\/lt\/wp-json\/wp\/v2\/media?parent=31675"}],"wp:term":[{"taxonomy":"product_cat","embeddable":true,"href":"https:\/\/e.kosmolat.eu\/lt\/wp-json\/wp\/v2\/product_cat?post=31675"},{"taxonomy":"product_tag","embeddable":true,"href":"https:\/\/e.kosmolat.eu\/lt\/wp-json\/wp\/v2\/product_tag?post=31675"}],"curies":[{"name":"wp","href":"https:\/\/api.w.org\/{rel}","templated":true}]}}