{"id":31671,"date":"2023-12-19T22:44:24","date_gmt":"2023-12-19T22:44:24","guid":{"rendered":"https:\/\/e.kosmolat.eu\/product\/spkrug-sild-balz-ar-sark-pipariem-un-zosu-taukiem-45-g\/"},"modified":"2026-05-14T11:16:38","modified_gmt":"2026-05-14T11:16:38","slug":"spkrug-sild-balz-ar-sark-pipariem-un-zosu-taukiem-45-g","status":"publish","type":"product","link":"https:\/\/e.kosmolat.eu\/lt\/produktas\/spkrug-sild-balz-ar-sark-pipariem-un-zosu-taukiem-45-g\/","title":{"rendered":"SPASATELNIJ KRUG \u0160ildantis balzamas su raudonaisiais pipirais ir \u017e\u0105s\u0173 taukais, 45 g"},"content":{"rendered":"<p>Skirtas masa\u017euoti pe\u010di\u0173 ir nugaros srit\u012f. Kosmetinis produktas<\/p>\n<p><strong>Naudojimas: <\/strong>Tepkite ant &scaron;varios ir sausos odos.<\/p>\n<p><strong>Atsargumo priemon\u0117s:<\/strong> balzamas turi ry&scaron;k\u0173 &scaron;ildant\u012f poveik\u012f. &Scaron;ildantis poveikis pastebimas pra\u0117jus 15 minu\u010di\u0173 po panaudojimo. Siekiant suma\u017einti &scaron;ildan\u010dio poveikio intensyvum\u0105, apdorot\u0105 viet\u0105 reikia sutepti augaliniu aliejumi (pavyzd\u017eiui, saul\u0117gr\u0105\u017e\u0173).Neskalauti vandeniu! Venkite kontakto su gleivine. Patekus \u012f akis, nedelsiant kreiptis \u012f gydytoj\u0105. Negalima naudoti \u017emon\u0117ms, turintiems jautri\u0105 od\u0105, negalima tepti ant pa\u017eeistos ar sudirgusios odos.<\/p>\n<p><strong>Kontraindikacijos:<\/strong> individualus komponent\u0173 netoleravimas.<\/p>\n<p>Laikyti nuo +2&deg;C iki +25&deg;C temperat\u016broje.<\/p>\n","protected":false},"excerpt":{"rendered":"<p>Skirtas masa\u017euoti pe\u010di\u0173 ir nugaros srit\u012f. Kosmetinis produktas Naudojimas: Tepkite ant &scaron;varios ir sausos odos. Atsargumo priemon\u0117s: balzamas turi ry&scaron;k\u0173 &scaron;ildant\u012f poveik\u012f. &Scaron;ildantis poveikis pastebimas pra\u0117jus 15 minu\u010di\u0173 po panaudojimo. Siekiant suma\u017einti &scaron;ildan\u010dio poveikio intensyvum\u0105, apdorot\u0105 viet\u0105 reikia sutepti augaliniu aliejumi (pavyzd\u017eiui, saul\u0117gr\u0105\u017e\u0173).Neskalauti vandeniu! Venkite kontakto su gleivine. Patekus \u012f akis, nedelsiant kreiptis \u012f gydytoj\u0105. [&#8230;]\n","protected":false},"featured_media":89442,"template":"","meta":[],"product_cat":[1390],"product_tag":[],"class_list":{"0":"post-31671","1":"product","2":"type-product","3":"status-publish","4":"has-post-thumbnail","6":"product_brand-elpis-lt","7":"product_cat-kremai-aliejai-kuno-pienelis","9":"first","10":"instock","11":"taxable","12":"shipping-taxable","13":"product-type-simple"},"_links":{"self":[{"href":"https:\/\/e.kosmolat.eu\/lt\/wp-json\/wp\/v2\/product\/31671","targetHints":{"allow":["GET"]}}],"collection":[{"href":"https:\/\/e.kosmolat.eu\/lt\/wp-json\/wp\/v2\/product"}],"about":[{"href":"https:\/\/e.kosmolat.eu\/lt\/wp-json\/wp\/v2\/types\/product"}],"wp:featuredmedia":[{"embeddable":true,"href":"https:\/\/e.kosmolat.eu\/lt\/wp-json\/wp\/v2\/media\/89442"}],"wp:attachment":[{"href":"https:\/\/e.kosmolat.eu\/lt\/wp-json\/wp\/v2\/media?parent=31671"}],"wp:term":[{"taxonomy":"product_cat","embeddable":true,"href":"https:\/\/e.kosmolat.eu\/lt\/wp-json\/wp\/v2\/product_cat?post=31671"},{"taxonomy":"product_tag","embeddable":true,"href":"https:\/\/e.kosmolat.eu\/lt\/wp-json\/wp\/v2\/product_tag?post=31671"}],"curies":[{"name":"wp","href":"https:\/\/api.w.org\/{rel}","templated":true}]}}