{"id":31667,"date":"2023-12-19T22:44:07","date_gmt":"2023-12-19T22:44:07","guid":{"rendered":"https:\/\/e.kosmolat.eu\/product\/bio-naturell-kremziepes-mandelu-piens-473-ml\/"},"modified":"2025-09-20T02:13:10","modified_gmt":"2025-09-20T02:13:10","slug":"i_bio-naturell-kremziepes-mandelu-piens-473-ml","status":"publish","type":"product","link":"https:\/\/e.kosmolat.eu\/lt\/produktas\/i_bio-naturell-kremziepes-mandelu-piens-473-ml\/","title":{"rendered":"I_BIO NATURELL Kreminis muilas Migdol\u0173  pienas, 473 ml"},"content":{"rendered":"<p>Kreminio muilo TM Bio Naturell sud\u0117tyje yra moderni\u0173 plovikli\u0173 komponent\u0173, kurie efektyviai ir &scaron;velniai valo od\u0105. Migdol\u0173 aliejus ir glicerinas mink&scaron;tina od\u0105, daro j\u0105 elastingesn\u0119 ir i&scaron;puosel\u0117t\u0105, apsaugo nuo dr\u0117gm\u0117s praradimo. Vegani&scaron;kas produktas<\/p>\n<p><strong>Naudojimas:<\/strong> i&scaron;tepkite rankas reikiamu kreminio muilo kiekiu, suputokite, nuplaukite vandeniu.<\/p>\n<p><strong>Atsargumo priemon\u0117s<\/strong>: padid\u0117j\u0119s individualus jautrumas atskiriems komponentams.<\/p>\n<p>Laikyti nuo +5&deg;C iki +25&deg;C temperat\u016broje.<br \/>\n&nbsp;<\/p>\n","protected":false},"excerpt":{"rendered":"<p>Kreminio muilo TM Bio Naturell sud\u0117tyje yra moderni\u0173 plovikli\u0173 komponent\u0173, kurie efektyviai ir &scaron;velniai valo od\u0105. Migdol\u0173 aliejus ir glicerinas mink&scaron;tina od\u0105, daro j\u0105 elastingesn\u0119 ir i&scaron;puosel\u0117t\u0105, apsaugo nuo dr\u0117gm\u0117s praradimo. Vegani&scaron;kas produktas Naudojimas: i&scaron;tepkite rankas reikiamu kreminio muilo kiekiu, suputokite, nuplaukite vandeniu. Atsargumo priemon\u0117s: padid\u0117j\u0119s individualus jautrumas atskiriems komponentams. Laikyti nuo +5&deg;C iki +25&deg;C [&#8230;]\n","protected":false},"featured_media":89746,"template":"","meta":[],"product_cat":[1748],"product_tag":[],"class_list":{"0":"post-31667","1":"product","2":"type-product","3":"status-publish","4":"has-post-thumbnail","6":"product_brand-elfa_ua-lt","7":"product_cat-skystas-muilas","9":"first","10":"outofstock","11":"taxable","12":"shipping-taxable","13":"product-type-simple"},"_links":{"self":[{"href":"https:\/\/e.kosmolat.eu\/lt\/wp-json\/wp\/v2\/product\/31667","targetHints":{"allow":["GET"]}}],"collection":[{"href":"https:\/\/e.kosmolat.eu\/lt\/wp-json\/wp\/v2\/product"}],"about":[{"href":"https:\/\/e.kosmolat.eu\/lt\/wp-json\/wp\/v2\/types\/product"}],"wp:featuredmedia":[{"embeddable":true,"href":"https:\/\/e.kosmolat.eu\/lt\/wp-json\/wp\/v2\/media\/89746"}],"wp:attachment":[{"href":"https:\/\/e.kosmolat.eu\/lt\/wp-json\/wp\/v2\/media?parent=31667"}],"wp:term":[{"taxonomy":"product_cat","embeddable":true,"href":"https:\/\/e.kosmolat.eu\/lt\/wp-json\/wp\/v2\/product_cat?post=31667"},{"taxonomy":"product_tag","embeddable":true,"href":"https:\/\/e.kosmolat.eu\/lt\/wp-json\/wp\/v2\/product_tag?post=31667"}],"curies":[{"name":"wp","href":"https:\/\/api.w.org\/{rel}","templated":true}]}}