{"id":31663,"date":"2023-12-19T22:43:48","date_gmt":"2023-12-19T22:43:48","guid":{"rendered":"https:\/\/e.kosmolat.eu\/product\/bio-naturell-kremziepes-mango-un-ananass-473-ml\/"},"modified":"2026-04-22T09:30:40","modified_gmt":"2026-04-22T09:30:40","slug":"bio-naturell-kremziepes-mango-un-ananass-473-ml","status":"publish","type":"product","link":"https:\/\/e.kosmolat.eu\/lt\/produktas\/bio-naturell-kremziepes-mango-un-ananass-473-ml\/","title":{"rendered":"BIO NATURELL Kreminis muilas Mangai ir ananasai, 473 ml"},"content":{"rendered":"<p>Kreminio muilo TM Bio Naturell sud\u0117tyje yra prausiklio komponent\u0173, kurie efektyviai ir &scaron;velniai valo od\u0105. Mang\u0173 sviestas ir ananas\u0173 ekstraktas mink&scaron;tina od\u0105, daro j\u0105 elastingesn\u0119 ir gerai pri\u017ei\u016brim\u0105, apsaugo nuo dr\u0117gm\u0117s praradimo. Vegani&scaron;kas produktas.<\/p>\n<p><strong>Naudojimas:<\/strong> i&scaron;tepkite rankas reikiamu kreminio muilo kiekiu, suputokite, nuplaukite vandeniu.<\/p>\n<p><strong>Atsargumo priemon\u0117s:<\/strong> padid\u0117j\u0119s individualus jautrumas atskiriems komponentams.<\/p>\n<p>Laikyti nuo +5&deg;C iki +25&deg;C temperat\u016broje.<br \/>\n&nbsp;<\/p>\n","protected":false},"excerpt":{"rendered":"<p>Kreminio muilo TM Bio Naturell sud\u0117tyje yra prausiklio komponent\u0173, kurie efektyviai ir &scaron;velniai valo od\u0105. Mang\u0173 sviestas ir ananas\u0173 ekstraktas mink&scaron;tina od\u0105, daro j\u0105 elastingesn\u0119 ir gerai pri\u017ei\u016brim\u0105, apsaugo nuo dr\u0117gm\u0117s praradimo. Vegani&scaron;kas produktas. Naudojimas: i&scaron;tepkite rankas reikiamu kreminio muilo kiekiu, suputokite, nuplaukite vandeniu. Atsargumo priemon\u0117s: padid\u0117j\u0119s individualus jautrumas atskiriems komponentams. Laikyti nuo +5&deg;C iki [&#8230;]\n","protected":false},"featured_media":89742,"template":"","meta":[],"product_cat":[2181],"product_tag":[],"class_list":{"0":"post-31663","1":"product","2":"type-product","3":"status-publish","4":"has-post-thumbnail","6":"product_brand-elfa_ua-lt","7":"product_cat-bez-kategorijas-lt","9":"first","10":"instock","11":"taxable","12":"shipping-taxable","13":"product-type-simple"},"_links":{"self":[{"href":"https:\/\/e.kosmolat.eu\/lt\/wp-json\/wp\/v2\/product\/31663","targetHints":{"allow":["GET"]}}],"collection":[{"href":"https:\/\/e.kosmolat.eu\/lt\/wp-json\/wp\/v2\/product"}],"about":[{"href":"https:\/\/e.kosmolat.eu\/lt\/wp-json\/wp\/v2\/types\/product"}],"wp:featuredmedia":[{"embeddable":true,"href":"https:\/\/e.kosmolat.eu\/lt\/wp-json\/wp\/v2\/media\/89742"}],"wp:attachment":[{"href":"https:\/\/e.kosmolat.eu\/lt\/wp-json\/wp\/v2\/media?parent=31663"}],"wp:term":[{"taxonomy":"product_cat","embeddable":true,"href":"https:\/\/e.kosmolat.eu\/lt\/wp-json\/wp\/v2\/product_cat?post=31663"},{"taxonomy":"product_tag","embeddable":true,"href":"https:\/\/e.kosmolat.eu\/lt\/wp-json\/wp\/v2\/product_tag?post=31663"}],"curies":[{"name":"wp","href":"https:\/\/api.w.org\/{rel}","templated":true}]}}