{"id":31651,"date":"2023-12-19T22:42:47","date_gmt":"2023-12-19T22:42:47","guid":{"rendered":"https:\/\/e.kosmolat.eu\/product\/bio-naturell-kremziepes-kokosriekstu-piens-473-ml\/"},"modified":"2026-04-15T14:20:00","modified_gmt":"2026-04-15T14:20:00","slug":"bio-naturell-kremziepes-kokosriekstu-piens-473-ml","status":"publish","type":"product","link":"https:\/\/e.kosmolat.eu\/lt\/produktas\/bio-naturell-kremziepes-kokosriekstu-piens-473-ml\/","title":{"rendered":"BIO NATURELL Kreminis muilas Kokos\u0173 pienas, 473 ml"},"content":{"rendered":"<p>TM Bio Naturell kreminio muilo sud\u0117tyje yra moderni\u0173 plovikli\u0173 ingredient\u0173, kurie efektyviai ir &scaron;velniai valo od\u0105. Kokos\u0173, pieno ir glicerino ekstraktai mink&scaron;tina od\u0105, daro j\u0105 elasting\u0105 ir apsaugo nuo dr\u0117gm\u0117s praradimo. Kreminis muilas yra kremin\u0117s tekst\u016bros ir lengvo aromato.<\/p>\n<p>Vegani&scaron;kas produktas.<\/p>\n<p><strong>Naudojimas: <\/strong>i&scaron;tepkite rankas reikiamu kreminio muilo kiekiu, suputokite, nuplaukite vandeniu.<\/p>\n<p><strong>Atsargumo priemon\u0117s:<\/strong> padid\u0117j\u0119s individualus jautrumas atskiriems komponentams.<\/p>\n<p>Laikyti nuo +5&deg;C iki +25&deg;C temperat\u016broje.<br \/>\n&nbsp;<\/p>\n","protected":false},"excerpt":{"rendered":"<p>TM Bio Naturell kreminio muilo sud\u0117tyje yra moderni\u0173 plovikli\u0173 ingredient\u0173, kurie efektyviai ir &scaron;velniai valo od\u0105. Kokos\u0173, pieno ir glicerino ekstraktai mink&scaron;tina od\u0105, daro j\u0105 elasting\u0105 ir apsaugo nuo dr\u0117gm\u0117s praradimo. Kreminis muilas yra kremin\u0117s tekst\u016bros ir lengvo aromato. Vegani&scaron;kas produktas. Naudojimas: i&scaron;tepkite rankas reikiamu kreminio muilo kiekiu, suputokite, nuplaukite vandeniu. Atsargumo priemon\u0117s: padid\u0117j\u0119s individualus [&#8230;]\n","protected":false},"featured_media":89730,"template":"","meta":[],"product_cat":[2181],"product_tag":[],"class_list":{"0":"post-31651","1":"product","2":"type-product","3":"status-publish","4":"has-post-thumbnail","6":"product_brand-elfa_ua-lt","7":"product_cat-bez-kategorijas-lt","9":"first","10":"instock","11":"taxable","12":"shipping-taxable","13":"product-type-simple"},"_links":{"self":[{"href":"https:\/\/e.kosmolat.eu\/lt\/wp-json\/wp\/v2\/product\/31651","targetHints":{"allow":["GET"]}}],"collection":[{"href":"https:\/\/e.kosmolat.eu\/lt\/wp-json\/wp\/v2\/product"}],"about":[{"href":"https:\/\/e.kosmolat.eu\/lt\/wp-json\/wp\/v2\/types\/product"}],"wp:featuredmedia":[{"embeddable":true,"href":"https:\/\/e.kosmolat.eu\/lt\/wp-json\/wp\/v2\/media\/89730"}],"wp:attachment":[{"href":"https:\/\/e.kosmolat.eu\/lt\/wp-json\/wp\/v2\/media?parent=31651"}],"wp:term":[{"taxonomy":"product_cat","embeddable":true,"href":"https:\/\/e.kosmolat.eu\/lt\/wp-json\/wp\/v2\/product_cat?post=31651"},{"taxonomy":"product_tag","embeddable":true,"href":"https:\/\/e.kosmolat.eu\/lt\/wp-json\/wp\/v2\/product_tag?post=31651"}],"curies":[{"name":"wp","href":"https:\/\/api.w.org\/{rel}","templated":true}]}}