{"id":31603,"date":"2023-12-19T22:38:36","date_gmt":"2023-12-19T22:38:36","guid":{"rendered":"https:\/\/e.kosmolat.eu\/product\/bio-naturell-black-seed-oil-hyaluronic-acid-samp-vis-matu-tip-355-ml\/"},"modified":"2026-04-22T09:30:26","modified_gmt":"2026-04-22T09:30:26","slug":"i_bio-naturell-black-seed-oil-hyaluronic-acid-samp-vis-matu-tip-355-ml","status":"publish","type":"product","link":"https:\/\/e.kosmolat.eu\/lt\/produktas\/i_bio-naturell-black-seed-oil-hyaluronic-acid-samp-vis-matu-tip-355-ml\/","title":{"rendered":"I_BIO NATURELL Black Seed Oil &#038; Hyaluronic Acid \u0160amp\u016bnas vis\u0173 tip\u0173 plaukams, 355 ml"},"content":{"rendered":"<p>&Scaron;amp\u016bnas ultra dr\u0117kinimas. 97% ingredient\u0173 yra nat\u016bralios kilm\u0117s. Sud\u0117tyje yra 100% nat\u016brali\u0173 aliej\u0173. Vegani&scaron;kas produktas.<\/p>\n<p><strong>Naudojimas:<\/strong> tepkite ant dr\u0117gn\u0173 plauk\u0173, suputokite, nuplaukite vandeniu.<\/p>\n<p><strong>Atsargumo priemon\u0117s:<\/strong> Patekus \u012f akis, praplauti vandeniu. Galimas padid\u0117j\u0119s individualus jautrumas atskiriems komponentams.<\/p>\n<p>Laikyti nuo +5 &deg;C iki +25 &deg;C temperat\u016broje.<br \/>\n&nbsp;<\/p>\n","protected":false},"excerpt":{"rendered":"<p>&Scaron;amp\u016bnas ultra dr\u0117kinimas. 97% ingredient\u0173 yra nat\u016bralios kilm\u0117s. Sud\u0117tyje yra 100% nat\u016brali\u0173 aliej\u0173. Vegani&scaron;kas produktas. Naudojimas: tepkite ant dr\u0117gn\u0173 plauk\u0173, suputokite, nuplaukite vandeniu. Atsargumo priemon\u0117s: Patekus \u012f akis, praplauti vandeniu. Galimas padid\u0117j\u0119s individualus jautrumas atskiriems komponentams. Laikyti nuo +5 &deg;C iki +25 &deg;C temperat\u016broje. &nbsp;<\/p>\n","protected":false},"featured_media":89538,"template":"","meta":[],"product_cat":[2181],"product_tag":[],"class_list":{"0":"post-31603","1":"product","2":"type-product","3":"status-publish","4":"has-post-thumbnail","6":"product_brand-elfa_ua-lt","7":"product_cat-bez-kategorijas-lt","9":"first","10":"outofstock","11":"taxable","12":"shipping-taxable","13":"product-type-simple"},"_links":{"self":[{"href":"https:\/\/e.kosmolat.eu\/lt\/wp-json\/wp\/v2\/product\/31603","targetHints":{"allow":["GET"]}}],"collection":[{"href":"https:\/\/e.kosmolat.eu\/lt\/wp-json\/wp\/v2\/product"}],"about":[{"href":"https:\/\/e.kosmolat.eu\/lt\/wp-json\/wp\/v2\/types\/product"}],"wp:featuredmedia":[{"embeddable":true,"href":"https:\/\/e.kosmolat.eu\/lt\/wp-json\/wp\/v2\/media\/89538"}],"wp:attachment":[{"href":"https:\/\/e.kosmolat.eu\/lt\/wp-json\/wp\/v2\/media?parent=31603"}],"wp:term":[{"taxonomy":"product_cat","embeddable":true,"href":"https:\/\/e.kosmolat.eu\/lt\/wp-json\/wp\/v2\/product_cat?post=31603"},{"taxonomy":"product_tag","embeddable":true,"href":"https:\/\/e.kosmolat.eu\/lt\/wp-json\/wp\/v2\/product_tag?post=31603"}],"curies":[{"name":"wp","href":"https:\/\/api.w.org\/{rel}","templated":true}]}}