{"id":31599,"date":"2023-12-19T22:38:15","date_gmt":"2023-12-19T22:38:15","guid":{"rendered":"https:\/\/e.kosmolat.eu\/product\/bio-naturell-black-castor-oil-keratin-samp-vis-matu-tipiem-355-ml\/"},"modified":"2026-04-14T15:41:18","modified_gmt":"2026-04-14T15:41:18","slug":"i_bio-naturell-black-castor-oil-keratin-samp-vis-matu-tipiem-355-ml","status":"publish","type":"product","link":"https:\/\/e.kosmolat.eu\/lt\/produktas\/i_bio-naturell-black-castor-oil-keratin-samp-vis-matu-tipiem-355-ml\/","title":{"rendered":"I_BIO NATURELL Black Castor Oil &#038; Keratin \u0160amp\u016bnas vis\u0173 tip\u0173 plaukams, 355 ml"},"content":{"rendered":"<p>Ultra plauk\u0173 atk\u016brimas. 97% ingredient\u0173 yra nat\u016bralios kilm\u0117s. Sud\u0117tyje yra 100% nat\u016bralus aliejus. Vegani&scaron;kas produktas.<\/p>\n<p><strong>Naudojimas: <\/strong>tepkite ant dr\u0117gn\u0173 plauk\u0173, suputokite, nuplaukite vandeniu.<\/p>\n<p><strong>Atsargumo priemon\u0117s:<\/strong> Patekus \u012f akis, praplauti vandeniu. Galimas padid\u0117j\u0119s individualus jautrumas atskiriems komponentams.<\/p>\n<p>Laikyti nuo +5 &deg;C iki +25 &deg;C temperat\u016broje.<\/p>\n","protected":false},"excerpt":{"rendered":"<p>Ultra plauk\u0173 atk\u016brimas. 97% ingredient\u0173 yra nat\u016bralios kilm\u0117s. Sud\u0117tyje yra 100% nat\u016bralus aliejus. Vegani&scaron;kas produktas. Naudojimas: tepkite ant dr\u0117gn\u0173 plauk\u0173, suputokite, nuplaukite vandeniu. Atsargumo priemon\u0117s: Patekus \u012f akis, praplauti vandeniu. Galimas padid\u0117j\u0119s individualus jautrumas atskiriems komponentams. Laikyti nuo +5 &deg;C iki +25 &deg;C temperat\u016broje.<\/p>\n","protected":false},"featured_media":89534,"template":"","meta":[],"product_cat":[1251],"product_tag":[],"class_list":{"0":"post-31599","1":"product","2":"type-product","3":"status-publish","4":"has-post-thumbnail","6":"product_brand-elfa_ua-lt","7":"product_cat-sampunai","9":"first","10":"outofstock","11":"taxable","12":"shipping-taxable","13":"product-type-simple"},"_links":{"self":[{"href":"https:\/\/e.kosmolat.eu\/lt\/wp-json\/wp\/v2\/product\/31599","targetHints":{"allow":["GET"]}}],"collection":[{"href":"https:\/\/e.kosmolat.eu\/lt\/wp-json\/wp\/v2\/product"}],"about":[{"href":"https:\/\/e.kosmolat.eu\/lt\/wp-json\/wp\/v2\/types\/product"}],"wp:featuredmedia":[{"embeddable":true,"href":"https:\/\/e.kosmolat.eu\/lt\/wp-json\/wp\/v2\/media\/89534"}],"wp:attachment":[{"href":"https:\/\/e.kosmolat.eu\/lt\/wp-json\/wp\/v2\/media?parent=31599"}],"wp:term":[{"taxonomy":"product_cat","embeddable":true,"href":"https:\/\/e.kosmolat.eu\/lt\/wp-json\/wp\/v2\/product_cat?post=31599"},{"taxonomy":"product_tag","embeddable":true,"href":"https:\/\/e.kosmolat.eu\/lt\/wp-json\/wp\/v2\/product_tag?post=31599"}],"curies":[{"name":"wp","href":"https:\/\/api.w.org\/{rel}","templated":true}]}}