{"id":31595,"date":"2023-12-19T22:37:54","date_gmt":"2023-12-19T22:37:54","guid":{"rendered":"https:\/\/e.kosmolat.eu\/product\/bio-naturell-avocado-oil-biotin-samp-vis-matu-tip-355-ml\/"},"modified":"2026-03-31T20:11:16","modified_gmt":"2026-03-31T20:11:16","slug":"i_bio-naturell-avocado-oil-biotin-samp-vis-matu-tip-355-ml","status":"publish","type":"product","link":"https:\/\/e.kosmolat.eu\/lt\/produktas\/i_bio-naturell-avocado-oil-biotin-samp-vis-matu-tip-355-ml\/","title":{"rendered":"I_BIO NATURELL \u0160amp\u016bnas vis\u0173 tip\u0173 plaukams Avocado Oil &#038; Biotin, 355 ml"},"content":{"rendered":"<p>&Scaron;amp\u016bnas vis\u0173 tip\u0173 plaukams.<\/p>\n<p><strong>Naudojimas: <\/strong>tepkite ant dr\u0117gn\u0173 plauk\u0173, suputokite, nuplaukite vandeniu.<\/p>\n<p><strong>Atsargumo priemon\u0117s:<\/strong> Patekus \u012f akis, praplauti vandeniu. Galimas padid\u0117j\u0119s individualus jautrumas atskiriems komponentams.<\/p>\n","protected":false},"excerpt":{"rendered":"<p>&Scaron;amp\u016bnas vis\u0173 tip\u0173 plaukams. Naudojimas: tepkite ant dr\u0117gn\u0173 plauk\u0173, suputokite, nuplaukite vandeniu. Atsargumo priemon\u0117s: Patekus \u012f akis, praplauti vandeniu. Galimas padid\u0117j\u0119s individualus jautrumas atskiriems komponentams.<\/p>\n","protected":false},"featured_media":89530,"template":"","meta":[],"product_cat":[1251],"product_tag":[],"class_list":{"0":"post-31595","1":"product","2":"type-product","3":"status-publish","4":"has-post-thumbnail","6":"product_brand-elfa_ua-lt","7":"product_cat-sampunai","9":"first","10":"outofstock","11":"taxable","12":"shipping-taxable","13":"product-type-simple"},"_links":{"self":[{"href":"https:\/\/e.kosmolat.eu\/lt\/wp-json\/wp\/v2\/product\/31595","targetHints":{"allow":["GET"]}}],"collection":[{"href":"https:\/\/e.kosmolat.eu\/lt\/wp-json\/wp\/v2\/product"}],"about":[{"href":"https:\/\/e.kosmolat.eu\/lt\/wp-json\/wp\/v2\/types\/product"}],"wp:featuredmedia":[{"embeddable":true,"href":"https:\/\/e.kosmolat.eu\/lt\/wp-json\/wp\/v2\/media\/89530"}],"wp:attachment":[{"href":"https:\/\/e.kosmolat.eu\/lt\/wp-json\/wp\/v2\/media?parent=31595"}],"wp:term":[{"taxonomy":"product_cat","embeddable":true,"href":"https:\/\/e.kosmolat.eu\/lt\/wp-json\/wp\/v2\/product_cat?post=31595"},{"taxonomy":"product_tag","embeddable":true,"href":"https:\/\/e.kosmolat.eu\/lt\/wp-json\/wp\/v2\/product_tag?post=31595"}],"curies":[{"name":"wp","href":"https:\/\/api.w.org\/{rel}","templated":true}]}}