{"id":31587,"date":"2023-12-19T22:37:14","date_gmt":"2023-12-19T22:37:14","guid":{"rendered":"https:\/\/e.kosmolat.eu\/product\/dr-sante-aloe-vera-sampuns-rekonstrukcija-1000-ml\/"},"modified":"2026-04-17T07:54:59","modified_gmt":"2026-04-17T07:54:59","slug":"dr-sante-aloe-vera-sampuns-rekonstrukcija-1000-ml","status":"publish","type":"product","link":"https:\/\/e.kosmolat.eu\/lt\/produktas\/dr-sante-aloe-vera-sampuns-rekonstrukcija-1000-ml\/","title":{"rendered":"Dr.Sante Aloe Vera \u0160amp\u016bna Rekonstrukcija, 1000 ml"},"content":{"rendered":"<p>Stiprinantis &scaron;amp\u016bnas &scaron;velniai i&scaron;valo plaukus nuo ne&scaron;varum\u0173 ir formavimo priemoni\u0173 liku\u010di\u0173. Reguliariai naudojant &scaron;amp\u016bn\u0105, j\u016bs\u0173 plaukai taps sveikesni, glotnesni ir &scaron;velnesni. Panaudojus &scaron;amp\u016bn\u0105, rekomenduojama u\u017etepti balzam\u0105 ar kauk\u0119.<\/p>\n<p><strong>Naudojimo instrukcija: <\/strong>i&scaron;tepkite reikiam\u0105 kiek\u012f &scaron;amp\u016bno ant dr\u0117gn\u0173 plauk\u0173, suputokite, i&scaron;skalaukite vandeniu. Jei reikia, pakartokite proced\u016br\u0105.<\/p>\n<p><strong>Atsargumo priemon\u0117s: <\/strong>patekus \u012f akis, praplauti vandeniu. Galimas padid\u0117j\u0119s individualus jautrumas atskiriems komponentams.<\/p>\n<p>Laikyti nuo +5 &deg;C iki +25 &deg;C temperat\u016broje.<br \/>\n&nbsp;<\/p>\n","protected":false},"excerpt":{"rendered":"<p>Stiprinantis &scaron;amp\u016bnas &scaron;velniai i&scaron;valo plaukus nuo ne&scaron;varum\u0173 ir formavimo priemoni\u0173 liku\u010di\u0173. Reguliariai naudojant &scaron;amp\u016bn\u0105, j\u016bs\u0173 plaukai taps sveikesni, glotnesni ir &scaron;velnesni. Panaudojus &scaron;amp\u016bn\u0105, rekomenduojama u\u017etepti balzam\u0105 ar kauk\u0119. Naudojimo instrukcija: i&scaron;tepkite reikiam\u0105 kiek\u012f &scaron;amp\u016bno ant dr\u0117gn\u0173 plauk\u0173, suputokite, i&scaron;skalaukite vandeniu. Jei reikia, pakartokite proced\u016br\u0105. Atsargumo priemon\u0117s: patekus \u012f akis, praplauti vandeniu. Galimas padid\u0117j\u0119s individualus jautrumas [&#8230;]\n","protected":false},"featured_media":89522,"template":"","meta":[],"product_cat":[2181],"product_tag":[],"class_list":{"0":"post-31587","1":"product","2":"type-product","3":"status-publish","4":"has-post-thumbnail","6":"product_brand-elfa_ua-lt","7":"product_cat-bez-kategorijas-lt","9":"first","10":"instock","11":"taxable","12":"shipping-taxable","13":"product-type-simple"},"_links":{"self":[{"href":"https:\/\/e.kosmolat.eu\/lt\/wp-json\/wp\/v2\/product\/31587","targetHints":{"allow":["GET"]}}],"collection":[{"href":"https:\/\/e.kosmolat.eu\/lt\/wp-json\/wp\/v2\/product"}],"about":[{"href":"https:\/\/e.kosmolat.eu\/lt\/wp-json\/wp\/v2\/types\/product"}],"wp:featuredmedia":[{"embeddable":true,"href":"https:\/\/e.kosmolat.eu\/lt\/wp-json\/wp\/v2\/media\/89522"}],"wp:attachment":[{"href":"https:\/\/e.kosmolat.eu\/lt\/wp-json\/wp\/v2\/media?parent=31587"}],"wp:term":[{"taxonomy":"product_cat","embeddable":true,"href":"https:\/\/e.kosmolat.eu\/lt\/wp-json\/wp\/v2\/product_cat?post=31587"},{"taxonomy":"product_tag","embeddable":true,"href":"https:\/\/e.kosmolat.eu\/lt\/wp-json\/wp\/v2\/product_tag?post=31587"}],"curies":[{"name":"wp","href":"https:\/\/api.w.org\/{rel}","templated":true}]}}