{"id":31579,"date":"2023-12-19T22:36:30","date_gmt":"2023-12-19T22:36:30","guid":{"rendered":"https:\/\/e.kosmolat.eu\/product\/lv-d-panthenol-vitamin-e-nagu-un-kutikulas-serums-atjaunosana-10-g\/"},"modified":"2025-09-20T01:58:07","modified_gmt":"2025-09-20T01:58:07","slug":"lv-d-panthenol-vitamin-e-nagu-un-kutikulas-serums-atjaunosana-10-g","status":"publish","type":"product","link":"https:\/\/e.kosmolat.eu\/lt\/produktas\/lv-d-panthenol-vitamin-e-nagu-un-kutikulas-serums-atjaunosana-10-g\/","title":{"rendered":"LUXVISAGE D-pantenolio ir vitamino E serumas nagams ir odeli\u0173 atstatymui, 10 g"},"content":{"rendered":"<p>Sud\u0117tyje esantis D-pantenolis, vitaminas E, migdol\u0173 aliejus ir apelsin\u0173 eterinis aliejus padeda dr\u0117kinti, maitina ir mink&scaron;tina odel\u0119, turi atkuriam\u0105j\u012f ir raminam\u0105j\u012f poveik\u012f, turi antioksidacin\u012f poveik\u012f.<\/p>\n<p><strong>Naudojimas: <\/strong>u\u017etepkite ant nag\u0173 ir odeli\u0173, \u012ftrinkite masa\u017euojamaisiais judesiais, kol visi&scaron;kai \u012fsigers.<\/p>\n<p>Laikyti nuo +5 &deg;\u0421 iki +25 &deg;\u0421 temperat\u016broje.<br \/>\n&nbsp;<\/p>\n","protected":false},"excerpt":{"rendered":"<p>Sud\u0117tyje esantis D-pantenolis, vitaminas E, migdol\u0173 aliejus ir apelsin\u0173 eterinis aliejus padeda dr\u0117kinti, maitina ir mink&scaron;tina odel\u0119, turi atkuriam\u0105j\u012f ir raminam\u0105j\u012f poveik\u012f, turi antioksidacin\u012f poveik\u012f. Naudojimas: u\u017etepkite ant nag\u0173 ir odeli\u0173, \u012ftrinkite masa\u017euojamaisiais judesiais, kol visi&scaron;kai \u012fsigers. Laikyti nuo +5 &deg;\u0421 iki +25 &deg;\u0421 temperat\u016broje. &nbsp;<\/p>\n","protected":false},"featured_media":89506,"template":"","meta":[],"product_cat":[1745],"product_tag":[],"class_list":{"0":"post-31579","1":"product","2":"type-product","3":"status-publish","4":"has-post-thumbnail","6":"product_brand-lux-visage_by-lt","7":"product_cat-nagu-prieziura-ranku-prieziura","9":"first","10":"outofstock","11":"taxable","12":"shipping-taxable","13":"product-type-simple"},"_links":{"self":[{"href":"https:\/\/e.kosmolat.eu\/lt\/wp-json\/wp\/v2\/product\/31579","targetHints":{"allow":["GET"]}}],"collection":[{"href":"https:\/\/e.kosmolat.eu\/lt\/wp-json\/wp\/v2\/product"}],"about":[{"href":"https:\/\/e.kosmolat.eu\/lt\/wp-json\/wp\/v2\/types\/product"}],"wp:featuredmedia":[{"embeddable":true,"href":"https:\/\/e.kosmolat.eu\/lt\/wp-json\/wp\/v2\/media\/89506"}],"wp:attachment":[{"href":"https:\/\/e.kosmolat.eu\/lt\/wp-json\/wp\/v2\/media?parent=31579"}],"wp:term":[{"taxonomy":"product_cat","embeddable":true,"href":"https:\/\/e.kosmolat.eu\/lt\/wp-json\/wp\/v2\/product_cat?post=31579"},{"taxonomy":"product_tag","embeddable":true,"href":"https:\/\/e.kosmolat.eu\/lt\/wp-json\/wp\/v2\/product_tag?post=31579"}],"curies":[{"name":"wp","href":"https:\/\/api.w.org\/{rel}","templated":true}]}}