{"id":31575,"date":"2023-12-19T22:36:12","date_gmt":"2023-12-19T22:36:12","guid":{"rendered":"https:\/\/e.kosmolat.eu\/product\/lv-jelly-rose-lupu-spid-balzams-mitrinasana\/"},"modified":"2026-04-10T09:53:19","modified_gmt":"2026-04-10T09:53:19","slug":"lv-jelly-rose-lupu-spid-balzams-mitrinasana-2-9-g","status":"publish","type":"product","link":"https:\/\/e.kosmolat.eu\/lt\/produktas\/lv-jelly-rose-lupu-spid-balzams-mitrinasana-2-9-g\/","title":{"rendered":"LUXVISAGE L\u016bp\u0173 blizgis Jelly Rose Dr\u0117kinimas"},"content":{"rendered":"<p><strong>Naudojimas:<\/strong> aplikatoriumi u\u017etepkite ant l\u016bp\u0173.<\/p>\n<p>Laikyti nuo +5 &deg;\u0421 iki +25 &deg;\u0421 temperat\u016broje sausoje vietoje, toliau nuo &scaron;ildymo prietais\u0173, saugoti nuo tiesiogini\u0173 saul\u0117s spinduli\u0173.<br \/>\n&nbsp;<\/p>\n","protected":false},"excerpt":{"rendered":"<p>Naudojimas: aplikatoriumi u\u017etepkite ant l\u016bp\u0173. Laikyti nuo +5 &deg;\u0421 iki +25 &deg;\u0421 temperat\u016broje sausoje vietoje, toliau nuo &scaron;ildymo prietais\u0173, saugoti nuo tiesiogini\u0173 saul\u0117s spinduli\u0173. &nbsp;<\/p>\n","protected":false},"featured_media":89502,"template":"","meta":[],"product_cat":[1386],"product_tag":[],"class_list":{"0":"post-31575","1":"product","2":"type-product","3":"status-publish","4":"has-post-thumbnail","6":"product_brand-lux-visage_by-lt","7":"product_cat-lupu-balzamas","9":"first","10":"outofstock","11":"taxable","12":"shipping-taxable","13":"product-type-simple"},"_links":{"self":[{"href":"https:\/\/e.kosmolat.eu\/lt\/wp-json\/wp\/v2\/product\/31575","targetHints":{"allow":["GET"]}}],"collection":[{"href":"https:\/\/e.kosmolat.eu\/lt\/wp-json\/wp\/v2\/product"}],"about":[{"href":"https:\/\/e.kosmolat.eu\/lt\/wp-json\/wp\/v2\/types\/product"}],"wp:featuredmedia":[{"embeddable":true,"href":"https:\/\/e.kosmolat.eu\/lt\/wp-json\/wp\/v2\/media\/89502"}],"wp:attachment":[{"href":"https:\/\/e.kosmolat.eu\/lt\/wp-json\/wp\/v2\/media?parent=31575"}],"wp:term":[{"taxonomy":"product_cat","embeddable":true,"href":"https:\/\/e.kosmolat.eu\/lt\/wp-json\/wp\/v2\/product_cat?post=31575"},{"taxonomy":"product_tag","embeddable":true,"href":"https:\/\/e.kosmolat.eu\/lt\/wp-json\/wp\/v2\/product_tag?post=31575"}],"curies":[{"name":"wp","href":"https:\/\/api.w.org\/{rel}","templated":true}]}}