{"id":31571,"date":"2023-12-19T22:35:54","date_gmt":"2023-12-19T22:35:54","guid":{"rendered":"https:\/\/e.kosmolat.eu\/product\/lv-jelly-mint-lupu-spidums-balz-atvesinoss-efekts\/"},"modified":"2026-04-01T07:26:38","modified_gmt":"2026-04-01T07:26:38","slug":"lv-jelly-mint-lupu-spidums-balz-atvesinoss-efekts","status":"publish","type":"product","link":"https:\/\/e.kosmolat.eu\/lt\/produktas\/lv-jelly-mint-lupu-spidums-balz-atvesinoss-efekts\/","title":{"rendered":"LUXVISAGE L\u016bp\u0173 blizgis Jelly Mint V\u0117sinantis efektas"},"content":{"rendered":"<p><strong>Naudojimas:<\/strong> aplikatoriumi u\u017etepkite ant l\u016bp\u0173.<\/p>\n<p>Laikyti nuo +5 &deg;\u0421 iki +25 &deg;\u0421 temperat\u016broje sausoje vietoje, toliau nuo &scaron;ildymo prietais\u0173, saugoti nuo tiesiogini\u0173 saul\u0117s spinduli\u0173.<br \/>\n&nbsp;<\/p>\n","protected":false},"excerpt":{"rendered":"<p>Naudojimas: aplikatoriumi u\u017etepkite ant l\u016bp\u0173. Laikyti nuo +5 &deg;\u0421 iki +25 &deg;\u0421 temperat\u016broje sausoje vietoje, toliau nuo &scaron;ildymo prietais\u0173, saugoti nuo tiesiogini\u0173 saul\u0117s spinduli\u0173. &nbsp;<\/p>\n","protected":false},"featured_media":89498,"template":"","meta":[],"product_cat":[1386],"product_tag":[],"class_list":{"0":"post-31571","1":"product","2":"type-product","3":"status-publish","4":"has-post-thumbnail","6":"product_brand-lux-visage_by-lt","7":"product_cat-lupu-balzamas","9":"first","10":"outofstock","11":"taxable","12":"shipping-taxable","13":"product-type-simple"},"_links":{"self":[{"href":"https:\/\/e.kosmolat.eu\/lt\/wp-json\/wp\/v2\/product\/31571","targetHints":{"allow":["GET"]}}],"collection":[{"href":"https:\/\/e.kosmolat.eu\/lt\/wp-json\/wp\/v2\/product"}],"about":[{"href":"https:\/\/e.kosmolat.eu\/lt\/wp-json\/wp\/v2\/types\/product"}],"wp:featuredmedia":[{"embeddable":true,"href":"https:\/\/e.kosmolat.eu\/lt\/wp-json\/wp\/v2\/media\/89498"}],"wp:attachment":[{"href":"https:\/\/e.kosmolat.eu\/lt\/wp-json\/wp\/v2\/media?parent=31571"}],"wp:term":[{"taxonomy":"product_cat","embeddable":true,"href":"https:\/\/e.kosmolat.eu\/lt\/wp-json\/wp\/v2\/product_cat?post=31571"},{"taxonomy":"product_tag","embeddable":true,"href":"https:\/\/e.kosmolat.eu\/lt\/wp-json\/wp\/v2\/product_tag?post=31571"}],"curies":[{"name":"wp","href":"https:\/\/api.w.org\/{rel}","templated":true}]}}