{"id":31523,"date":"2023-12-19T22:32:04","date_gmt":"2023-12-19T22:32:04","guid":{"rendered":"https:\/\/e.kosmolat.eu\/product\/vera-higieniskie-tamponi-super-8-gab\/"},"modified":"2026-04-16T05:54:53","modified_gmt":"2026-04-16T05:54:53","slug":"vera-higieniskie-tamponi-super-8-gab","status":"publish","type":"product","link":"https:\/\/e.kosmolat.eu\/lt\/produktas\/vera-higieniskie-tamponi-super-8-gab\/","title":{"rendered":"VERA Higieniniai tamponai Super, 8 vnt."},"content":{"rendered":"<p><strong>Sud\u0117tis:<\/strong> 100% &nbsp;viskoz\u0117s audinys, mink&scaron;tas neaustinis audinys, hidrofobinis si\u016blas.<\/p>\n<p><strong>Galiojimo laikas: <\/strong>5 metai nuo pagaminimo datos.<\/p>\n<p>Laikyti sausoje vietoje.<br \/>\n&nbsp;<\/p>\n","protected":false},"excerpt":{"rendered":"<p>Sud\u0117tis: 100% &nbsp;viskoz\u0117s audinys, mink&scaron;tas neaustinis audinys, hidrofobinis si\u016blas. Galiojimo laikas: 5 metai nuo pagaminimo datos. Laikyti sausoje vietoje. &nbsp;<\/p>\n","protected":false},"featured_media":89394,"template":"","meta":[],"product_cat":[2181],"product_tag":[],"class_list":{"0":"post-31523","1":"product","2":"type-product","3":"status-publish","4":"has-post-thumbnail","6":"product_brand-vera_pl-lt","7":"product_cat-bez-kategorijas-lt","9":"first","10":"instock","11":"taxable","12":"shipping-taxable","13":"product-type-simple"},"_links":{"self":[{"href":"https:\/\/e.kosmolat.eu\/lt\/wp-json\/wp\/v2\/product\/31523","targetHints":{"allow":["GET"]}}],"collection":[{"href":"https:\/\/e.kosmolat.eu\/lt\/wp-json\/wp\/v2\/product"}],"about":[{"href":"https:\/\/e.kosmolat.eu\/lt\/wp-json\/wp\/v2\/types\/product"}],"wp:featuredmedia":[{"embeddable":true,"href":"https:\/\/e.kosmolat.eu\/lt\/wp-json\/wp\/v2\/media\/89394"}],"wp:attachment":[{"href":"https:\/\/e.kosmolat.eu\/lt\/wp-json\/wp\/v2\/media?parent=31523"}],"wp:term":[{"taxonomy":"product_cat","embeddable":true,"href":"https:\/\/e.kosmolat.eu\/lt\/wp-json\/wp\/v2\/product_cat?post=31523"},{"taxonomy":"product_tag","embeddable":true,"href":"https:\/\/e.kosmolat.eu\/lt\/wp-json\/wp\/v2\/product_tag?post=31523"}],"curies":[{"name":"wp","href":"https:\/\/api.w.org\/{rel}","templated":true}]}}