{"id":31503,"date":"2023-12-19T22:30:49","date_gmt":"2023-12-19T22:30:49","guid":{"rendered":"https:\/\/e.kosmolat.eu\/product\/vera-siev-higien-paketes-duo-ultra-normal-soft-20-gab\/"},"modified":"2026-04-23T09:29:57","modified_gmt":"2026-04-23T09:29:57","slug":"vera-siev-higien-paketes-duo-ultra-normal-soft-20-gab","status":"publish","type":"product","link":"https:\/\/e.kosmolat.eu\/lt\/produktas\/vera-siev-higien-paketes-duo-ultra-normal-soft-20-gab\/","title":{"rendered":"VERA Moteri\u0161ki higieniniai \u012fklotai Duo Ultra Normal Soft, 20 vnt."},"content":{"rendered":"<p><strong>Sud\u0117tis:<\/strong> puri celiulioz\u0117p, neaustin\u0117 med\u017eiaga, polietileno pl\u0117vel\u0117, silikonizuotas popierius, superabsorbentas, termoplastiniai klijai.<\/p>\n<p><strong>Galiojimo laikas:<\/strong> 3 metai nuo pagaminimo datos.<\/p>\n<p>Laikyti sausoje vietoje.<br \/>\n&nbsp;<\/p>\n","protected":false},"excerpt":{"rendered":"<p>Sud\u0117tis: puri celiulioz\u0117p, neaustin\u0117 med\u017eiaga, polietileno pl\u0117vel\u0117, silikonizuotas popierius, superabsorbentas, termoplastiniai klijai. Galiojimo laikas: 3 metai nuo pagaminimo datos. Laikyti sausoje vietoje. &nbsp;<\/p>\n","protected":false},"featured_media":89374,"template":"","meta":[],"product_cat":[1815],"product_tag":[],"class_list":{"0":"post-31503","1":"product","2":"type-product","3":"status-publish","4":"has-post-thumbnail","6":"product_brand-vera_pl-lt","7":"product_cat-higieniniai-iklotai-ir-tamponai","9":"first","10":"instock","11":"taxable","12":"shipping-taxable","13":"product-type-simple"},"_links":{"self":[{"href":"https:\/\/e.kosmolat.eu\/lt\/wp-json\/wp\/v2\/product\/31503","targetHints":{"allow":["GET"]}}],"collection":[{"href":"https:\/\/e.kosmolat.eu\/lt\/wp-json\/wp\/v2\/product"}],"about":[{"href":"https:\/\/e.kosmolat.eu\/lt\/wp-json\/wp\/v2\/types\/product"}],"wp:featuredmedia":[{"embeddable":true,"href":"https:\/\/e.kosmolat.eu\/lt\/wp-json\/wp\/v2\/media\/89374"}],"wp:attachment":[{"href":"https:\/\/e.kosmolat.eu\/lt\/wp-json\/wp\/v2\/media?parent=31503"}],"wp:term":[{"taxonomy":"product_cat","embeddable":true,"href":"https:\/\/e.kosmolat.eu\/lt\/wp-json\/wp\/v2\/product_cat?post=31503"},{"taxonomy":"product_tag","embeddable":true,"href":"https:\/\/e.kosmolat.eu\/lt\/wp-json\/wp\/v2\/product_tag?post=31503"}],"curies":[{"name":"wp","href":"https:\/\/api.w.org\/{rel}","templated":true}]}}