{"id":31487,"date":"2023-12-19T22:29:38","date_gmt":"2023-12-19T22:29:38","guid":{"rendered":"https:\/\/e.kosmolat.eu\/product\/vera-siev-higien-paketes-ultra-night-soft-10-gab\/"},"modified":"2026-04-16T05:54:37","modified_gmt":"2026-04-16T05:54:37","slug":"vera-siev-higien-paketes-ultra-night-soft-10-gab","status":"publish","type":"product","link":"https:\/\/e.kosmolat.eu\/lt\/produktas\/vera-siev-higien-paketes-ultra-night-soft-10-gab\/","title":{"rendered":"VERA Moteri\u0161ki higieniniai \u012fklotai Ultra Night Soft, 10 vnt."},"content":{"rendered":"<p><strong>Sud\u0117tis:<\/strong> puri celiulioz\u0117p, neaustin\u0117 med\u017eiaga, polietileno pl\u0117vel\u0117, silikonizuotas popierius, superabsorbentas, termoplastiniai klijai.<\/p>\n<p><strong>Galiojimo laikas:<\/strong> 3 metai nuo pagaminimo datos.<\/p>\n<p>Laikyti sausoje vietoje.<br \/>\n&nbsp;<\/p>\n","protected":false},"excerpt":{"rendered":"<p>Sud\u0117tis: puri celiulioz\u0117p, neaustin\u0117 med\u017eiaga, polietileno pl\u0117vel\u0117, silikonizuotas popierius, superabsorbentas, termoplastiniai klijai. Galiojimo laikas: 3 metai nuo pagaminimo datos. Laikyti sausoje vietoje. &nbsp;<\/p>\n","protected":false},"featured_media":89358,"template":"","meta":[],"product_cat":[2181],"product_tag":[],"class_list":{"0":"post-31487","1":"product","2":"type-product","3":"status-publish","4":"has-post-thumbnail","6":"product_brand-sale-lt","7":"product_cat-bez-kategorijas-lt","9":"first","10":"outofstock","11":"taxable","12":"shipping-taxable","13":"product-type-simple"},"_links":{"self":[{"href":"https:\/\/e.kosmolat.eu\/lt\/wp-json\/wp\/v2\/product\/31487","targetHints":{"allow":["GET"]}}],"collection":[{"href":"https:\/\/e.kosmolat.eu\/lt\/wp-json\/wp\/v2\/product"}],"about":[{"href":"https:\/\/e.kosmolat.eu\/lt\/wp-json\/wp\/v2\/types\/product"}],"wp:featuredmedia":[{"embeddable":true,"href":"https:\/\/e.kosmolat.eu\/lt\/wp-json\/wp\/v2\/media\/89358"}],"wp:attachment":[{"href":"https:\/\/e.kosmolat.eu\/lt\/wp-json\/wp\/v2\/media?parent=31487"}],"wp:term":[{"taxonomy":"product_cat","embeddable":true,"href":"https:\/\/e.kosmolat.eu\/lt\/wp-json\/wp\/v2\/product_cat?post=31487"},{"taxonomy":"product_tag","embeddable":true,"href":"https:\/\/e.kosmolat.eu\/lt\/wp-json\/wp\/v2\/product_tag?post=31487"}],"curies":[{"name":"wp","href":"https:\/\/api.w.org\/{rel}","templated":true}]}}