{"id":31483,"date":"2023-12-19T22:29:20","date_gmt":"2023-12-19T22:29:20","guid":{"rendered":"https:\/\/e.kosmolat.eu\/product\/vera-siev-higien-paketes-ultra-normal-dry-12-gab\/"},"modified":"2026-03-03T11:55:05","modified_gmt":"2026-03-03T11:55:05","slug":"vera-siev-higien-paketes-ultra-normal-dry-12-gab","status":"publish","type":"product","link":"https:\/\/e.kosmolat.eu\/lt\/produktas\/vera-siev-higien-paketes-ultra-normal-dry-12-gab\/","title":{"rendered":"VERA Moteri\u0161ki higieniniai \u012fklotai Ultra Normal Dry, 12 vnt."},"content":{"rendered":"<p><strong>Sud\u0117tis: <\/strong>puri celiulioz\u0117p, neaustin\u0117 med\u017eiaga, polietileno pl\u0117vel\u0117, silikonizuotas popierius, superabsorbentas, termoplastiniai klijai.<\/p>\n<p><strong>Galiojimo laikas: <\/strong>3 metai nuo pagaminimo datos.<\/p>\n<p>Laikyti sausoje vietoje.<br \/>\n&nbsp;<\/p>\n","protected":false},"excerpt":{"rendered":"<p>Sud\u0117tis: puri celiulioz\u0117p, neaustin\u0117 med\u017eiaga, polietileno pl\u0117vel\u0117, silikonizuotas popierius, superabsorbentas, termoplastiniai klijai. Galiojimo laikas: 3 metai nuo pagaminimo datos. Laikyti sausoje vietoje. &nbsp;<\/p>\n","protected":false},"featured_media":89354,"template":"","meta":[],"product_cat":[1815],"product_tag":[],"class_list":{"0":"post-31483","1":"product","2":"type-product","3":"status-publish","4":"has-post-thumbnail","6":"product_brand-vera_pl-lt","7":"product_cat-higieniniai-iklotai-ir-tamponai","9":"first","10":"outofstock","11":"taxable","12":"shipping-taxable","13":"product-type-simple"},"_links":{"self":[{"href":"https:\/\/e.kosmolat.eu\/lt\/wp-json\/wp\/v2\/product\/31483","targetHints":{"allow":["GET"]}}],"collection":[{"href":"https:\/\/e.kosmolat.eu\/lt\/wp-json\/wp\/v2\/product"}],"about":[{"href":"https:\/\/e.kosmolat.eu\/lt\/wp-json\/wp\/v2\/types\/product"}],"wp:featuredmedia":[{"embeddable":true,"href":"https:\/\/e.kosmolat.eu\/lt\/wp-json\/wp\/v2\/media\/89354"}],"wp:attachment":[{"href":"https:\/\/e.kosmolat.eu\/lt\/wp-json\/wp\/v2\/media?parent=31483"}],"wp:term":[{"taxonomy":"product_cat","embeddable":true,"href":"https:\/\/e.kosmolat.eu\/lt\/wp-json\/wp\/v2\/product_cat?post=31483"},{"taxonomy":"product_tag","embeddable":true,"href":"https:\/\/e.kosmolat.eu\/lt\/wp-json\/wp\/v2\/product_tag?post=31483"}],"curies":[{"name":"wp","href":"https:\/\/api.w.org\/{rel}","templated":true}]}}