{"id":31467,"date":"2023-12-19T22:27:59","date_gmt":"2023-12-19T22:27:59","guid":{"rendered":"https:\/\/e.kosmolat.eu\/product\/davanu-kompl-bern-n-1-sampuns-250-ml-krems-75ml\/"},"modified":"2025-09-20T01:48:31","modified_gmt":"2025-09-20T01:48:31","slug":"davanu-kompl-bern-n-1-sampuns-250-ml-krems-75ml","status":"publish","type":"product","link":"https:\/\/e.kosmolat.eu\/lt\/produktas\/davanu-kompl-bern-n-1-sampuns-250-ml-krems-75ml\/","title":{"rendered":"BIOTON Rinkinys vaikams N. 1 (\u0160amp\u016bnas, 250 ml + kremas, 75 ml)"},"content":{"rendered":"<p><strong>Turinys:<\/strong><\/p>\n<p>1) &Scaron;velnus &scaron;amp\u016bnas &quot;Biotoshka&quot; su ramun\u0117l\u0117mis, 250 ml.<\/p>\n<p><strong>Naudojimas:<\/strong> paskirstykite ant dr\u0117gn\u0173 plauk\u0173, suputokite, gerai i&scaron;skalaukite vandeniu.<\/p>\n<p><strong>Geriausias:<\/strong> 30 m\u0117nesi\u0173 nuo pagaminimo datos.<\/p>\n<p>2) Vaiki&scaron;kas kremas &quot;Mo\u010diut\u0117s receptai&quot; su ramun\u0117l\u0117mis, 75 ml.<\/p>\n<p><strong>Naudojimas: <\/strong>tepkite krem\u0105 ant &scaron;varios ir sausos odos, masa\u017euokite, kol visi&scaron;kai \u012fsigers.<\/p>\n<p><strong>Atsargumo priemon\u0117s:<\/strong>&nbsp;tik i&scaron;oriniam naudojimui. Laikyti vaikams nepasiekiamoje vietoje.<\/p>\n<p>Laikyti nuo +5 &deg;C iki +25 &deg;C temperat\u016broje.<\/p>\n<p><strong>Geriausias:<\/strong> 24 m\u0117nesiai nuo pagaminimo datos.<br \/>\n&nbsp;<\/p>\n","protected":false},"excerpt":{"rendered":"<p>Turinys: 1) &Scaron;velnus &scaron;amp\u016bnas &quot;Biotoshka&quot; su ramun\u0117l\u0117mis, 250 ml. Naudojimas: paskirstykite ant dr\u0117gn\u0173 plauk\u0173, suputokite, gerai i&scaron;skalaukite vandeniu. Geriausias: 30 m\u0117nesi\u0173 nuo pagaminimo datos. 2) Vaiki&scaron;kas kremas &quot;Mo\u010diut\u0117s receptai&quot; su ramun\u0117l\u0117mis, 75 ml. Naudojimas: tepkite krem\u0105 ant &scaron;varios ir sausos odos, masa\u017euokite, kol visi&scaron;kai \u012fsigers. Atsargumo priemon\u0117s:&nbsp;tik i&scaron;oriniam naudojimui. Laikyti vaikams nepasiekiamoje vietoje. Laikyti nuo [&#8230;]\n","protected":false},"featured_media":89342,"template":"","meta":[],"product_cat":[1851],"product_tag":[],"class_list":{"0":"post-31467","1":"product","2":"type-product","3":"status-publish","4":"has-post-thumbnail","6":"product_brand-bioton_ua-lt","7":"product_cat-dovanu-rinkiniai-vaikams","9":"first","10":"outofstock","11":"taxable","12":"shipping-taxable","13":"product-type-simple"},"_links":{"self":[{"href":"https:\/\/e.kosmolat.eu\/lt\/wp-json\/wp\/v2\/product\/31467","targetHints":{"allow":["GET"]}}],"collection":[{"href":"https:\/\/e.kosmolat.eu\/lt\/wp-json\/wp\/v2\/product"}],"about":[{"href":"https:\/\/e.kosmolat.eu\/lt\/wp-json\/wp\/v2\/types\/product"}],"wp:featuredmedia":[{"embeddable":true,"href":"https:\/\/e.kosmolat.eu\/lt\/wp-json\/wp\/v2\/media\/89342"}],"wp:attachment":[{"href":"https:\/\/e.kosmolat.eu\/lt\/wp-json\/wp\/v2\/media?parent=31467"}],"wp:term":[{"taxonomy":"product_cat","embeddable":true,"href":"https:\/\/e.kosmolat.eu\/lt\/wp-json\/wp\/v2\/product_cat?post=31467"},{"taxonomy":"product_tag","embeddable":true,"href":"https:\/\/e.kosmolat.eu\/lt\/wp-json\/wp\/v2\/product_tag?post=31467"}],"curies":[{"name":"wp","href":"https:\/\/api.w.org\/{rel}","templated":true}]}}