{"id":31451,"date":"2023-12-19T22:26:29","date_gmt":"2023-12-19T22:26:29","guid":{"rendered":"https:\/\/e.kosmolat.eu\/product\/avenelle-micelar-attiros-zeleja-90-g\/"},"modified":"2025-09-20T01:46:00","modified_gmt":"2025-09-20T01:46:00","slug":"avenelle-micelar-attiros-zeleja-90-g","status":"publish","type":"product","link":"https:\/\/e.kosmolat.eu\/lt\/produktas\/avenelle-micelar-attiros-zeleja-90-g\/","title":{"rendered":"BELKOSMEX Avenelle Micelinis valomasis gelis, 90 g"},"content":{"rendered":"<p>Micelinis gelis &scaron;velniai valo od\u0105, suma\u017eina jos sausum\u0105 ir tempimo jausm\u0105. &Scaron;velniai &nbsp;ir kruop&scaron;\u010diai paruo&scaron;ia od\u0105 toliau nurodytoms prie\u017ei\u016bros proced\u016broms. Avi\u017e\u0173 ekstraktas padeda atkurti od\u0105 ir i&scaron;lygina smulkias rauk&scaron;leles.Hialurono r\u016bg&scaron;tis ir betainas reguliuoja vandens apykait\u0105, dr\u0117kina ir mink&scaron;tina od\u0105. Decilgliukozidas yra saugi nat\u016bralios kilm\u0117s cukrin\u0117 pavir&scaron;inio aktyvumo med\u017eiaga. Gelis tinka sausai ir jautriai odai &scaron;alinti \u012fsisen\u0117jus\u012f makia\u017e\u0105.<\/p>\n<p><strong>Naudojimas:<\/strong> u\u017etepkite gel\u012f ant dr\u0117gnos odos &#8211; &scaron;velniai masa\u017euokite ir nuplaukite &#8211; po proced\u016bros nusausinkite veid\u0105 &#8211; tepkite maitinan\u010di\u0105 arba dr\u0117kinan\u010di\u0105 prie\u017ei\u016br\u0105 suteikint\u012f krem\u0105.<\/p>\n<p>Laikyti nuo +5 &deg;C iki +25 &deg;C temperat\u016broje.<br \/>\n&nbsp;<\/p>\n","protected":false},"excerpt":{"rendered":"<p>Micelinis gelis &scaron;velniai valo od\u0105, suma\u017eina jos sausum\u0105 ir tempimo jausm\u0105. &Scaron;velniai &nbsp;ir kruop&scaron;\u010diai paruo&scaron;ia od\u0105 toliau nurodytoms prie\u017ei\u016bros proced\u016broms. Avi\u017e\u0173 ekstraktas padeda atkurti od\u0105 ir i&scaron;lygina smulkias rauk&scaron;leles.Hialurono r\u016bg&scaron;tis ir betainas reguliuoja vandens apykait\u0105, dr\u0117kina ir mink&scaron;tina od\u0105. Decilgliukozidas yra saugi nat\u016bralios kilm\u0117s cukrin\u0117 pavir&scaron;inio aktyvumo med\u017eiaga. Gelis tinka sausai ir jautriai odai &scaron;alinti [&#8230;]\n","protected":false},"featured_media":89298,"template":"","meta":[],"product_cat":[1577],"product_tag":[],"class_list":{"0":"post-31451","1":"product","2":"type-product","3":"status-publish","4":"has-post-thumbnail","6":"product_brand-belkosmex_by-lt","7":"product_cat-gelis","9":"first","10":"outofstock","11":"taxable","12":"shipping-taxable","13":"product-type-simple"},"_links":{"self":[{"href":"https:\/\/e.kosmolat.eu\/lt\/wp-json\/wp\/v2\/product\/31451","targetHints":{"allow":["GET"]}}],"collection":[{"href":"https:\/\/e.kosmolat.eu\/lt\/wp-json\/wp\/v2\/product"}],"about":[{"href":"https:\/\/e.kosmolat.eu\/lt\/wp-json\/wp\/v2\/types\/product"}],"wp:featuredmedia":[{"embeddable":true,"href":"https:\/\/e.kosmolat.eu\/lt\/wp-json\/wp\/v2\/media\/89298"}],"wp:attachment":[{"href":"https:\/\/e.kosmolat.eu\/lt\/wp-json\/wp\/v2\/media?parent=31451"}],"wp:term":[{"taxonomy":"product_cat","embeddable":true,"href":"https:\/\/e.kosmolat.eu\/lt\/wp-json\/wp\/v2\/product_cat?post=31451"},{"taxonomy":"product_tag","embeddable":true,"href":"https:\/\/e.kosmolat.eu\/lt\/wp-json\/wp\/v2\/product_tag?post=31451"}],"curies":[{"name":"wp","href":"https:\/\/api.w.org\/{rel}","templated":true}]}}