{"id":31439,"date":"2023-12-19T22:25:15","date_gmt":"2023-12-19T22:25:15","guid":{"rendered":"https:\/\/e.kosmolat.eu\/product\/belkosm-wellness-touch-sas-kerm-pasta-greipfr-350-g\/"},"modified":"2025-09-20T01:43:19","modified_gmt":"2025-09-20T01:43:19","slug":"wellness-touch-sas-kerm-pasta-greipfr-350-g","status":"publish","type":"product","link":"https:\/\/e.kosmolat.eu\/lt\/produktas\/wellness-touch-sas-kerm-pasta-greipfr-350-g\/","title":{"rendered":"BELKOSMEX Wellness Touch  Druskos pasta k\u016bnui Greipfrutas, 350 g"},"content":{"rendered":"<p>Kruop&scaron;\u010diai pa&scaron;alina negyvas l\u0105steles, prisotina nauding\u0173 mikroelement\u0173, suteikia mikromasa\u017eo efekt\u0105. J\u016bros druska, turinti daug mikroelement\u0173, tonizuoja od\u0105, lygina ir gerina odos spalv\u0105. J\u016bros druska sustiprina kit\u0173 pastos ingredient\u0173 poveik\u012f. Sud\u0117tyje esantis eterini\u0173 aliej\u0173 mi&scaron;inys atkuria emocin\u0119 pusiausvyr\u0105 ir gerina nuotaik\u0105.<\/p>\n<p><strong>Naudojimas:<\/strong> nedidel\u012f kiek\u012f priemon\u0117s u\u017etepkite ant dr\u0117gnos, &scaron;varios k\u016bno odos, paskirstykite, &scaron;velniai masa\u017euokite, gerai nuplaukite &scaron;iltu vandeniu. Po proced\u016bros tepkite dr\u0117kinam\u0105j\u0105 ir\/ar maitinam\u0105j\u0105 prie\u017ei\u016br\u0105. Naudokite ne da\u017eniau kaip kart\u0105 per savait\u0119. Atsargiai naudokite jautriai odai. Nenaudoti ant traumuotos, u\u017edegimin\u0117s ar pa\u017eeistos odos. Nenaudokite veido ir intymi\u0173 viet\u0173 valymui.<\/p>\n<p>Laikyti nuo +5 &deg;C iki +25 &deg;C temperat\u016broje, saugoti nuo tiesiogini\u0173 saul\u0117s spinduli\u0173.<br \/>\n&nbsp;<\/p>\n","protected":false},"excerpt":{"rendered":"<p>Kruop&scaron;\u010diai pa&scaron;alina negyvas l\u0105steles, prisotina nauding\u0173 mikroelement\u0173, suteikia mikromasa\u017eo efekt\u0105. J\u016bros druska, turinti daug mikroelement\u0173, tonizuoja od\u0105, lygina ir gerina odos spalv\u0105. J\u016bros druska sustiprina kit\u0173 pastos ingredient\u0173 poveik\u012f. Sud\u0117tyje esantis eterini\u0173 aliej\u0173 mi&scaron;inys atkuria emocin\u0119 pusiausvyr\u0105 ir gerina nuotaik\u0105. Naudojimas: nedidel\u012f kiek\u012f priemon\u0117s u\u017etepkite ant dr\u0117gnos, &scaron;varios k\u016bno odos, paskirstykite, &scaron;velniai masa\u017euokite, gerai nuplaukite [&#8230;]\n","protected":false},"featured_media":89258,"template":"","meta":[],"product_cat":[1359],"product_tag":[],"class_list":{"0":"post-31439","1":"product","2":"type-product","3":"status-publish","4":"has-post-thumbnail","6":"product_brand-belkosmex_by-lt","7":"product_cat-kuno-sveitikliai-ir-pilingai","9":"first","10":"outofstock","11":"taxable","12":"shipping-taxable","13":"product-type-simple"},"_links":{"self":[{"href":"https:\/\/e.kosmolat.eu\/lt\/wp-json\/wp\/v2\/product\/31439","targetHints":{"allow":["GET"]}}],"collection":[{"href":"https:\/\/e.kosmolat.eu\/lt\/wp-json\/wp\/v2\/product"}],"about":[{"href":"https:\/\/e.kosmolat.eu\/lt\/wp-json\/wp\/v2\/types\/product"}],"wp:featuredmedia":[{"embeddable":true,"href":"https:\/\/e.kosmolat.eu\/lt\/wp-json\/wp\/v2\/media\/89258"}],"wp:attachment":[{"href":"https:\/\/e.kosmolat.eu\/lt\/wp-json\/wp\/v2\/media?parent=31439"}],"wp:term":[{"taxonomy":"product_cat","embeddable":true,"href":"https:\/\/e.kosmolat.eu\/lt\/wp-json\/wp\/v2\/product_cat?post=31439"},{"taxonomy":"product_tag","embeddable":true,"href":"https:\/\/e.kosmolat.eu\/lt\/wp-json\/wp\/v2\/product_tag?post=31439"}],"curies":[{"name":"wp","href":"https:\/\/api.w.org\/{rel}","templated":true}]}}