{"id":31431,"date":"2023-12-19T22:24:33","date_gmt":"2023-12-19T22:24:33","guid":{"rendered":"https:\/\/e.kosmolat.eu\/product\/po%d1%81-hand-cream-kr-serums-rokam-pret-mikroplaisam-aizsardz-un-atjaun-30-g\/"},"modified":"2025-09-20T01:42:41","modified_gmt":"2025-09-20T01:42:41","slug":"po%d1%81-hand-cream-kr-serums-rokam-pret-mikroplaisam-aizsardz-un-atjaun-30-g","status":"publish","type":"product","link":"https:\/\/e.kosmolat.eu\/lt\/produktas\/po%d1%81-hand-cream-kr-serums-rokam-pret-mikroplaisam-aizsardz-un-atjaun-30-g\/","title":{"rendered":"BELKOSMEX Pockets\u2019 Hand Cream Kremas serumas rankoms prie\u0161 mikro\u012ftr\u016bkimus Apsauga Atgaivinimas, 30 g"},"content":{"rendered":"<p>Kremo serumo veikliosios med\u017eiagos atkuria sveik\u0105 pa\u017eeistos, &scaron;iurk&scaron;\u010dios rank\u0173 odos i&scaron;vaizd\u0105, pa&scaron;alina &Scaron;erpetojim\u0105 ir nemalon\u0173 tempimo jausm\u0105.<\/p>\n<p><strong>Naudojimas: <\/strong>Tepkite masa\u017eo judesiais ant &scaron;varios, sausos rank\u0173 odos.<\/p>\n<p>Laikyti nuo +5 &deg;C iki +25 &deg;C temperat\u016broje.<br \/>\n&nbsp;<\/p>\n","protected":false},"excerpt":{"rendered":"<p>Kremo serumo veikliosios med\u017eiagos atkuria sveik\u0105 pa\u017eeistos, &scaron;iurk&scaron;\u010dios rank\u0173 odos i&scaron;vaizd\u0105, pa&scaron;alina &Scaron;erpetojim\u0105 ir nemalon\u0173 tempimo jausm\u0105. Naudojimas: Tepkite masa\u017eo judesiais ant &scaron;varios, sausos rank\u0173 odos. Laikyti nuo +5 &deg;C iki +25 &deg;C temperat\u016broje. &nbsp;<\/p>\n","protected":false},"featured_media":89250,"template":"","meta":[],"product_cat":[1304],"product_tag":[],"class_list":{"0":"post-31431","1":"product","2":"type-product","3":"status-publish","4":"has-post-thumbnail","6":"product_brand-belkosmex_by-lt","7":"product_cat-ranku-prieziuros-kosmetika","9":"first","10":"outofstock","11":"taxable","12":"shipping-taxable","13":"product-type-simple"},"_links":{"self":[{"href":"https:\/\/e.kosmolat.eu\/lt\/wp-json\/wp\/v2\/product\/31431","targetHints":{"allow":["GET"]}}],"collection":[{"href":"https:\/\/e.kosmolat.eu\/lt\/wp-json\/wp\/v2\/product"}],"about":[{"href":"https:\/\/e.kosmolat.eu\/lt\/wp-json\/wp\/v2\/types\/product"}],"wp:featuredmedia":[{"embeddable":true,"href":"https:\/\/e.kosmolat.eu\/lt\/wp-json\/wp\/v2\/media\/89250"}],"wp:attachment":[{"href":"https:\/\/e.kosmolat.eu\/lt\/wp-json\/wp\/v2\/media?parent=31431"}],"wp:term":[{"taxonomy":"product_cat","embeddable":true,"href":"https:\/\/e.kosmolat.eu\/lt\/wp-json\/wp\/v2\/product_cat?post=31431"},{"taxonomy":"product_tag","embeddable":true,"href":"https:\/\/e.kosmolat.eu\/lt\/wp-json\/wp\/v2\/product_tag?post=31431"}],"curies":[{"name":"wp","href":"https:\/\/api.w.org\/{rel}","templated":true}]}}