{"id":31427,"date":"2023-12-19T22:24:15","date_gmt":"2023-12-19T22:24:15","guid":{"rendered":"https:\/\/e.kosmolat.eu\/product\/poc-hand-cream-roku-kr-serums-pret-pigment-plank-un-grumbam-30-g\/"},"modified":"2025-09-20T01:42:27","modified_gmt":"2025-09-20T01:42:27","slug":"poc-hand-cream-roku-kr-serums-pret-pigment-plank-un-grumbam-30-g","status":"publish","type":"product","link":"https:\/\/e.kosmolat.eu\/lt\/produktas\/poc-hand-cream-roku-kr-serums-pret-pigment-plank-un-grumbam-30-g\/","title":{"rendered":"BELKOSMEX Pockets\u2019 Hand Cream Kremas serumas rankoms prie\u0161 pigmentines d\u0117mes ir rauk\u0161leles, 30 g"},"content":{"rendered":"<p>Anti-sen\u0117jimo prie\u017ei\u016bros formul\u0117 i&scaron;lygina rank\u0173 od\u0105, padeda pa&scaron;viesinti am\u017eiaus d\u0117mes, ilgam u\u017etikrina &scaron;velnum\u0105, glotnum\u0105 ir elastingum\u0105.<\/p>\n<p><strong>Naudojimas:<\/strong> Tepkite masa\u017eo judesiais ant &scaron;varios, sausos rank\u0173 odos.<\/p>\n<p>Laikyti nuo +5 &deg;C iki +25 &deg;C temperat\u016broje.<br \/>\n&nbsp;<\/p>\n","protected":false},"excerpt":{"rendered":"<p>Anti-sen\u0117jimo prie\u017ei\u016bros formul\u0117 i&scaron;lygina rank\u0173 od\u0105, padeda pa&scaron;viesinti am\u017eiaus d\u0117mes, ilgam u\u017etikrina &scaron;velnum\u0105, glotnum\u0105 ir elastingum\u0105. Naudojimas: Tepkite masa\u017eo judesiais ant &scaron;varios, sausos rank\u0173 odos. Laikyti nuo +5 &deg;C iki +25 &deg;C temperat\u016broje. &nbsp;<\/p>\n","protected":false},"featured_media":89246,"template":"","meta":[],"product_cat":[1304],"product_tag":[],"class_list":{"0":"post-31427","1":"product","2":"type-product","3":"status-publish","4":"has-post-thumbnail","6":"product_brand-belkosmex_by-lt","7":"product_cat-ranku-prieziuros-kosmetika","9":"first","10":"outofstock","11":"taxable","12":"shipping-taxable","13":"product-type-simple"},"_links":{"self":[{"href":"https:\/\/e.kosmolat.eu\/lt\/wp-json\/wp\/v2\/product\/31427","targetHints":{"allow":["GET"]}}],"collection":[{"href":"https:\/\/e.kosmolat.eu\/lt\/wp-json\/wp\/v2\/product"}],"about":[{"href":"https:\/\/e.kosmolat.eu\/lt\/wp-json\/wp\/v2\/types\/product"}],"wp:featuredmedia":[{"embeddable":true,"href":"https:\/\/e.kosmolat.eu\/lt\/wp-json\/wp\/v2\/media\/89246"}],"wp:attachment":[{"href":"https:\/\/e.kosmolat.eu\/lt\/wp-json\/wp\/v2\/media?parent=31427"}],"wp:term":[{"taxonomy":"product_cat","embeddable":true,"href":"https:\/\/e.kosmolat.eu\/lt\/wp-json\/wp\/v2\/product_cat?post=31427"},{"taxonomy":"product_tag","embeddable":true,"href":"https:\/\/e.kosmolat.eu\/lt\/wp-json\/wp\/v2\/product_tag?post=31427"}],"curies":[{"name":"wp","href":"https:\/\/api.w.org\/{rel}","templated":true}]}}