{"id":31423,"date":"2023-12-19T22:23:55","date_gmt":"2023-12-19T22:23:55","guid":{"rendered":"https:\/\/e.kosmolat.eu\/product\/poc-hand-cream-kr-sviests-rok-un-nag-kokosr-un-mandel-30-g\/"},"modified":"2025-09-20T01:42:04","modified_gmt":"2025-09-20T01:42:04","slug":"poc-hand-cream-kr-sviests-rok-un-nag-kokosr-un-mandel-30-g","status":"publish","type":"product","link":"https:\/\/e.kosmolat.eu\/lt\/produktas\/poc-hand-cream-kr-sviests-rok-un-nag-kokosr-un-mandel-30-g\/","title":{"rendered":"BELKOSMEX Pockets\u2019 Hand Cream Kremas sviestas rankoms ir nagams Kokosai ir migdolai, 30 g"},"content":{"rendered":"<p>Atkuriamasis kompleksas kokos\u0173 ir migdol\u0173 aliejaus pagrindu pa&scaron;alina sausum\u0105 ir pleiskanojim\u0105, dr\u0117kina ir tonizuoja od\u0105, suteikia ilgalaik\u012f komforto jausm\u0105.<\/p>\n<p><strong>Naudojimas: <\/strong>Tepkite masa\u017eo judesiais ant &scaron;varios, sausos rank\u0173 odos.<\/p>\n<p>Laikyti nuo +5 &deg;C iki +25 &deg;C temperat\u016broje.<br \/>\n&nbsp;<\/p>\n","protected":false},"excerpt":{"rendered":"<p>Atkuriamasis kompleksas kokos\u0173 ir migdol\u0173 aliejaus pagrindu pa&scaron;alina sausum\u0105 ir pleiskanojim\u0105, dr\u0117kina ir tonizuoja od\u0105, suteikia ilgalaik\u012f komforto jausm\u0105. Naudojimas: Tepkite masa\u017eo judesiais ant &scaron;varios, sausos rank\u0173 odos. Laikyti nuo +5 &deg;C iki +25 &deg;C temperat\u016broje. &nbsp;<\/p>\n","protected":false},"featured_media":89242,"template":"","meta":[],"product_cat":[1304],"product_tag":[],"class_list":{"0":"post-31423","1":"product","2":"type-product","3":"status-publish","4":"has-post-thumbnail","6":"product_brand-belkosmex_by-lt","7":"product_cat-ranku-prieziuros-kosmetika","9":"first","10":"outofstock","11":"taxable","12":"shipping-taxable","13":"product-type-simple"},"_links":{"self":[{"href":"https:\/\/e.kosmolat.eu\/lt\/wp-json\/wp\/v2\/product\/31423","targetHints":{"allow":["GET"]}}],"collection":[{"href":"https:\/\/e.kosmolat.eu\/lt\/wp-json\/wp\/v2\/product"}],"about":[{"href":"https:\/\/e.kosmolat.eu\/lt\/wp-json\/wp\/v2\/types\/product"}],"wp:featuredmedia":[{"embeddable":true,"href":"https:\/\/e.kosmolat.eu\/lt\/wp-json\/wp\/v2\/media\/89242"}],"wp:attachment":[{"href":"https:\/\/e.kosmolat.eu\/lt\/wp-json\/wp\/v2\/media?parent=31423"}],"wp:term":[{"taxonomy":"product_cat","embeddable":true,"href":"https:\/\/e.kosmolat.eu\/lt\/wp-json\/wp\/v2\/product_cat?post=31423"},{"taxonomy":"product_tag","embeddable":true,"href":"https:\/\/e.kosmolat.eu\/lt\/wp-json\/wp\/v2\/product_tag?post=31423"}],"curies":[{"name":"wp","href":"https:\/\/api.w.org\/{rel}","templated":true}]}}