{"id":31415,"date":"2023-12-19T22:23:16","date_gmt":"2023-12-19T22:23:16","guid":{"rendered":"https:\/\/e.kosmolat.eu\/product\/poc-hand-cream-roku-krems-roze-un-azijas-centilija-30-g\/"},"modified":"2025-09-20T01:41:35","modified_gmt":"2025-09-20T01:41:35","slug":"poc-hand-cream-roku-krems-roze-un-azijas-centilija-30-g","status":"publish","type":"product","link":"https:\/\/e.kosmolat.eu\/lt\/produktas\/poc-hand-cream-roku-krems-roze-un-azijas-centilija-30-g\/","title":{"rendered":"BELKOSMEX Pockets\u2019 Hand Cream rank\u0173 kremas Ro\u017e\u0117s ir centel\u0117s, 30 g"},"content":{"rendered":"<p>&Scaron;velnus kremas su vertingais ekstraktais ir aliejais dr\u0117kina, suteikia rank\u0173 odai &scaron;ilkin\u012f, glotnumo &nbsp;ir subtil\u0173 aromat\u0105.<\/p>\n<p><strong>Naudojimas: <\/strong>Tepkite masa\u017eo judesiais ant &scaron;varios, sausos rank\u0173 odos.<\/p>\n<p>Laikyti nuo +5 &deg;C iki +25 &deg;C temperat\u016broje<br \/>\n&nbsp;<\/p>\n","protected":false},"excerpt":{"rendered":"<p>&Scaron;velnus kremas su vertingais ekstraktais ir aliejais dr\u0117kina, suteikia rank\u0173 odai &scaron;ilkin\u012f, glotnumo &nbsp;ir subtil\u0173 aromat\u0105. Naudojimas: Tepkite masa\u017eo judesiais ant &scaron;varios, sausos rank\u0173 odos. Laikyti nuo +5 &deg;C iki +25 &deg;C temperat\u016broje &nbsp;<\/p>\n","protected":false},"featured_media":89234,"template":"","meta":[],"product_cat":[1745],"product_tag":[],"class_list":{"0":"post-31415","1":"product","2":"type-product","3":"status-publish","4":"has-post-thumbnail","6":"product_brand-belkosmex_by-lt","7":"product_cat-nagu-prieziura-ranku-prieziura","9":"first","10":"outofstock","11":"taxable","12":"shipping-taxable","13":"product-type-simple"},"_links":{"self":[{"href":"https:\/\/e.kosmolat.eu\/lt\/wp-json\/wp\/v2\/product\/31415","targetHints":{"allow":["GET"]}}],"collection":[{"href":"https:\/\/e.kosmolat.eu\/lt\/wp-json\/wp\/v2\/product"}],"about":[{"href":"https:\/\/e.kosmolat.eu\/lt\/wp-json\/wp\/v2\/types\/product"}],"wp:featuredmedia":[{"embeddable":true,"href":"https:\/\/e.kosmolat.eu\/lt\/wp-json\/wp\/v2\/media\/89234"}],"wp:attachment":[{"href":"https:\/\/e.kosmolat.eu\/lt\/wp-json\/wp\/v2\/media?parent=31415"}],"wp:term":[{"taxonomy":"product_cat","embeddable":true,"href":"https:\/\/e.kosmolat.eu\/lt\/wp-json\/wp\/v2\/product_cat?post=31415"},{"taxonomy":"product_tag","embeddable":true,"href":"https:\/\/e.kosmolat.eu\/lt\/wp-json\/wp\/v2\/product_tag?post=31415"}],"curies":[{"name":"wp","href":"https:\/\/api.w.org\/{rel}","templated":true}]}}