{"id":31411,"date":"2023-12-19T22:22:56","date_gmt":"2023-12-19T22:22:56","guid":{"rendered":"https:\/\/e.kosmolat.eu\/product\/poc-hand-cream-mitrinoss-roku-balzams-30-g\/"},"modified":"2025-09-20T01:41:20","modified_gmt":"2025-09-20T01:41:20","slug":"poc-hand-cream-mitrinoss-roku-balzams-30-g","status":"publish","type":"product","link":"https:\/\/e.kosmolat.eu\/lt\/produktas\/poc-hand-cream-mitrinoss-roku-balzams-30-g\/","title":{"rendered":"BELKOSMEX Pockets\u2019 Hand Cream Balzamas rankoms Dr\u0117kinamasis, 30 g"},"content":{"rendered":"<p>Balzame esantis dr\u0117kinamasis kompleksas greitai pa&scaron;alina sausum\u0105 ir tempimo jausm\u0105 bei palaiko reikiam\u0105 dr\u0117gm\u0117s lyg\u012f.<\/p>\n<p><strong>Naudojimas:<\/strong> Tepkite masa\u017eo judesiais ant &scaron;varios, sausos rank\u0173 odos.<\/p>\n<p>Laikyti nuo +5 &deg;C iki +25 &deg;C temperat\u016broje.<br \/>\n&nbsp;<\/p>\n","protected":false},"excerpt":{"rendered":"<p>Balzame esantis dr\u0117kinamasis kompleksas greitai pa&scaron;alina sausum\u0105 ir tempimo jausm\u0105 bei palaiko reikiam\u0105 dr\u0117gm\u0117s lyg\u012f. Naudojimas: Tepkite masa\u017eo judesiais ant &scaron;varios, sausos rank\u0173 odos. Laikyti nuo +5 &deg;C iki +25 &deg;C temperat\u016broje. &nbsp;<\/p>\n","protected":false},"featured_media":89230,"template":"","meta":[],"product_cat":[1304],"product_tag":[],"class_list":{"0":"post-31411","1":"product","2":"type-product","3":"status-publish","4":"has-post-thumbnail","6":"product_brand-belkosmex_by-lt","7":"product_cat-ranku-prieziuros-kosmetika","9":"first","10":"outofstock","11":"taxable","12":"shipping-taxable","13":"product-type-simple"},"_links":{"self":[{"href":"https:\/\/e.kosmolat.eu\/lt\/wp-json\/wp\/v2\/product\/31411","targetHints":{"allow":["GET"]}}],"collection":[{"href":"https:\/\/e.kosmolat.eu\/lt\/wp-json\/wp\/v2\/product"}],"about":[{"href":"https:\/\/e.kosmolat.eu\/lt\/wp-json\/wp\/v2\/types\/product"}],"wp:featuredmedia":[{"embeddable":true,"href":"https:\/\/e.kosmolat.eu\/lt\/wp-json\/wp\/v2\/media\/89230"}],"wp:attachment":[{"href":"https:\/\/e.kosmolat.eu\/lt\/wp-json\/wp\/v2\/media?parent=31411"}],"wp:term":[{"taxonomy":"product_cat","embeddable":true,"href":"https:\/\/e.kosmolat.eu\/lt\/wp-json\/wp\/v2\/product_cat?post=31411"},{"taxonomy":"product_tag","embeddable":true,"href":"https:\/\/e.kosmolat.eu\/lt\/wp-json\/wp\/v2\/product_tag?post=31411"}],"curies":[{"name":"wp","href":"https:\/\/api.w.org\/{rel}","templated":true}]}}