{"id":31407,"date":"2023-12-19T22:22:28","date_gmt":"2023-12-19T22:22:28","guid":{"rendered":"https:\/\/e.kosmolat.eu\/product\/hyaluron-deep-hydration-sejas-mazg-putas-intens-mitr-un-maiga-attir-165-ml\/"},"modified":"2025-09-20T01:41:08","modified_gmt":"2025-09-20T01:41:08","slug":"hyaluron-dh-sejas-mazg-putas-intens-mitr-un-maiga-attir-165-ml","status":"publish","type":"product","link":"https:\/\/e.kosmolat.eu\/lt\/produktas\/hyaluron-dh-sejas-mazg-putas-intens-mitr-un-maiga-attir-165-ml\/","title":{"rendered":"BELKOSMEX Hyaluron Deep Hydration valomosios putos Intensyviai dr\u0117kinan\u010dios ir \u0161velniai valan\u010dios, 1"},"content":{"rendered":"<p>&Scaron;veln\u016bs valantys komponentai gintaro r\u016bg&scaron;ties druskos ir kokos\u0173 aliejaus pagrindu kartu su didel\u0117s molekulin\u0117s mas\u0117s hialurono r\u016bg&scaron;timi efektyviai valo od\u0105, i&scaron;laiko nat\u016bral\u0173 dr\u0117gm\u0117s lyg\u012f ir nepa\u017eeid\u017eia pH lygio &scaron;alia odos.Sud\u0117tyje esantis pantenolis ir alantoinas lygina od\u0105, ma\u017eina &scaron;erpetojim\u0105, ramina ir i&scaron;lygina mikroreljef\u0105, tod\u0117l oda tampa &scaron;vari, lygi ir &scaron;ilkin\u0117.<\/p>\n<p>Tinka visiems odos tipams.<\/p>\n<p><strong>Naudojimas: <\/strong>nedidel\u012f kiek\u012f put\u0173 u\u017etepkite ant dr\u0117gnos odos, masa\u017euokite, nuplaukite vandeniu.<\/p>\n<p>Laikyti nuo +5 &deg;\u0421 iki +25 &deg;\u0421 temperat\u016broje saugoti nuo tiesiogini\u0173 saul\u0117s spinduli\u0173.<\/p>\n<p><strong>Geriausias:<\/strong> 36 m\u0117nesiai nuo pagaminimo datos.<\/p>\n","protected":false},"excerpt":{"rendered":"<p>&Scaron;veln\u016bs valantys komponentai gintaro r\u016bg&scaron;ties druskos ir kokos\u0173 aliejaus pagrindu kartu su didel\u0117s molekulin\u0117s mas\u0117s hialurono r\u016bg&scaron;timi efektyviai valo od\u0105, i&scaron;laiko nat\u016bral\u0173 dr\u0117gm\u0117s lyg\u012f ir nepa\u017eeid\u017eia pH lygio &scaron;alia odos.Sud\u0117tyje esantis pantenolis ir alantoinas lygina od\u0105, ma\u017eina &scaron;erpetojim\u0105, ramina ir i&scaron;lygina mikroreljef\u0105, tod\u0117l oda tampa &scaron;vari, lygi ir &scaron;ilkin\u0117. Tinka visiems odos tipams. Naudojimas: nedidel\u012f [&#8230;]\n","protected":false},"featured_media":89226,"template":"","meta":[],"product_cat":[1835],"product_tag":[],"class_list":{"0":"post-31407","1":"product","2":"type-product","3":"status-publish","4":"has-post-thumbnail","6":"product_brand-belkosmex_by-lt","7":"product_cat-prausimosi-putos","9":"first","10":"outofstock","11":"taxable","12":"shipping-taxable","13":"product-type-simple"},"_links":{"self":[{"href":"https:\/\/e.kosmolat.eu\/lt\/wp-json\/wp\/v2\/product\/31407","targetHints":{"allow":["GET"]}}],"collection":[{"href":"https:\/\/e.kosmolat.eu\/lt\/wp-json\/wp\/v2\/product"}],"about":[{"href":"https:\/\/e.kosmolat.eu\/lt\/wp-json\/wp\/v2\/types\/product"}],"wp:featuredmedia":[{"embeddable":true,"href":"https:\/\/e.kosmolat.eu\/lt\/wp-json\/wp\/v2\/media\/89226"}],"wp:attachment":[{"href":"https:\/\/e.kosmolat.eu\/lt\/wp-json\/wp\/v2\/media?parent=31407"}],"wp:term":[{"taxonomy":"product_cat","embeddable":true,"href":"https:\/\/e.kosmolat.eu\/lt\/wp-json\/wp\/v2\/product_cat?post=31407"},{"taxonomy":"product_tag","embeddable":true,"href":"https:\/\/e.kosmolat.eu\/lt\/wp-json\/wp\/v2\/product_tag?post=31407"}],"curies":[{"name":"wp","href":"https:\/\/api.w.org\/{rel}","templated":true}]}}