{"id":31403,"date":"2023-12-19T22:22:05","date_gmt":"2023-12-19T22:22:05","guid":{"rendered":"https:\/\/e.kosmolat.eu\/product\/hyaluron-deep-hydration-mic-ud-intens-mitr-un-viegla-makij-nonems-500-ml\/"},"modified":"2025-09-20T01:40:54","modified_gmt":"2025-09-20T01:40:54","slug":"hyaluron-dh-mic-ud-intens-mitr-un-viegla-makij-nonems-500-ml","status":"publish","type":"product","link":"https:\/\/e.kosmolat.eu\/lt\/produktas\/hyaluron-dh-mic-ud-intens-mitr-un-viegla-makij-nonems-500-ml\/","title":{"rendered":"BELKOSMEX Hyaluron Deep Hydration Micelinis vanduo intensyvus dr\u0117kinimas ir lengvas makia\u017eo pa\u0161alini"},"content":{"rendered":"<p>Micel\u0117s gintaro r\u016bg&scaron;ties ir kukur\u016bz\u0173 krakmolo pagrindu.&nbsp;Idealiai pa&scaron;alinkite menkiausias ne&scaron;varum\u0173 daleles, riebalus ir makia\u017eo liku\u010dius, nepa\u017eeisdami apsauginio hidrolipidinio sluoksnio ir palaiko nat\u016bral\u0173 odos pH.&nbsp;Betainas, nat\u016bralus dr\u0117kinamasis ingredientas i&scaron; cukrini\u0173 runkeli\u0173, palaiko optimal\u0173 vandens balans\u0105, saugo nuo stangrumo ir &scaron;erpetojimo, efektyviai atkuria komfort\u0105 net ir jautriausiai odai, u\u017epildo j\u0105 nat\u016braliu &scaron;vyt\u0117jimu ir gyvybingumu.&nbsp;Didel\u0117s molekulin\u0117s mas\u0117s hialurono r\u016bg&scaron;tis sukuria odos pavir&scaron;iuje molekuli\u0173 tinkl\u0105, kuris sulaiko dr\u0117gm\u0119 vir&scaron;utiniuose odos sluoksniuose, tod\u0117l i&scaron; vidaus ji tampa lygi, dr\u0117kinama ir &scaron;vytinti.<\/p>\n<p>Vis\u0173 tip\u0173 odai. Tinka aki\u0173 ir l\u016bp\u0173 makia\u017eui nuvalyti.<\/p>\n<p><strong>Naudojimas:<\/strong> u\u017etepkite produkt\u0105 ant vatos diskelio, &scaron;velniai nuvalykite od\u0105 i&scaron;ilgai masa\u017eo linij\u0173, nuplaukite vandeniu.<\/p>\n<p>Laikyti nuo +5 &deg;\u0421 iki +25 &deg;\u0421 temperat\u016broje saugoti nuo tiesiogini\u0173 saul\u0117s spinduli\u0173.<\/p>\n<p><strong>Geriausias:<\/strong> 36 m\u0117nesiai nuo pagaminimo datos.<br \/>\n&nbsp;<\/p>\n","protected":false},"excerpt":{"rendered":"<p>Micel\u0117s gintaro r\u016bg&scaron;ties ir kukur\u016bz\u0173 krakmolo pagrindu.&nbsp;Idealiai pa&scaron;alinkite menkiausias ne&scaron;varum\u0173 daleles, riebalus ir makia\u017eo liku\u010dius, nepa\u017eeisdami apsauginio hidrolipidinio sluoksnio ir palaiko nat\u016bral\u0173 odos pH.&nbsp;Betainas, nat\u016bralus dr\u0117kinamasis ingredientas i&scaron; cukrini\u0173 runkeli\u0173, palaiko optimal\u0173 vandens balans\u0105, saugo nuo stangrumo ir &scaron;erpetojimo, efektyviai atkuria komfort\u0105 net ir jautriausiai odai, u\u017epildo j\u0105 nat\u016braliu &scaron;vyt\u0117jimu ir gyvybingumu.&nbsp;Didel\u0117s molekulin\u0117s mas\u0117s hialurono [&#8230;]\n","protected":false},"featured_media":89222,"template":"","meta":[],"product_cat":[1570],"product_tag":[],"class_list":{"0":"post-31403","1":"product","2":"type-product","3":"status-publish","4":"has-post-thumbnail","6":"product_brand-belkosmex_by-lt","7":"product_cat-micelinis-vanduo","9":"first","10":"outofstock","11":"taxable","12":"shipping-taxable","13":"product-type-simple"},"_links":{"self":[{"href":"https:\/\/e.kosmolat.eu\/lt\/wp-json\/wp\/v2\/product\/31403","targetHints":{"allow":["GET"]}}],"collection":[{"href":"https:\/\/e.kosmolat.eu\/lt\/wp-json\/wp\/v2\/product"}],"about":[{"href":"https:\/\/e.kosmolat.eu\/lt\/wp-json\/wp\/v2\/types\/product"}],"wp:featuredmedia":[{"embeddable":true,"href":"https:\/\/e.kosmolat.eu\/lt\/wp-json\/wp\/v2\/media\/89222"}],"wp:attachment":[{"href":"https:\/\/e.kosmolat.eu\/lt\/wp-json\/wp\/v2\/media?parent=31403"}],"wp:term":[{"taxonomy":"product_cat","embeddable":true,"href":"https:\/\/e.kosmolat.eu\/lt\/wp-json\/wp\/v2\/product_cat?post=31403"},{"taxonomy":"product_tag","embeddable":true,"href":"https:\/\/e.kosmolat.eu\/lt\/wp-json\/wp\/v2\/product_tag?post=31403"}],"curies":[{"name":"wp","href":"https:\/\/api.w.org\/{rel}","templated":true}]}}