{"id":31399,"date":"2023-12-19T22:21:42","date_gmt":"2023-12-19T22:21:42","guid":{"rendered":"https:\/\/e.kosmolat.eu\/product\/retinol-skin-perfecting-attiros-kr-zel-150-g\/"},"modified":"2025-09-20T01:40:03","modified_gmt":"2025-09-20T01:40:03","slug":"retinol-skin-perfecting-attiros-kr-zel-150-g","status":"publish","type":"product","link":"https:\/\/e.kosmolat.eu\/lt\/produktas\/retinol-skin-perfecting-attiros-kr-zel-150-g\/","title":{"rendered":"BELKOSMEX Retinol Skin Perfecting Cream-gelinis prausiklis, 150 g"},"content":{"rendered":"<p>Subtilus kremin\u0117s tekst\u016bros produktas, skirtas veido odos valymui nuo ne&scaron;varum\u0173, makia\u017eo ir riebal\u0173 pertekliaus. Spherulite&reg; R10 yra naujovi&scaron;ka retinolio formul\u0117 daugiasluoksn\u0117se kristalin\u0117se mikrokapsul\u0117se, kurios u\u017etikrina geresn\u012f &nbsp;\u012fsiskverbim\u0105, l\u0117tai atpalaiduoja retinol\u012f ir u\u017ekerta keli\u0105 nepageidaujamoms reakcijoms, efektyviai atsinaujina, atkuria, stangrina ir visapusi&scaron;kai pri\u017ei\u016br\u0117s od\u0105 nuo sen\u0117jimo. \u017daliosios arbatos ekstraktas yra galingas antioksidantas, i&scaron;lygina odos atspalv\u012f ir pagreitina odos atsinaujinim\u0105, atkuria vandens balans\u0105 ir stiprina kraujagysli\u0173 bei kapiliar\u0173 sieneles.<\/p>\n<p>Sud\u0117tyje yra vitamino A. Prie&scaron; naudojant atsi\u017evelgti \u012f paros doze.<\/p>\n<p><strong>Naudojimas:<\/strong> tepkite krem\u0105-gel\u012f ant dr\u0117gnos veido ir kaklo odos, &scaron;velniai masa\u017euokite sukamaisiais judesiais, nuplaukite vandeniu.<\/p>\n<p>Laikyti nuo +5 &deg;C iki +25 &deg;C temperat\u016broje, saugoti nuo tiesiogini\u0173 saul\u0117s spinduli\u0173.<\/p>\n<p>&nbsp;<\/p>\n","protected":false},"excerpt":{"rendered":"<p>Subtilus kremin\u0117s tekst\u016bros produktas, skirtas veido odos valymui nuo ne&scaron;varum\u0173, makia\u017eo ir riebal\u0173 pertekliaus. Spherulite&reg; R10 yra naujovi&scaron;ka retinolio formul\u0117 daugiasluoksn\u0117se kristalin\u0117se mikrokapsul\u0117se, kurios u\u017etikrina geresn\u012f &nbsp;\u012fsiskverbim\u0105, l\u0117tai atpalaiduoja retinol\u012f ir u\u017ekerta keli\u0105 nepageidaujamoms reakcijoms, efektyviai atsinaujina, atkuria, stangrina ir visapusi&scaron;kai pri\u017ei\u016br\u0117s od\u0105 nuo sen\u0117jimo. \u017daliosios arbatos ekstraktas yra galingas antioksidantas, i&scaron;lygina odos atspalv\u012f ir [&#8230;]\n","protected":false},"featured_media":89210,"template":"","meta":[],"product_cat":[1835],"product_tag":[],"class_list":{"0":"post-31399","1":"product","2":"type-product","3":"status-publish","4":"has-post-thumbnail","6":"product_brand-belkosmex_by-lt","7":"product_cat-prausimosi-putos","9":"first","10":"outofstock","11":"taxable","12":"shipping-taxable","13":"product-type-simple"},"_links":{"self":[{"href":"https:\/\/e.kosmolat.eu\/lt\/wp-json\/wp\/v2\/product\/31399","targetHints":{"allow":["GET"]}}],"collection":[{"href":"https:\/\/e.kosmolat.eu\/lt\/wp-json\/wp\/v2\/product"}],"about":[{"href":"https:\/\/e.kosmolat.eu\/lt\/wp-json\/wp\/v2\/types\/product"}],"wp:featuredmedia":[{"embeddable":true,"href":"https:\/\/e.kosmolat.eu\/lt\/wp-json\/wp\/v2\/media\/89210"}],"wp:attachment":[{"href":"https:\/\/e.kosmolat.eu\/lt\/wp-json\/wp\/v2\/media?parent=31399"}],"wp:term":[{"taxonomy":"product_cat","embeddable":true,"href":"https:\/\/e.kosmolat.eu\/lt\/wp-json\/wp\/v2\/product_cat?post=31399"},{"taxonomy":"product_tag","embeddable":true,"href":"https:\/\/e.kosmolat.eu\/lt\/wp-json\/wp\/v2\/product_tag?post=31399"}],"curies":[{"name":"wp","href":"https:\/\/api.w.org\/{rel}","templated":true}]}}