{"id":31395,"date":"2023-12-19T22:21:17","date_gmt":"2023-12-19T22:21:17","guid":{"rendered":"https:\/\/e.kosmolat.eu\/product\/retinol-skin-perfec-pretnovec-sejas-emulsija-spf15-30-g\/"},"modified":"2025-09-20T01:39:47","modified_gmt":"2025-09-20T01:39:47","slug":"retinol-skin-perfec-pretnovec-sejas-emulsija-spf15-30-g","status":"publish","type":"product","link":"https:\/\/e.kosmolat.eu\/lt\/produktas\/retinol-skin-perfec-pretnovec-sejas-emulsija-spf15-30-g\/","title":{"rendered":"BELKOSMEX Retinol Skin Perfecting Anti-sen\u0117jimo veido emulsija SPF 15, 30 g"},"content":{"rendered":"<p>Sud\u0117tyje esantis vitaminas E ir taukmed\u017ei\u0173 sviestas padeda i&scaron;saugoti vitamin\u0105 A odoje ir turi mink&scaron;tinam\u0105j\u012f bei dr\u0117kinam\u0105j\u012f poveik\u012f. \u017daliosios arbatos ekstraktas yra galingas antioksidantas, i&scaron;lygina odos atspalv\u012f ir pagreitina odos atsinaujinim\u0105, atkuria vandens balans\u0105 ir stiprina kraujagysli\u0173 bei kapiliar\u0173 sieneles. Sud\u0117tyje esantis UV filtras u\u017etikrina patikim\u0105 ir ilgalaik\u0119 apsaug\u0105 nuo laisv\u0173j\u0173 radikal\u0173, apsaugo nuo prie&scaron;laikinio sen\u0117jimo ir veido odos pa\u017eeidim\u0173. Novatori&scaron;koje formul\u0117je Spherulite&reg; R10 esantis retinolis suma\u017eina rauk&scaron;li\u0173 skai\u010di\u0173 ir gyl\u012f, didina odos tank\u012f, &scaron;viesina am\u017eiaus d\u0117mes, valo ir sutraukia poras, i&scaron;lygina mikroreljef\u0105 ir gerina veido spalv\u0105, didina odos stangrum\u0105 ir elastingum\u0105.<\/p>\n<p>Sud\u0117tyje yra vitamino A. Prie&scaron; naudojant atsi\u017evelgti \u012f paros doze.<\/p>\n<p><strong>Naudojimas:<\/strong> nedidel\u012f kiek\u012f emulsijos paskirstykite ant &scaron;varios veido ir kaklo odos i&scaron;ilgai masa\u017eo linij\u0173.<\/p>\n<p>Laikyti nuo +5 &deg;C iki +25 &deg;C temperat\u016broje, saugoti nuo tiesiogini\u0173 saul\u0117s spinduli\u0173.<br \/>\n&nbsp;<\/p>\n","protected":false},"excerpt":{"rendered":"<p>Sud\u0117tyje esantis vitaminas E ir taukmed\u017ei\u0173 sviestas padeda i&scaron;saugoti vitamin\u0105 A odoje ir turi mink&scaron;tinam\u0105j\u012f bei dr\u0117kinam\u0105j\u012f poveik\u012f. \u017daliosios arbatos ekstraktas yra galingas antioksidantas, i&scaron;lygina odos atspalv\u012f ir pagreitina odos atsinaujinim\u0105, atkuria vandens balans\u0105 ir stiprina kraujagysli\u0173 bei kapiliar\u0173 sieneles. Sud\u0117tyje esantis UV filtras u\u017etikrina patikim\u0105 ir ilgalaik\u0119 apsaug\u0105 nuo laisv\u0173j\u0173 radikal\u0173, apsaugo nuo prie&scaron;laikinio [&#8230;]\n","protected":false},"featured_media":89206,"template":"","meta":[],"product_cat":[1327],"product_tag":[],"class_list":{"0":"post-31395","1":"product","2":"type-product","3":"status-publish","4":"has-post-thumbnail","6":"product_brand-belkosmex_by-lt","7":"product_cat-serumai","9":"first","10":"outofstock","11":"taxable","12":"shipping-taxable","13":"product-type-simple"},"_links":{"self":[{"href":"https:\/\/e.kosmolat.eu\/lt\/wp-json\/wp\/v2\/product\/31395","targetHints":{"allow":["GET"]}}],"collection":[{"href":"https:\/\/e.kosmolat.eu\/lt\/wp-json\/wp\/v2\/product"}],"about":[{"href":"https:\/\/e.kosmolat.eu\/lt\/wp-json\/wp\/v2\/types\/product"}],"wp:featuredmedia":[{"embeddable":true,"href":"https:\/\/e.kosmolat.eu\/lt\/wp-json\/wp\/v2\/media\/89206"}],"wp:attachment":[{"href":"https:\/\/e.kosmolat.eu\/lt\/wp-json\/wp\/v2\/media?parent=31395"}],"wp:term":[{"taxonomy":"product_cat","embeddable":true,"href":"https:\/\/e.kosmolat.eu\/lt\/wp-json\/wp\/v2\/product_cat?post=31395"},{"taxonomy":"product_tag","embeddable":true,"href":"https:\/\/e.kosmolat.eu\/lt\/wp-json\/wp\/v2\/product_tag?post=31395"}],"curies":[{"name":"wp","href":"https:\/\/api.w.org\/{rel}","templated":true}]}}