{"id":31391,"date":"2023-12-19T22:20:59","date_gmt":"2023-12-19T22:20:59","guid":{"rendered":"https:\/\/e.kosmolat.eu\/product\/retinol-skin-perfecting-kremv-sejas-pil-efekt-atjauninas-30-g\/"},"modified":"2025-09-20T01:39:32","modified_gmt":"2025-09-20T01:39:32","slug":"retinol-skin-perfecting-kremv-sejas-pil-efekt-atjauninas-30-g","status":"publish","type":"product","link":"https:\/\/e.kosmolat.eu\/lt\/produktas\/retinol-skin-perfecting-kremv-sejas-pil-efekt-atjauninas-30-g\/","title":{"rendered":"BELKOSMEX Retinol Skin Perfecting Kreminis veido pilingas efektyvus atjauninimas, 30 g"},"content":{"rendered":"<p>Sud\u0117tyje esantis vitaminas E padeda i&scaron;saugoti vitamin\u0105 A odoje, saugo od\u0105 nuo ankstyvo sen\u0117jimo po\u017eymi\u0173 ir yra b\u016btinas efektyviam deguonies \u012fsisavinimui odos l\u0105stel\u0117se. Taukmed\u017ei\u0173 sviestas ir sald\u017ei\u0173j\u0173 migdol\u0173 sviestas mink&scaron;tina ir ramina od\u0105, saugo nuo UV spinduli\u0173, atkuria vandens ir lipid\u0173 balans\u0105 odoje. Novatori&scaron;koje formul\u0117je Spherulite&reg; R10 esantis retinolis suma\u017eina rauk&scaron;li\u0173 skai\u010di\u0173 ir gyl\u012f, didina odos tank\u012f, &scaron;viesina am\u017eiaus d\u0117mes, valo ir sutraukia poras, i&scaron;lygina mikroreljef\u0105 ir gerina veido spalv\u0105, didina odos stangrum\u0105 ir elastingum\u0105.<\/p>\n<p><strong>Naudojimas:<\/strong> tepti ant nuvalytos veido odos nak\u010diai, nuskalauti nereikia. Ryte tepkite krem\u0105 nuo saul\u0117s. Nenaudoti ant jautrios ir\/ar pa\u017eeistos odos.<\/p>\n<p>Laikyti nuo +5 &deg;C iki +25 &deg;C temperat\u016broje, saugoti nuo tiesiogini\u0173 saul\u0117s spinduli\u0173.<br \/>\n&nbsp;<\/p>\n<p>&nbsp;<\/p>\n","protected":false},"excerpt":{"rendered":"<p>Sud\u0117tyje esantis vitaminas E padeda i&scaron;saugoti vitamin\u0105 A odoje, saugo od\u0105 nuo ankstyvo sen\u0117jimo po\u017eymi\u0173 ir yra b\u016btinas efektyviam deguonies \u012fsisavinimui odos l\u0105stel\u0117se. Taukmed\u017ei\u0173 sviestas ir sald\u017ei\u0173j\u0173 migdol\u0173 sviestas mink&scaron;tina ir ramina od\u0105, saugo nuo UV spinduli\u0173, atkuria vandens ir lipid\u0173 balans\u0105 odoje. Novatori&scaron;koje formul\u0117je Spherulite&reg; R10 esantis retinolis suma\u017eina rauk&scaron;li\u0173 skai\u010di\u0173 ir gyl\u012f, didina [&#8230;]\n","protected":false},"featured_media":89202,"template":"","meta":[],"product_cat":[1359],"product_tag":[],"class_list":{"0":"post-31391","1":"product","2":"type-product","3":"status-publish","4":"has-post-thumbnail","6":"product_brand-belkosmex_by-lt","7":"product_cat-kuno-sveitikliai-ir-pilingai","9":"first","10":"outofstock","11":"taxable","12":"shipping-taxable","13":"product-type-simple"},"_links":{"self":[{"href":"https:\/\/e.kosmolat.eu\/lt\/wp-json\/wp\/v2\/product\/31391","targetHints":{"allow":["GET"]}}],"collection":[{"href":"https:\/\/e.kosmolat.eu\/lt\/wp-json\/wp\/v2\/product"}],"about":[{"href":"https:\/\/e.kosmolat.eu\/lt\/wp-json\/wp\/v2\/types\/product"}],"wp:featuredmedia":[{"embeddable":true,"href":"https:\/\/e.kosmolat.eu\/lt\/wp-json\/wp\/v2\/media\/89202"}],"wp:attachment":[{"href":"https:\/\/e.kosmolat.eu\/lt\/wp-json\/wp\/v2\/media?parent=31391"}],"wp:term":[{"taxonomy":"product_cat","embeddable":true,"href":"https:\/\/e.kosmolat.eu\/lt\/wp-json\/wp\/v2\/product_cat?post=31391"},{"taxonomy":"product_tag","embeddable":true,"href":"https:\/\/e.kosmolat.eu\/lt\/wp-json\/wp\/v2\/product_tag?post=31391"}],"curies":[{"name":"wp","href":"https:\/\/api.w.org\/{rel}","templated":true}]}}